{"id":15040,"date":"2025-08-19T08:56:00","date_gmt":"2025-08-19T08:56:00","guid":{"rendered":"https:\/\/hanwuji.shengjit.com\/?post_type=product&#038;p=15040"},"modified":"2026-02-13T01:23:51","modified_gmt":"2026-02-13T01:23:51","slug":"2007-2013-acura-mdx-rdx-anahtar-kapagi-5111-stx-326","status":"publish","type":"product","link":"https:\/\/keylessbest.com\/tr\/product\/2007-2013-acura-mdx-rdx-anahtar-kapagi-5111-stx-326\/","title":{"rendered":"2007-2013 Acura MDX RDX Anahtar Anahtarl\u0131k 5111-STX-326"},"content":{"rendered":"<p>*Bu 2007 \u2013 2013 Acura anahtars\u0131z uzaktan kumanda anahtar\u0131n\u0131n detayl\u0131 bilgileri a\u015fa\u011f\u0131daki gibidir. L\u00fctfen sipari\u015f vermeden \u00f6nce a\u015fa\u011f\u0131daki detaylar\u0131n arac\u0131n\u0131zla uydu\u011fundan emin olun: FCC Kimli\u011fi, Par\u00e7a Numaras\u0131, Y\u0131l Model, IC, Frekans, \u00c7ip ve D\u00fc\u011fmeler.<\/p>\n<h6><strong><b>\u00dcr\u00fcn Bilgisi: <\/b><\/strong><\/h6>\n<ul>\n<li>FCC Kimli\u011fi: N5F0602A1A, N5F0602AIA<\/li>\n<li>PN: 35111-STX-326, 35111-STX-329<\/li>\n<li>IC: 3248A-0602A1A<\/li>\n<li>Frekans: 313.8MHz<\/li>\n<li>\u00c7ip: ID46<\/li>\n<li>Tu\u015flar: Kilit, A\u00e7, Bagaj, Panik<\/li>\n<\/ul>\n<h6><strong><b>Referans model:<\/b><\/strong><\/h6>\n<ul>\n<li>2007 \u2013 2013 Acura MDX<\/li>\n<li><a href=\"https:\/\/keylessbest.com\/tr\/product\/2009-2014-toyota-avalon-camry-corolla-3-tuslu-anahtarsiz-giris-uzaktan-kumanda-hyq14aem-pn-89904-0r060-89904-60770-89904-0r090-89904-42140__trashed\/\" data-wpil-monitor-id=\"614\">2008 &#8211; 2009<\/a> Acura RDX<\/li>\n<\/ul>\n<h6><strong><b>Paket \u0130\u00e7eri\u011fi:<\/b><\/strong><\/h6>\n<ul>\n<li>Yeni bir yan sanayi <a href=\"https:\/\/keylessbest.com\/tr\/product\/2011-2017-ford-fiesta-3-tuslu-anahtarsiz-giris-uzaktan-kumanda-kr55wk47899-pn164-r8042-uzaktan-kumanda-164-r8043-bicak-164-r8042-164-r8039-5913139-5914117-4d63-80bit__trashed\/\" data-wpil-monitor-id=\"617\">anahtars\u0131z uzaktan kumanda<\/a><\/li>\n<li>\u00dccretsiz piyasa sonras\u0131 acil durum takma anahtar<\/li>\n<li>T\u00fcm vericiler pil ile gelir<\/li>\n<li>T\u00fcm \u00fcniteler sevkiyat \u00f6ncesi test edilmi\u015ftir<\/li>\n<li>2 y\u0131l 100% memnuniyet garantisi ve garanti<\/li>\n<\/ul>\n<h6><strong><b>Not:<\/b><\/strong><\/h6>\n<ul>\n<li>2007 \u2013 2013 Acura ak\u0131ll\u0131 anahtars\u0131z giri\u015f anahtar\u0131 yedek par\u00e7as\u0131 \u2013 logo olmadan, kesilmemi\u015f acil durum anahtar\u0131n\u0131 i\u00e7eren.<\/li>\n<li>Biz kesmiyoruz veya programlam\u0131yoruz <a href=\"https:\/\/keylessbest.com\/tr\/keylessbestarabaanahtarfobshop\/\" data-wpil-monitor-id=\"619\">uzaktan anahtar<\/a>.Ayr\u0131ca, fiyatland\u0131rma i\u00e7in l\u00fctfen yerel \u00e7ilingir veya bayiye ula\u015f\u0131n.<\/li>\n<li>Bu verici, g\u00f6sterge panelinde ba\u015flat\/durdur d\u00fc\u011fmesi veya d\u00f6nd\u00fcrmeli anahtar ate\u015fleme bulunan ara\u00e7larla uyumludur, ayr\u0131ca bir proxy ile birlikte <a href=\"https:\/\/keylessbest.com\/tr\/product\/2016-2022-chevrolet-volt-cruze-yeni-model-traverse-camaro-malibu-cruze-xl8-sistemleri-sadece-blazer-sonic-4-dugme-anahtarsiz-giris-uzaktan-hyq4ea-pn-1350877113584504-13529660-46\/\" data-wpil-monitor-id=\"618\">anahtars\u0131z giri\u015f<\/a> sistemi.<\/li>\n<li>Fiyat tek bir tam <a href=\"https:\/\/keylessbest.com\/tr\/product\/2015-2021-jeep-renegade-5-tuslu-anahtarsiz-giris-uzaktan-kumanda-m3n-40821302-yerine-gecer-pn-6mp33dx9aa-id-47-4a__trashed\/\" data-wpil-monitor-id=\"615\">de\u011fi\u015fim anahtars\u0131z giri\u015f uzaktan kumanda<\/a>, acil durum anahtar\u0131 dahil.<\/li>\n<li>Bu nedenle, kesinlikle tavsiye ederiz ki \u00a0<a href=\"https:\/\/keylessbest.com\/tr\/herhangi-bir-araba-icin-hizli-ve-kolay-anahtar-anahtarlik-programlama-adimlari\/\" data-wpil-monitor-id=\"616\">ANAHTAR KUTUSUNUZUN PROGRAMLANMASINI<\/a> \u00f6nermekteyiz.<\/li>\n<\/ul>\n<h6><strong><b>Programlama Kaynaklar\u0131<\/b><\/strong><\/h6>\n<p><a href=\"http:\/\/programyourfob.com\/?list_1\/\" target=\"_blank\" rel=\"noopener\">http:\/\/programyourfob.com\/?list_1\/<\/a><\/p>\n<p>Bizi tercih etti\u011finiz i\u00e7in te\u015fekk\u00fcr ederiz.<\/p>\n<p>Biz, otomobil anahtarlar\u0131, anahtars\u0131z giri\u015f sistemi, <a href=\"https:\/\/keylessbest.com\/tr\/product\/2004-2010-lexus-es330-rx330-rx350-rx400h-rx450h-3-tuslu-anahtarsiz-giris-uzaktan-kumanda-hyq12bbt-pnrhk-lexus-3b2-89070-48821-89070-48820-4d-68\/\" data-wpil-monitor-id=\"613\">araba anahtar uzaktan kumandas\u0131<\/a>, transponder \u00e7ipleri, anahtar programlay\u0131c\u0131lar, ara\u00e7 \u00a0\u00a0anahtar kapaklar\u0131, ara\u00e7 kilitleri, \u00e7ilingir ara\u00e7lar\u0131 ve benzeri. Ayr\u0131ca, \u015eirketimiz \u00a0\u00a0profesyonel bir ekibe ve \u00fcretim hatt\u0131na sahiptir. Ayr\u0131ca, \u00e7e\u015fitli \u00fcretimlerde uzmanla\u015fm\u0131\u015f bulunmaktay\u0131z <a href=\"https:\/\/keylessbest.com\/tr\/araba-anahtarlarinizi-kaybederseniz-ne-yapmalisiniz-adim-adim-rehber-2025\/\" data-wpil-monitor-id=\"620\">araba anahtar\u0131<\/a>s, ara\u00e7 anahtar\u0131 kabuklar\u0131 ve \u00e7ilingir ara\u00e7lar\u0131 \u00fcretiminde uzmanla\u015fm\u0131\u015ft\u0131r. Ayr\u0131ca, otomobil g\u00fcvenlik ve koruma \u00fcr\u00fcnlerinin geli\u015ftirilmesi, \u00fcretimi ve toptan sat\u0131\u015f\u0131 ile ilgileniyoruz.<\/p>\n<p>Rekabet\u00e7i fiyatlar ve \u00f6zel hizmetler, size iyi bir pazar kazand\u0131rmaya yard\u0131mc\u0131 olacakt\u0131r. Ayr\u0131ca, 10'dan fazla gen\u00e7 ve enerjik sat\u0131\u015f ekibimiz her zaman h\u0131zl\u0131, profesyonel ve samimi hizmet sunar. Ayr\u0131ca, t\u00fcm \u00fcr\u00fcnlerimiz do\u011frudan Amerika Birle\u015fik Devletleri, Kanada ve Meksika'daki depolardan sevk edilmektedir. Bu nedenle, sat\u0131n ald\u0131\u011f\u0131n\u0131z \u00fcr\u00fcnler, sipari\u015f verdikten sonra 48 saat i\u00e7inde paketlenip g\u00f6nderilecektir. \u00dcr\u00fcnlerimizin 100%\u2019den fazlas\u0131 stokta bulunmaktad\u0131r ve envanterimiz yeterlidir.<\/p>","protected":false},"excerpt":{"rendered":"<ul>\n<li>SKU: CA-HD259<\/li>\n<li>FCC Kimli\u011fi: N5F0602A1A, N5F0602AIA<\/li>\n<li>PN: 35111-STX-326, 35111-STX-329<\/li>\n<li>IC: 3248A-0602A1A<\/li>\n<li>Frekans: 313.8MHz<\/li>\n<li>\u00c7ip: ID46<\/li>\n<li>Tu\u015flar: Kilit, A\u00e7, Bagaj, Panik<\/li>\n<\/ul>","protected":false},"featured_media":21156,"comment_status":"open","ping_status":"closed","template":"","meta":{"_bst_post_transparent":"default","_bst_post_title":"","_bst_post_layout":"default","_bst_post_sidebar_id":"","_bst_post_content_style":"default","_bst_post_vertical_padding":"default","_bst_post_feature":"","_bst_post_feature_position":"","_bst_post_header":false,"_bst_post_footer":false},"product_brand":[],"product_cat":[15,381],"product_tag":[],"2_year_make_model":[],"class_list":{"0":"post-15040","1":"product","2":"type-product","3":"status-publish","4":"has-post-thumbnail","6":"product_cat-carkeyremote","7":"product_cat-for-acura","9":"first","10":"instock","11":"sale","12":"shipping-taxable","13":"purchasable","14":"product-type-simple","15":"entry","16":"content-bg","17":"loop-entry"},"_links":{"self":[{"href":"https:\/\/keylessbest.com\/tr\/wp-json\/wp\/v2\/product\/15040","targetHints":{"allow":["GET"]}}],"collection":[{"href":"https:\/\/keylessbest.com\/tr\/wp-json\/wp\/v2\/product"}],"about":[{"href":"https:\/\/keylessbest.com\/tr\/wp-json\/wp\/v2\/types\/product"}],"replies":[{"embeddable":true,"href":"https:\/\/keylessbest.com\/tr\/wp-json\/wp\/v2\/comments?post=15040"}],"version-history":[{"count":3,"href":"https:\/\/keylessbest.com\/tr\/wp-json\/wp\/v2\/product\/15040\/revisions"}],"predecessor-version":[{"id":19707,"href":"https:\/\/keylessbest.com\/tr\/wp-json\/wp\/v2\/product\/15040\/revisions\/19707"}],"wp:featuredmedia":[{"embeddable":true,"href":"https:\/\/keylessbest.com\/tr\/wp-json\/wp\/v2\/media\/21156"}],"wp:attachment":[{"href":"https:\/\/keylessbest.com\/tr\/wp-json\/wp\/v2\/media?parent=15040"}],"wp:term":[{"taxonomy":"product_brand","embeddable":true,"href":"https:\/\/keylessbest.com\/tr\/wp-json\/wp\/v2\/product_brand?post=15040"},{"taxonomy":"product_cat","embeddable":true,"href":"https:\/\/keylessbest.com\/tr\/wp-json\/wp\/v2\/product_cat?post=15040"},{"taxonomy":"product_tag","embeddable":true,"href":"https:\/\/keylessbest.com\/tr\/wp-json\/wp\/v2\/product_tag?post=15040"},{"taxonomy":"2_year_make_model","embeddable":true,"href":"https:\/\/keylessbest.com\/tr\/wp-json\/wp\/v2\/2_year_make_model?post=15040"}],"curies":[{"name":"wp","href":"https:\/\/api.w.org\/{rel}","templated":true}]}}