{"id":15132,"date":"2025-08-19T08:57:40","date_gmt":"2025-08-19T08:57:40","guid":{"rendered":"https:\/\/hanwuji.shengjit.com\/?post_type=product&#038;p=15132"},"modified":"2026-02-13T01:37:45","modified_gmt":"2026-02-13T01:37:45","slug":"2009-2015-volkswagen-anahtar-kapagi-nbg009066t-315mhz-keylessbest","status":"publish","type":"product","link":"https:\/\/keylessbest.com\/tr\/product\/2009-2015-volkswagen-anahtar-kapagi-nbg009066t-315mhz-keylessbest\/","title":{"rendered":"2009 2015 Volkswagen anahtar kapa\u011f\u0131 NBG009066T 315MHz Keylessbest"},"content":{"rendered":"<p>*Bu 2006 \u2013 2015 Volkswagen anahtars\u0131z uzaktan kumanda anahtar\u0131n\u0131n detayl\u0131 bilgileri a\u015fa\u011f\u0131daki gibidir. L\u00fctfen sipari\u015f vermeden \u00f6nce a\u015fa\u011f\u0131daki detaylar\u0131n arac\u0131n\u0131zla uyumlu oldu\u011funu do\u011frulay\u0131n: FCC Kimli\u011fi, Par\u00e7a Numaras\u0131, Y\u0131l Model, IC, Frekans, \u00c7ip ve D\u00fc\u011fmeler.<\/p>\n<h6><strong><b>\u00dcr\u00fcn Bilgisi: <\/b><\/strong><\/h6>\n<ul>\n<li>FCC Kimli\u011fi: NBG009066T<\/li>\n<li>PN: HLO 3C0 959 752 N, HLO 3C0 959 752 BB, HLO 3C0 959 752 AE, HLO 3C0 959 752 AM, 3C0 959 752N, 3C0 959 752BB, 3C0 959 752AE, 3C0 959 752AM<\/li>\n<li>IC: 2694A-009066T<\/li>\n<li>Frekans: 315MHz<\/li>\n<li>\u00c7ip: ID 48<\/li>\n<li>D\u00fc\u011fmeler: Kilit, A\u00e7\u0131k, Bagaj, Panik<\/li>\n<\/ul>\n<h6><strong><b>Referans model:<\/b><\/strong><\/h6>\n<ul>\n<li>2006 \u2013 2013 Volkswagen Passat<\/li>\n<li>2009 \u2013 2015 Volkswagen CC<\/li>\n<\/ul>\n<h6><strong><b>Paket \u0130\u00e7eri\u011fi:<\/b><\/strong><\/h6>\n<ul>\n<li>Yeni bir yan sanayi <a href=\"https:\/\/keylessbest.com\/tr\/product\/2011-2017-ford-fiesta-3-tuslu-anahtarsiz-giris-uzaktan-kumanda-kr55wk47899-pn164-r8042-uzaktan-kumanda-164-r8043-bicak-164-r8042-164-r8039-5913139-5914117-4d63-80bit__trashed\/\" data-wpil-monitor-id=\"699\">anahtars\u0131z uzaktan kumanda<\/a><\/li>\n<li>\u00dccretsiz piyasa sonras\u0131 acil durum takma anahtar<\/li>\n<li>T\u00fcm vericiler pil ile gelir<\/li>\n<li>T\u00fcm \u00fcniteler sevkiyat \u00f6ncesi test edilmi\u015ftir<\/li>\n<li>2 y\u0131l 100% memnuniyet garantisi ve garanti<\/li>\n<\/ul>\n<h6><strong><b>Not:<\/b><\/strong><\/h6>\n<ul>\n<li>2006 \u2013 2015 Volkswagen ak\u0131ll\u0131 anahtars\u0131z giri\u015f anahtar\u0131 yedek par\u00e7as\u0131 \u2013 logo olmadan, kesilmemi\u015f acil durum anahtar\u0131n\u0131 i\u00e7eren.<\/li>\n<li>Biz kesmiyoruz veya programlam\u0131yoruz <a href=\"https:\/\/keylessbest.com\/tr\/keylessbestarabaanahtarfobshop\/\" data-wpil-monitor-id=\"701\">uzaktan anahtar<\/a>.Ayr\u0131ca, fiyatland\u0131rma i\u00e7in l\u00fctfen yerel \u00e7ilingir veya bayiye ula\u015f\u0131n.<\/li>\n<li>Bu verici, g\u00f6sterge panelinde dokunmatik ba\u015flat\/durdur d\u00fc\u011fmesi veya burulma d\u00fc\u011fmesi ate\u015fleme \u00f6zelli\u011fi olan ara\u00e7larla uyumludur, ayr\u0131ca bir proxy ile birlikte <a href=\"https:\/\/keylessbest.com\/tr\/product\/2016-2022-chevrolet-volt-cruze-yeni-model-traverse-camaro-malibu-cruze-xl8-sistemleri-sadece-blazer-sonic-4-dugme-anahtarsiz-giris-uzaktan-hyq4ea-pn-1350877113584504-13529660-46\/\" data-wpil-monitor-id=\"700\">anahtars\u0131z giri\u015f<\/a> sistemi.<\/li>\n<li>Fiyat tek bir tam <a href=\"https:\/\/keylessbest.com\/tr\/product\/2015-2021-jeep-renegade-5-tuslu-anahtarsiz-giris-uzaktan-kumanda-m3n-40821302-yerine-gecer-pn-6mp33dx9aa-id-47-4a__trashed\/\" data-wpil-monitor-id=\"697\">de\u011fi\u015fim anahtars\u0131z giri\u015f uzaktan kumanda<\/a>, acil durum anahtar\u0131 dahil.<\/li>\n<li>Bu nedenle, kesinlikle tavsiye ederiz ki \u00a0<a href=\"https:\/\/keylessbest.com\/tr\/herhangi-bir-araba-icin-hizli-ve-kolay-anahtar-anahtarlik-programlama-adimlari\/\" data-wpil-monitor-id=\"698\">ANAHTAR KUTUSUNUZUN PROGRAMLANMASINI<\/a> \u00f6nermekteyiz.<\/li>\n<\/ul>\n<h6><strong><b>Programlama Kaynaklar\u0131<\/b><\/strong><\/h6>\n<p><a href=\"http:\/\/programyourfob.com\/?list_37\/\" target=\"_blank\" rel=\"noopener\">http:\/\/programyourfob.com\/?list_37\/<\/a><\/p>\n<p>Bizi tercih etti\u011finiz i\u00e7in te\u015fekk\u00fcr ederiz.<\/p>\n<p>Biz, otomobil anahtarlar\u0131, anahtars\u0131z giri\u015f sistemi, <a href=\"https:\/\/keylessbest.com\/tr\/product\/2000-2015-ford-lincoln-mercury-mazda-crown-victoria-econoline-edge-escape-expedition-explorer-explorer-sport-f-serisi-flexfive-yuzluk-focus-freestar-freestyle-fusion-mustang-ranger-taurus-taurus-x\/\" data-wpil-monitor-id=\"696\">araba anahtar uzaktan kumandas\u0131<\/a>, transponder \u00e7ipleri, anahtar programlay\u0131c\u0131lar, ara\u00e7 anahtar kabuklar\u0131, ara\u00e7 kilitleri, \u00e7ilingir ara\u00e7lar\u0131 ve benzeri. Ayr\u0131ca, \u015firketimiz profesyonel bir ekibe ve \u00fcretim hatt\u0131na sahiptir. Dahas\u0131, \u00e7e\u015fitli \u00fcr\u00fcnler \u00fcretiminde uzman\u0131z. <a href=\"https:\/\/keylessbest.com\/tr\/araba-anahtarlarinizi-kaybederseniz-ne-yapmalisiniz-adim-adim-rehber-2025\/\" data-wpil-monitor-id=\"702\">araba anahtar\u0131<\/a>s, ara\u00e7 anahtar\u0131 kabuklar\u0131 ve \u00e7ilingir ara\u00e7lar\u0131 \u00fcretiminde uzmanla\u015fm\u0131\u015ft\u0131r. Ayr\u0131ca, otomobil g\u00fcvenlik ve koruma \u00fcr\u00fcnlerinin geli\u015ftirilmesi, \u00fcretimi ve toptan sat\u0131\u015f\u0131 ile ilgileniyoruz.<\/p>\n<p>Rekabet\u00e7i fiyatlar ve \u00f6zel hizmetler, size iyi bir pazar kazand\u0131rmaya yard\u0131mc\u0131 olacakt\u0131r. Ayr\u0131ca, 10'dan fazla gen\u00e7 ve enerjik sat\u0131\u015f ekibimiz her zaman h\u0131zl\u0131, profesyonel ve samimi hizmet sunar. Ayr\u0131ca, t\u00fcm \u00fcr\u00fcnlerimiz do\u011frudan Amerika Birle\u015fik Devletleri, Kanada ve Meksika'daki depolardan sevk edilmektedir. Bu nedenle, sat\u0131n ald\u0131\u011f\u0131n\u0131z \u00fcr\u00fcnler, sipari\u015f verdikten sonra 48 saat i\u00e7inde paketlenip g\u00f6nderilecektir. \u00dcr\u00fcnlerimizin 100%\u2019den fazlas\u0131 stokta bulunmaktad\u0131r ve envanterimiz yeterlidir.<\/p>","protected":false},"excerpt":{"rendered":"<ul>\n<li>SKU: CA-VW276<\/li>\n<li>FCC Kimli\u011fi: NBG009066T<\/li>\n<li>PN: HLO 3C0 959 752 N, HLO 3C0 959 752 BB, HLO 3C0 959 752 AE, HLO 3C0 959 752 AM, 3C0 959 752N, 3C0 959 752BB, 3C0 959 752AE, 3C0 959 752AM<\/li>\n<li>IC: 2694A-009066T<\/li>\n<li>Frekans: 315MHz<\/li>\n<li>\u00c7ip: ID 48<\/li>\n<li>D\u00fc\u011fmeler: Kilit, A\u00e7\u0131k, Bagaj, Panik<\/li>\n<\/ul>","protected":false},"featured_media":21163,"comment_status":"open","ping_status":"closed","template":"","meta":{"_bst_post_transparent":"default","_bst_post_title":"","_bst_post_layout":"default","_bst_post_sidebar_id":"","_bst_post_content_style":"default","_bst_post_vertical_padding":"default","_bst_post_feature":"","_bst_post_feature_position":"","_bst_post_header":false,"_bst_post_footer":false},"product_brand":[],"product_cat":[15,165],"product_tag":[],"2_year_make_model":[],"class_list":{"0":"post-15132","1":"product","2":"type-product","3":"status-publish","4":"has-post-thumbnail","6":"product_cat-carkeyremote","7":"product_cat-for-volkswagen","9":"first","10":"instock","11":"sale","12":"shipping-taxable","13":"purchasable","14":"product-type-simple","15":"entry","16":"content-bg","17":"loop-entry"},"_links":{"self":[{"href":"https:\/\/keylessbest.com\/tr\/wp-json\/wp\/v2\/product\/15132","targetHints":{"allow":["GET"]}}],"collection":[{"href":"https:\/\/keylessbest.com\/tr\/wp-json\/wp\/v2\/product"}],"about":[{"href":"https:\/\/keylessbest.com\/tr\/wp-json\/wp\/v2\/types\/product"}],"replies":[{"embeddable":true,"href":"https:\/\/keylessbest.com\/tr\/wp-json\/wp\/v2\/comments?post=15132"}],"version-history":[{"count":2,"href":"https:\/\/keylessbest.com\/tr\/wp-json\/wp\/v2\/product\/15132\/revisions"}],"predecessor-version":[{"id":20169,"href":"https:\/\/keylessbest.com\/tr\/wp-json\/wp\/v2\/product\/15132\/revisions\/20169"}],"wp:featuredmedia":[{"embeddable":true,"href":"https:\/\/keylessbest.com\/tr\/wp-json\/wp\/v2\/media\/21163"}],"wp:attachment":[{"href":"https:\/\/keylessbest.com\/tr\/wp-json\/wp\/v2\/media?parent=15132"}],"wp:term":[{"taxonomy":"product_brand","embeddable":true,"href":"https:\/\/keylessbest.com\/tr\/wp-json\/wp\/v2\/product_brand?post=15132"},{"taxonomy":"product_cat","embeddable":true,"href":"https:\/\/keylessbest.com\/tr\/wp-json\/wp\/v2\/product_cat?post=15132"},{"taxonomy":"product_tag","embeddable":true,"href":"https:\/\/keylessbest.com\/tr\/wp-json\/wp\/v2\/product_tag?post=15132"},{"taxonomy":"2_year_make_model","embeddable":true,"href":"https:\/\/keylessbest.com\/tr\/wp-json\/wp\/v2\/2_year_make_model?post=15132"}],"curies":[{"name":"wp","href":"https:\/\/api.w.org\/{rel}","templated":true}]}}