{"id":15173,"date":"2025-08-19T08:58:33","date_gmt":"2025-08-19T08:58:33","guid":{"rendered":"https:\/\/hanwuji.shengjit.com\/?post_type=product&#038;p=15173"},"modified":"2026-02-13T01:43:28","modified_gmt":"2026-02-13T01:43:28","slug":"2000-2020-ford-anahtar-anahtarlik-cwtwb1u331-keylessbest-icin","status":"publish","type":"product","link":"https:\/\/keylessbest.com\/tr\/product\/2000-2020-ford-anahtar-anahtarlik-cwtwb1u331-keylessbest-icin\/","title":{"rendered":"2000-2020 Ford Anahtar Anahtarl\u0131k CWTWB1U331 anahtars\u0131z giri\u015f i\u00e7in"},"content":{"rendered":"<p>*Bu 2000 \u2013 2015 Ford Lincoln Mercury Mazda anahtars\u0131z uzaktan kumanda anahtarl\u0131\u011f\u0131n\u0131n detayl\u0131 bilgileri a\u015fa\u011f\u0131daki gibidir. L\u00fctfen sipari\u015f vermeden \u00f6nce a\u015fa\u011f\u0131daki detaylar\u0131n arac\u0131n\u0131zla uydu\u011fundan emin olun: FCC Kimli\u011fi, Par\u00e7a Numaras\u0131, Model Y\u0131l\u0131, IC, Frekans, \u00c7ip ve D\u00fc\u011fmeler.<\/p>\n<h6><strong><b>\u00dcr\u00fcn Bilgisi: <\/b><\/strong><\/h6>\n<ul>\n<li>FCC Kimli\u011fi: CWTWB1U331, CWTWBIU331, CWTWB1U322, CWTWBIU322, CWTWB1U345, CWTWBIU345, GQ43VT11T<\/li>\n<li>PN: 5912512, 164-R8073, 5913441, 5925871<\/li>\n<li>Frekans: 315MHz<\/li>\n<li>\u00c7ip: 4D63 80Bit<\/li>\n<li>D\u00fc\u011fmeler: Kilitli, Kilitsiz, Panik, Bagaj<\/li>\n<\/ul>\n<h6><strong><b>Referans model:<\/b><\/strong><\/h6>\n<ul>\n<li>2003 \u2013 2012 Ford Crown Victoria<\/li>\n<li>2008 \u2013 2020 Ford Econoline<\/li>\n<li>2007 \u2013 2015 Ford Edge<\/li>\n<li><a href=\"https:\/\/keylessbest.com\/tr\/product\/2009-2014-toyota-avalon-camry-corolla-3-tuslu-anahtarsiz-giris-uzaktan-kumanda-hyq14aem-pn-89904-0r060-89904-60770-89904-0r090-89904-42140__trashed\/\" data-wpil-monitor-id=\"689\">2005 &#8211; 2012<\/a> Ford Escape<\/li>\n<li>2011 \u2013 2015 Ford Expedition<\/li>\n<li>2011 \u2013 2015 Ford Explorer<\/li>\n<li>2011 \u2013 2015 Ford Explorer Sport<\/li>\n<li>2004 \u2013 2014 Ford F Serisi<\/li>\n<li>2009 \u2013 2015 Ford Flex<\/li>\n<li>2005 \u2013 2007 Ford Five Hundred<\/li>\n<li>2006 \u2013 2012 Ford Focus<\/li>\n<li>2004 \u2013 2007 Ford Freestar<\/li>\n<li>2005 \u2013 2009 Ford Freestyle<\/li>\n<li>2006 \u2013 2012 Ford Fusion<\/li>\n<li>2005 &#8211; 2014 <a href=\"https:\/\/keylessbest.com\/tr\/product\/2023-2024-ford-mustang-5-tuslu-anahtarsiz-giris-uzaktan-kumanda-m3n-a3c108397-pn-164-r8355-pr3t-15k601-b__trashed\/\" data-wpil-monitor-id=\"695\">Ford Mustang<\/a><\/li>\n<li>2001 \u2013 2012 Ford Ranger<\/li>\n<li>2000 \u2013 2013 Ford Taurus<\/li>\n<li>2008 \u2013 2009 Ford Taurus X<\/li>\n<li>2003 \u2013 2005 Ford Thunderbird<\/li>\n<li><a href=\"https:\/\/keylessbest.com\/tr\/product\/1999-2004-acura-cl-tl-rl-4-dugmeli-anahtarsiz-giris-uzaktan-kumanda-e4eg8d-444h-a-yerine-gecer-pn-72147-s0k-a23-72147-s0k-a13__trashed\/\" data-wpil-monitor-id=\"690\">2001 &#8211; 2003<\/a> Ford Windstar<\/li>\n<li>2003 \u2013 2005 Lincoln Aviator<\/li>\n<li>2003 \u2013 2006 Lincoln LS<\/li>\n<li>2005 \u2013 2014 Lincoln Mark LT<\/li>\n<li>2010 \u2013 2012 Lincoln MKT<\/li>\n<li>2011 \u2013 2012 Lincoln MKX<\/li>\n<li>2011 \u2013 2013 Lincoln MKZ<\/li>\n<li>2003 \u2013 2015 Lincoln Navigator<\/li>\n<li>2003 \u2013 2012 Lincoln Town Car<\/li>\n<li>2003 \u2013 2011 Mercury Grand Marquis<\/li>\n<li>2003 \u2013 2005 Mercury Marauder<\/li>\n<li>2005 \u2013 2011 Mercury Mariner<\/li>\n<li>2006 \u2013 2011 Mercury Milan<\/li>\n<li>2005 \u2013 2007 Mercury Montego<\/li>\n<li>2004 \u2013 2005 Mercury Monterey<\/li>\n<li>2000 \u2013 2010 Mercury Mountaineer<\/li>\n<li>2000 \u2013 2009 Mercury Sable<\/li>\n<li>2001 \u2013 2010 Mazda B-Series<\/li>\n<\/ul>\n<h6><strong><b>Paket \u0130\u00e7eri\u011fi:<\/b><\/strong><\/h6>\n<ul>\n<li>Yeni bir yan sanayi <a href=\"https:\/\/keylessbest.com\/tr\/product\/2011-2017-ford-fiesta-3-tuslu-anahtarsiz-giris-uzaktan-kumanda-kr55wk47899-pn164-r8042-uzaktan-kumanda-164-r8043-bicak-164-r8042-164-r8039-5913139-5914117-4d63-80bit__trashed\/\" data-wpil-monitor-id=\"693\">anahtars\u0131z uzaktan kumanda<\/a><\/li>\n<li>\u00dccretsiz piyasa sonras\u0131 acil durum takma anahtar<\/li>\n<li>T\u00fcm vericiler pil ile gelir<\/li>\n<li>T\u00fcm \u00fcniteler sevkiyat \u00f6ncesi test edilmi\u015ftir<\/li>\n<li>2 y\u0131l 100% memnuniyet garantisi ve garanti<\/li>\n<\/ul>\n<h6><strong><b>Not:<\/b><\/strong><\/h6>\n<ul>\n<li>2000 \u2013 2015 Ford Lincoln Mercury Mazda ak\u0131ll\u0131 anahtars\u0131z giri\u015f anahtar\u0131 yedekleme \u2013 logo olmadan, kesilmemi\u015f acil durum ek anahtar\u0131 dahil.<\/li>\n<li>Uzaktan kumanday\u0131 kesmiyor veya programlam\u0131yoruz. Ayr\u0131ca, fiyatland\u0131rma i\u00e7in yerel \u00e7ilingir veya bayi ile ileti\u015fime ge\u00e7iniz.<\/li>\n<li>Bu verici, g\u00f6sterge panelinde dokunmatik ba\u015flat\/durdur d\u00fc\u011fmesi veya burulma d\u00fc\u011fmesi ate\u015fleme \u00f6zelli\u011fi olan ara\u00e7larla uyumludur, ayr\u0131ca bir proxy ile birlikte <a href=\"https:\/\/keylessbest.com\/tr\/product\/2016-2022-chevrolet-volt-cruze-yeni-model-traverse-camaro-malibu-cruze-xl8-sistemleri-sadece-blazer-sonic-4-dugme-anahtarsiz-giris-uzaktan-hyq4ea-pn-1350877113584504-13529660-46\/\" data-wpil-monitor-id=\"694\">anahtars\u0131z giri\u015f<\/a> sistemi.<\/li>\n<li>Fiyat tek bir tam <a href=\"https:\/\/keylessbest.com\/tr\/product\/2015-2021-jeep-renegade-5-tuslu-anahtarsiz-giris-uzaktan-kumanda-m3n-40821302-yerine-gecer-pn-6mp33dx9aa-id-47-4a__trashed\/\" data-wpil-monitor-id=\"691\">de\u011fi\u015fim anahtars\u0131z giri\u015f uzaktan kumanda<\/a>, acil durum anahtar\u0131 dahil.<\/li>\n<li>Bu nedenle, kesinlikle tavsiye ederiz ki \u00a0<a href=\"https:\/\/keylessbest.com\/tr\/herhangi-bir-araba-icin-hizli-ve-kolay-anahtar-anahtarlik-programlama-adimlari\/\" data-wpil-monitor-id=\"692\">ANAHTAR KUTUSUNUZUN PROGRAMLANMASINI<\/a> \u00f6nermekteyiz.<\/li>\n<\/ul>\n<h6><strong><b>Programlama Kaynaklar\u0131<\/b><\/strong><\/h6>\n<p><a href=\"http:\/\/programyourfob.com\/?list_9\/\" target=\"_blank\" rel=\"noopener\">http:\/\/programyourfob.com\/?list_9\/<\/a><\/p>\n<p><a href=\"http:\/\/programyourfob.com\/?list_22\/\" target=\"_blank\" rel=\"noopener\">http:\/\/programyourfob.com\/?list_22\/<\/a><\/p>\n<p><a href=\"http:\/\/programyourfob.com\/?list_24\/\" target=\"_blank\" rel=\"noopener\">http:\/\/programyourfob.com\/?list_24\/<\/a><\/p>\n<p><a href=\"http:\/\/programyourfob.com\/?list_23\/\" target=\"_blank\" rel=\"noopener\">http:\/\/programyourfob.com\/?list_23\/<\/a><\/p>\n<p>Bizi tercih etti\u011finiz i\u00e7in te\u015fekk\u00fcr ederiz.<\/p>\n<p>Biz, araba anahtarlar\u0131 ve anahtars\u0131z giri\u015f sistemi \u00fcretiminde en profesyonel \u00fcreticilerden biriyiz, <a href=\"https:\/\/keylessbest.com\/tr\/product\/1995-2007-bmw-1-serisi-e81-3-serisi-e46-5-serisi-e39-e60-e61-serisi-6-e63-e64-serisi-7-e38-x3-e83-x5-e53-z3-e36-7-e36-8-z4-e85-e86-3-dugmeli-anahtarsiz-giris-uzaktan-kumanda-lx8fzv-pn-8382328-pcf7\/\" data-wpil-monitor-id=\"688\">araba anahtar uzaktan kumandas\u0131<\/a>, transponder \u00e7ipler, anahtar programlay\u0131c\u0131lar, ara\u00e7 anahtar\u0131 kabuklar\u0131, ara\u00e7 kilitleri, \u00e7ilingir ara\u00e7lar\u0131 ve benzeri. Ayr\u0131ca, firmam\u0131z profesyonel bir ekibe ve \u00fcretim hatt\u0131na sahiptir. Ayr\u0131ca, \u00e7e\u015fitli ara\u00e7 anahtarlar\u0131, ara\u00e7 anahtar\u0131 kabuklar\u0131 ve \u00e7ilingir ara\u00e7lar\u0131 \u00fcretiminde uzman\u0131z. Otomobil g\u00fcvenlik ve koruma \u00fcr\u00fcnlerinin geli\u015ftirilmesi, \u00fcretimi ve toptan sat\u0131\u015f\u0131 ile de ilgileniyoruz.<\/p>\n<p>Rekabet\u00e7i fiyatlar ve \u00f6zel hizmetler, size iyi bir pazar kazand\u0131rmaya yard\u0131mc\u0131 olacakt\u0131r. Ayr\u0131ca, 10'dan fazla gen\u00e7 ve enerjik sat\u0131\u015f ekibimiz her zaman h\u0131zl\u0131, profesyonel ve samimi hizmet sunar. Ayr\u0131ca, t\u00fcm \u00fcr\u00fcnlerimiz do\u011frudan Amerika Birle\u015fik Devletleri, Kanada ve Meksika'daki depolardan sevk edilmektedir. Bu nedenle, sat\u0131n ald\u0131\u011f\u0131n\u0131z \u00fcr\u00fcnler, sipari\u015f verdikten sonra 48 saat i\u00e7inde paketlenip g\u00f6nderilecektir. \u00dcr\u00fcnlerimizin 100%\u2019den fazlas\u0131 stokta bulunmaktad\u0131r ve envanterimiz yeterlidir.<\/p>","protected":false},"excerpt":{"rendered":"<ul>\n<li>SKU: CA-FD281<\/li>\n<li>FCC Kimli\u011fi: CWTWB1U331, CWTWBIU331, CWTWB1U322, CWTWBIU322, CWTWB1U345, CWTWBIU345, GQ43VT11T<\/li>\n<li>PN: 5912512, 164-R8073, 5913441, 5925871<\/li>\n<li>Frekans: 315MHz<\/li>\n<li>\u00c7ip: 4D63 80Bit<\/li>\n<li>D\u00fc\u011fmeler: Kilitli, Kilitsiz, Panik, Bagaj<\/li>\n<\/ul>","protected":false},"featured_media":21166,"comment_status":"open","ping_status":"closed","template":"","meta":{"_bst_post_transparent":"default","_bst_post_title":"","_bst_post_layout":"default","_bst_post_sidebar_id":"","_bst_post_content_style":"default","_bst_post_vertical_padding":"default","_bst_post_feature":"","_bst_post_feature_position":"","_bst_post_header":false,"_bst_post_footer":false},"product_brand":[],"product_cat":[15,156,379,159,380],"product_tag":[],"2_year_make_model":[],"class_list":{"0":"post-15173","1":"product","2":"type-product","3":"status-publish","4":"has-post-thumbnail","6":"product_cat-carkeyremote","7":"product_cat-for-ford","8":"product_cat-for-lincoln","9":"product_cat-for-mazda","10":"product_cat-for-mercury","12":"first","13":"instock","14":"sale","15":"shipping-taxable","16":"purchasable","17":"product-type-simple","18":"entry","19":"content-bg","20":"loop-entry"},"_links":{"self":[{"href":"https:\/\/keylessbest.com\/tr\/wp-json\/wp\/v2\/product\/15173","targetHints":{"allow":["GET"]}}],"collection":[{"href":"https:\/\/keylessbest.com\/tr\/wp-json\/wp\/v2\/product"}],"about":[{"href":"https:\/\/keylessbest.com\/tr\/wp-json\/wp\/v2\/types\/product"}],"replies":[{"embeddable":true,"href":"https:\/\/keylessbest.com\/tr\/wp-json\/wp\/v2\/comments?post=15173"}],"version-history":[{"count":4,"href":"https:\/\/keylessbest.com\/tr\/wp-json\/wp\/v2\/product\/15173\/revisions"}],"predecessor-version":[{"id":21165,"href":"https:\/\/keylessbest.com\/tr\/wp-json\/wp\/v2\/product\/15173\/revisions\/21165"}],"wp:featuredmedia":[{"embeddable":true,"href":"https:\/\/keylessbest.com\/tr\/wp-json\/wp\/v2\/media\/21166"}],"wp:attachment":[{"href":"https:\/\/keylessbest.com\/tr\/wp-json\/wp\/v2\/media?parent=15173"}],"wp:term":[{"taxonomy":"product_brand","embeddable":true,"href":"https:\/\/keylessbest.com\/tr\/wp-json\/wp\/v2\/product_brand?post=15173"},{"taxonomy":"product_cat","embeddable":true,"href":"https:\/\/keylessbest.com\/tr\/wp-json\/wp\/v2\/product_cat?post=15173"},{"taxonomy":"product_tag","embeddable":true,"href":"https:\/\/keylessbest.com\/tr\/wp-json\/wp\/v2\/product_tag?post=15173"},{"taxonomy":"2_year_make_model","embeddable":true,"href":"https:\/\/keylessbest.com\/tr\/wp-json\/wp\/v2\/2_year_make_model?post=15173"}],"curies":[{"name":"wp","href":"https:\/\/api.w.org\/{rel}","templated":true}]}}