{"id":15314,"date":"2025-08-19T09:01:16","date_gmt":"2025-08-19T09:01:16","guid":{"rendered":"https:\/\/hanwuji.shengjit.com\/?post_type=product&#038;p=15314"},"modified":"2026-02-25T03:30:31","modified_gmt":"2026-02-25T03:30:31","slug":"2001-2006-dodge-chrysler-anahtar-kapagi-gq43vt17t-keylessbest-icin","status":"publish","type":"product","link":"https:\/\/keylessbest.com\/tr\/product\/2001-2006-dodge-chrysler-anahtar-kapagi-gq43vt17t-keylessbest-icin\/","title":{"rendered":"2001 2006 dodge chrysler anahtar kapa\u011f\u0131 gq43vt17t keylessbest i\u00e7in"},"content":{"rendered":"<p>*Bu 2006 \u2013 2018 Chrysler Dodge Volkswagen Jeep anahtars\u0131z uzaktan kumanda anahtar\u0131n\u0131n detayl\u0131 bilgileri a\u015fa\u011f\u0131daki gibidir. L\u00fctfen sipari\u015f vermeden \u00f6nce a\u015fa\u011f\u0131daki detaylar\u0131n arac\u0131n\u0131zla e\u015fle\u015fti\u011finden emin olun: FCC Kimli\u011fi, Par\u00e7a Numaras\u0131, Model Y\u0131l\u0131, IC, Frekans, \u00c7ip ve D\u00fc\u011fmeler.<\/p>\n<h6><strong><b>\u00dcr\u00fcn Bilgisi: <\/b><\/strong><\/h6>\n<ul>\n<li>FCC Kimli\u011fi: GQ43VT17T<\/li>\n<li>PN: 04602260AA<\/li>\n<li>Frekans: 315MHz<\/li>\n<li>Tu\u015flar: Kilit, A\u00e7\u0131k, Bagaj, Korna<\/li>\n<\/ul>\n<h6><strong><b>Referans model:<\/b><\/strong><\/h6>\n<ul>\n<li><a href=\"https:\/\/keylessbest.com\/tr\/product\/1999-2004-acura-cl-tl-rl-4-dugmeli-anahtarsiz-giris-uzaktan-kumanda-e4eg8d-444h-a-yerine-gecer-pn-72147-s0k-a23-72147-s0k-a13__trashed\/\" data-wpil-monitor-id=\"576\">2001 &#8211; 2004<\/a> Chrysler 300<\/li>\n<li>2001 \u2013 2004 Chrysler Concorde<\/li>\n<li>2001 \u2013 2002 Chrysler LHS<\/li>\n<li>2006 \u2013 2006 Chrysler Sebring<\/li>\n<li>2001 \u2013 2005 Chrysler Sebring *** (Sadece 4 kap\u0131 ve cabrio - Coup\u00e9 i\u00e7in uygun de\u011fil)***<\/li>\n<li>2001 \u2013 2004 Dodge Intrepid<\/li>\n<li>2001 \u2013 2006 Dodge Stratus *** (Sadece 4 kap\u0131 - 2 kap\u0131 de\u011fil)***<\/li>\n<li>2003 \u2013 2006 Dodge Viper<\/li>\n<li>2002 \u2013 2004 Jeep Liberty<\/li>\n<\/ul>\n<h6><strong><b>Paket \u0130\u00e7eri\u011fi:<\/b><\/strong><\/h6>\n<ul>\n<li>Yeni bir yan sanayi <a href=\"https:\/\/keylessbest.com\/tr\/product\/2011-2017-ford-fiesta-3-tuslu-anahtarsiz-giris-uzaktan-kumanda-kr55wk47899-pn164-r8042-uzaktan-kumanda-164-r8043-bicak-164-r8042-164-r8039-5913139-5914117-4d63-80bit__trashed\/\" data-wpil-monitor-id=\"580\">anahtars\u0131z uzaktan kumanda<\/a><\/li>\n<li>\u00dccretsiz piyasa sonras\u0131 acil durum takma anahtar<\/li>\n<li>T\u00fcm vericiler pil ile gelir<\/li>\n<li>T\u00fcm \u00fcniteler sevkiyat \u00f6ncesi test edilmi\u015ftir<\/li>\n<li>2 y\u0131l 100% memnuniyet garantisi ve garanti<\/li>\n<\/ul>\n<h6><strong><b>Not:<\/b><\/strong><\/h6>\n<ul>\n<li>2001-2006 Chrysler Dodge Jeep ak\u0131ll\u0131 <a href=\"https:\/\/keylessbest.com\/tr\/product\/2009-2014-toyota-avalon-camry-corolla-3-tuslu-anahtarsiz-giris-uzaktan-kumanda-hyq14aem-pn-89904-0r060-89904-60770-89904-0r090-89904-42140__trashed\/\" data-wpil-monitor-id=\"577\">anahtars\u0131z giri\u015f anahtar\u0131<\/a> yedek \u2013 \u00a0\u00a0logo olmadan, kesilmemi\u015f acil durum ek anahtar\u0131 dahil.<\/li>\n<li>Biz kesmiyoruz veya programlam\u0131yoruz <a href=\"https:\/\/keylessbest.com\/tr\/keylessbestarabaanahtarfobshop\/\" data-wpil-monitor-id=\"581\">uzaktan anahtar<\/a>.Ayr\u0131ca, fiyatland\u0131rma i\u00e7in l\u00fctfen yerel \u00e7ilingir veya bayiye ula\u015f\u0131n.<\/li>\n<li>Bu verici, g\u00f6sterge panelinde dokunmatik ba\u015flat\/durdur d\u00fc\u011fmesi veya burulma d\u00fc\u011fmesi ate\u015fleme \u00f6zelli\u011fi olan ara\u00e7larla uyumludur, ayr\u0131ca bir proxy ile birlikte <a href=\"https:\/\/keylessbest.com\/tr\/product\/2016-2022-chevrolet-volt-cruze-yeni-model-traverse-camaro-malibu-cruze-xl8-sistemleri-sadece-blazer-sonic-4-dugme-anahtarsiz-giris-uzaktan-hyq4ea-pn-1350877113584504-13529660-46\/\" data-wpil-monitor-id=\"579\">anahtars\u0131z giri\u015f<\/a> sistemi.<\/li>\n<li>Fiyat tek bir tam <a href=\"https:\/\/keylessbest.com\/tr\/product\/2015-2021-jeep-renegade-5-tuslu-anahtarsiz-giris-uzaktan-kumanda-m3n-40821302-yerine-gecer-pn-6mp33dx9aa-id-47-4a__trashed\/\" data-wpil-monitor-id=\"578\">de\u011fi\u015fim anahtars\u0131z giri\u015f uzaktan kumanda<\/a>, acil durum anahtar\u0131 dahil.<\/li>\n<li>Bu nedenle,\u00a0kesinlikle\u00a0tavsiye ederiz\u00a0ki, \u00a0<a href=\"https:\/\/keylessbest.com\/tr\/herhangi-bir-araba-icin-hizli-ve-kolay-anahtar-anahtarlik-programlama-adimlari\/\" data-wpil-monitor-id=\"582\">ANAHTAR KARTINI\u00a0programlay\u0131n<\/a>\u00a0bir\u00a0profesyonel \u00e7ilingir veya bayi taraf\u0131ndan.<\/li>\n<\/ul>\n<h6><strong><b>\u00a0Programlama Kaynaklar\u0131\u00a0<\/b><\/strong><\/h6>\n<p><a href=\"http:\/\/programyourfob.com\/?list_7\/\" target=\"_blank\" rel=\"noopener\">http:\/\/programyourfob.com\/?list_7\/<\/a><\/p>\n<p><a href=\"http:\/\/programyourfob.com\/?list_8\/\" target=\"_blank\" rel=\"noopener\">http:\/\/programyourfob.com\/?list_8\/<\/a><\/p>\n<p><a href=\"http:\/\/programyourfob.com\/?list_18\/\" target=\"_blank\" rel=\"noopener\">http:\/\/programyourfob.com\/?list_18\/<\/a><\/p>\n<p>Bizi tercih etti\u011finiz i\u00e7in te\u015fekk\u00fcr ederiz.<\/p>\n<p>Biz, araba anahtarlar\u0131 ve anahtars\u0131z giri\u015f sistemi \u00fcretiminde en profesyonel \u00fcreticilerden biriyiz, <a href=\"https:\/\/keylessbest.com\/tr\/product\/2002-2017-nissan-infiniti-350z-altima-armada-maxima-murano-pathfinder-sentra-versa-quest-ex35-fx35-fx45-g35-i35-qx56-4-dugmeli-anahtarsiz-giris-uzaktan-kumanda-kbrastu15-cwtwb1u415-cwtwb1u733-cwtwb1u8\/\" data-wpil-monitor-id=\"575\">araba anahtar uzaktan kumandas\u0131<\/a>, transponder \u00e7ipler, anahtar programlay\u0131c\u0131lar, ara\u00e7 anahtar\u0131 kabuklar\u0131, ara\u00e7 kilitleri, \u00e7ilingir ara\u00e7lar\u0131 ve benzeri. Ayr\u0131ca, firmam\u0131z profesyonel bir ekibe ve \u00fcretim hatt\u0131na sahiptir. Ayr\u0131ca, \u00e7e\u015fitli ara\u00e7 anahtarlar\u0131, ara\u00e7 anahtar\u0131 kabuklar\u0131 ve \u00e7ilingir ara\u00e7lar\u0131 \u00fcretiminde uzman\u0131z. Otomobil g\u00fcvenlik ve koruma \u00fcr\u00fcnlerinin geli\u015ftirilmesi, \u00fcretimi ve toptan sat\u0131\u015f\u0131 ile de ilgileniyoruz.<\/p>\n<p>Rekabet\u00e7i fiyatlar ve \u00f6zel hizmetler, size iyi bir pazar kazand\u0131rmaya yard\u0131mc\u0131 olacakt\u0131r. Ayr\u0131ca, 10'dan fazla gen\u00e7 ve enerjik sat\u0131\u015f ekibimiz her zaman h\u0131zl\u0131, profesyonel ve samimi hizmet sunar. Ayr\u0131ca, t\u00fcm \u00fcr\u00fcnlerimiz do\u011frudan Amerika Birle\u015fik Devletleri, Kanada ve Meksika'daki depolardan sevk edilmektedir. Bu nedenle, sat\u0131n ald\u0131\u011f\u0131n\u0131z \u00fcr\u00fcnler, sipari\u015f verdikten sonra 48 saat i\u00e7inde paketlenip g\u00f6nderilecektir. \u00dcr\u00fcnlerimizin 100%\u2019den fazlas\u0131 stokta bulunmaktad\u0131r ve envanterimiz yeterlidir.<\/p>","protected":false},"excerpt":{"rendered":"<ul>\n<li>SKU: CA-DG376<\/li>\n<li>FCC Kimli\u011fi: GQ43VT17T<\/li>\n<li>PN: 04602260AA<\/li>\n<li>Frekans: 315MHz<\/li>\n<li>Tu\u015flar: Kilit, A\u00e7\u0131k, Bagaj, Korna<\/li>\n<\/ul>","protected":false},"featured_media":21550,"comment_status":"open","ping_status":"closed","template":"","meta":{"_bst_post_transparent":"default","_bst_post_title":"","_bst_post_layout":"default","_bst_post_sidebar_id":"","_bst_post_content_style":"default","_bst_post_vertical_padding":"default","_bst_post_feature":"","_bst_post_feature_position":"","_bst_post_header":false,"_bst_post_footer":false},"product_brand":[],"product_cat":[15,155,153,154],"product_tag":[],"2_year_make_model":[],"class_list":{"0":"post-15314","1":"product","2":"type-product","3":"status-publish","4":"has-post-thumbnail","6":"product_cat-carkeyremote","7":"product_cat-for-chrysler","8":"product_cat-for-dodge","9":"product_cat-for-jeep","11":"first","12":"instock","13":"sale","14":"shipping-taxable","15":"purchasable","16":"product-type-simple","17":"entry","18":"content-bg","19":"loop-entry"},"_links":{"self":[{"href":"https:\/\/keylessbest.com\/tr\/wp-json\/wp\/v2\/product\/15314","targetHints":{"allow":["GET"]}}],"collection":[{"href":"https:\/\/keylessbest.com\/tr\/wp-json\/wp\/v2\/product"}],"about":[{"href":"https:\/\/keylessbest.com\/tr\/wp-json\/wp\/v2\/types\/product"}],"replies":[{"embeddable":true,"href":"https:\/\/keylessbest.com\/tr\/wp-json\/wp\/v2\/comments?post=15314"}],"version-history":[{"count":3,"href":"https:\/\/keylessbest.com\/tr\/wp-json\/wp\/v2\/product\/15314\/revisions"}],"predecessor-version":[{"id":19513,"href":"https:\/\/keylessbest.com\/tr\/wp-json\/wp\/v2\/product\/15314\/revisions\/19513"}],"wp:featuredmedia":[{"embeddable":true,"href":"https:\/\/keylessbest.com\/tr\/wp-json\/wp\/v2\/media\/21550"}],"wp:attachment":[{"href":"https:\/\/keylessbest.com\/tr\/wp-json\/wp\/v2\/media?parent=15314"}],"wp:term":[{"taxonomy":"product_brand","embeddable":true,"href":"https:\/\/keylessbest.com\/tr\/wp-json\/wp\/v2\/product_brand?post=15314"},{"taxonomy":"product_cat","embeddable":true,"href":"https:\/\/keylessbest.com\/tr\/wp-json\/wp\/v2\/product_cat?post=15314"},{"taxonomy":"product_tag","embeddable":true,"href":"https:\/\/keylessbest.com\/tr\/wp-json\/wp\/v2\/product_tag?post=15314"},{"taxonomy":"2_year_make_model","embeddable":true,"href":"https:\/\/keylessbest.com\/tr\/wp-json\/wp\/v2\/2_year_make_model?post=15314"}],"curies":[{"name":"wp","href":"https:\/\/api.w.org\/{rel}","templated":true}]}}