{"id":15451,"date":"2025-08-19T09:03:26","date_gmt":"2025-08-19T09:03:26","guid":{"rendered":"https:\/\/hanwuji.shengjit.com\/?post_type=product&#038;p=15451"},"modified":"2026-02-13T02:42:51","modified_gmt":"2026-02-13T02:42:51","slug":"2014-2018-nissan-anahtar-kapagi-kr5s180144106-433mhz-for-keylessbest","status":"publish","type":"product","link":"https:\/\/keylessbest.com\/tr\/product\/2014-2018-nissan-anahtar-kapagi-kr5s180144106-433mhz-for-keylessbest\/","title":{"rendered":"2014-2018 Nissan Anahtar Kapa\u011f\u0131 KR5S180144106 433MHz Keylessbest i\u00e7in"},"content":{"rendered":"<p>*Bu 2014-2019 Nissan anahtars\u0131z uzaktan kumanda anahtar\u0131n\u0131n detayl\u0131 bilgileri a\u015fa\u011f\u0131daki gibidir. L\u00fctfen sipari\u015f vermeden \u00f6nce a\u015fa\u011f\u0131daki detaylar\u0131n arac\u0131n\u0131zla uydu\u011fundan emin olun: FCC Kimli\u011fi, Par\u00e7a Numaras\u0131, Model Y\u0131l\u0131, IC, Frekans, \u00c7ip ve D\u00fc\u011fmeler.<\/p>\n<h6><strong><b>\u00dcr\u00fcn Bilgisi: <\/b><\/strong><\/h6>\n<ul>\n<li>FCC Kimli\u011fi: KR5S180144106<\/li>\n<li>PN: 285E3-4CB1C 285E3-4CB1A<\/li>\n<li>IC: 7812D-S180106<\/li>\n<li>Frekans: 433 MHz<\/li>\n<li>\u00c7ip: 4A<\/li>\n<li>Tu\u015flar: A\u00e7, Kapa, Panik<\/li>\n<\/ul>\n<h6><strong><b>Referans model:<\/b><\/strong><\/h6>\n<ul>\n<li>2014 \u2013 2018 Nissan Rogue<br \/>\nL\u00dcTFEN D\u0130KKAT: 2014 -2018 Nissan Rogue modellerinde anahtar programlamas\u0131 i\u00e7in kullan\u0131lan BCM (G\u00f6vde Kontrol Mod\u00fcl\u00fc) ile ilgili sorunlar oldu\u011fu bildirilmi\u015ftir. Bu BCM'lerin baz\u0131lar\u0131 ar\u0131zal\u0131d\u0131r ve baz\u0131lar\u0131 geri \u00e7a\u011fr\u0131lm\u0131\u015ft\u0131r. L\u00fctfen bu y\u0131llara ait ara\u00e7lar hakk\u0131nda ara\u015ft\u0131rma yap\u0131n. BCM devre d\u0131\u015f\u0131 kalabilir. M\u00fc\u015fteri servis geri \u00e7a\u011fr\u0131lar\u0131n\u0131 BCM'nin de\u011fi\u015ftirilip de\u011fi\u015ftirilmedi\u011fini kontrol edin. Kullan\u0131rken dikkatli olun ve ara\u00e7 ge\u00e7mi\u015fini ara\u015ft\u0131rmadan programlamaya kalk\u0131\u015fmay\u0131n.<br \/>\nRSK-NIS-ROG3<\/li>\n<li>Yen\u0130 Piyasa Sonras\u0131 Yedek Par\u00e7a: FCC Kimli\u011fi: KR5S180144106<br \/>\nIC: 7812D-S180106<br \/>\nK\u0131ta: S180144105<br \/>\nFrekans: 433 Mhz<br \/>\nPil: CR2032<br \/>\nD\u00fc\u011fmeler: A\u00e7, Kapa, Panik<br \/>\nYedek Piyasa Acil Durum Anahtar\u0131 Dahil: EKB-NIS-NI06<br \/>\nTest Anahtar\u0131: DA34<br \/>\nPN: 285E3-4CB1C 285E3-4CB1A yerine ge\u00e7er<br \/>\n\u00dcretici Anahtars\u0131z Fabrika<\/li>\n<li>A\u015fa\u011f\u0131dakilerle uyumludur: 2014 \u2013 2018 Nissan Rogue<br \/>\nL\u00dcTFEN D\u0130KKAT: 2014 -2018 Nissan Rogue modellerinde anahtar programlamas\u0131 i\u00e7in kullan\u0131lan BCM (G\u00f6vde Kontrol Mod\u00fcl\u00fc) ile ilgili sorunlar oldu\u011fu bildirilmi\u015ftir. Bu BCM'lerin baz\u0131lar\u0131 ar\u0131zal\u0131d\u0131r ve baz\u0131lar\u0131 geri \u00e7a\u011fr\u0131lm\u0131\u015ft\u0131r. L\u00fctfen bu y\u0131llara ait ara\u00e7lar hakk\u0131nda ara\u015ft\u0131rma yap\u0131n. BCM devre d\u0131\u015f\u0131 kalabilir. M\u00fc\u015fteri servis geri \u00e7a\u011fr\u0131lar\u0131n\u0131 BCM'nin de\u011fi\u015ftirilip de\u011fi\u015ftirilmedi\u011fini kontrol edin. Kullan\u0131rken dikkatli olun ve ara\u00e7 ge\u00e7mi\u015fini ara\u015ft\u0131rmadan programlamaya kalk\u0131\u015fmay\u0131n.<br \/>\nUyumlu Oldu\u011fu<\/li>\n<\/ul>\n<h6><strong><b>Paket \u0130\u00e7eri\u011fi:<\/b><\/strong><\/h6>\n<ul>\n<li>Yeni bir aftermarket anahtars\u0131z uzaktan kumanda anahtar\u0131<\/li>\n<li>\u00dccretsiz piyasa sonras\u0131 acil durum takma anahtar<\/li>\n<li>T\u00fcm vericiler pil ile gelir<\/li>\n<li>T\u00fcm \u00fcniteler sevkiyat \u00f6ncesi test edilmi\u015ftir<\/li>\n<li>2 y\u0131l 100% memnuniyet garantisi ve garanti<\/li>\n<\/ul>\n<h6><strong><b>Not:<\/b><\/strong><\/h6>\n<ul>\n<li>Logo olmadan, kesilmemi\u015f acil durum ek anahtar\u0131 dahil 2014 \u2013 2018 Nissan ak\u0131ll\u0131 anahtars\u0131z giri\u015f anahtar\u0131 yedekleme \u2013<\/li>\n<li>Uzaktan kumanday\u0131 kesmiyor veya programlam\u0131yoruz. Ayr\u0131ca, fiyatland\u0131rma i\u00e7in yerel \u00e7ilingir veya bayi ile ileti\u015fime ge\u00e7iniz.<\/li>\n<li>Bu verici, g\u00f6sterge paneline dokunarak ba\u015flat\/durdurma d\u00fc\u011fmesi veya burulma d\u00fc\u011fmesi ate\u015fleme \u00f6zellikli ara\u00e7larla uyumludur, ayr\u0131ca proxy anahtars\u0131z giri\u015f sistemine sahiptir.<\/li>\n<li>Fiyat, bir adet tam yedek anahtars\u0131z giri\u015f uzaktan kumanda i\u00e7indir, acil durum anahtar\u0131 dahil.<\/li>\n<li>Bu nedenle, anahtar kutusunun bir profesyonel \u00e7ilingir veya bayi taraf\u0131ndan programlanmas\u0131n\u0131 \u015fiddetle tavsiye ederiz.<\/li>\n<\/ul>\n<h6><strong><b>Programlama Kaynaklar\u0131<\/b><\/strong><\/h6>\n<p><a href=\"http:\/\/programyourfob.com\/?list_26\/\" target=\"_blank\" rel=\"noopener\">http:\/\/programyourfob.com\/?list_26\/<\/a><\/p>\n<p>Bizi tercih etti\u011finiz i\u00e7in te\u015fekk\u00fcr ederiz.<\/p>\n<p>Biz, araba anahtarlar\u0131, anahtars\u0131z giri\u015f sistemi, araba anahtar uzaktan kumandas\u0131, transponder \u00e7ipler, anahtar programlay\u0131c\u0131lar, araba anahtar kabuklar\u0131, araba kilitleri, \u00e7ilingir ara\u00e7lar\u0131 ve benzeri alanlarda en profesyonel \u00fcreticilerden biriyiz. Ayr\u0131ca, \u015firketimiz profesyonel bir ekibe ve \u00fcretim hatt\u0131na sahiptir. Ayr\u0131ca, \u00e7e\u015fitli araba anahtarlar\u0131, araba anahtar kabuklar\u0131 ve \u00e7ilingir ara\u00e7lar\u0131 \u00fcretiminde uzman\u0131z. Otomobil g\u00fcvenlik ve koruma \u00fcr\u00fcnlerinin geli\u015ftirilmesi, \u00fcretimi ve toptan sat\u0131\u015f\u0131 ile de ilgileniyoruz.<\/p>\n<p>Rekabet\u00e7i fiyatlar ve \u00f6zel hizmetler, size iyi bir pazar kazand\u0131rmaya yard\u0131mc\u0131 olacakt\u0131r. Ayr\u0131ca, 10'dan fazla gen\u00e7 ve enerjik sat\u0131\u015f ekibimiz her zaman h\u0131zl\u0131, profesyonel ve samimi hizmet sunar. Ayr\u0131ca, t\u00fcm \u00fcr\u00fcnlerimiz do\u011frudan Amerika Birle\u015fik Devletleri, Kanada ve Meksika'daki depolardan sevk edilmektedir. Bu nedenle, sat\u0131n ald\u0131\u011f\u0131n\u0131z \u00fcr\u00fcnler, sipari\u015f verdikten sonra 48 saat i\u00e7inde paketlenip g\u00f6nderilecektir. \u00dcr\u00fcnlerimizin 100%\u2019den fazlas\u0131 stokta bulunmaktad\u0131r ve envanterimiz yeterlidir.<\/p>","protected":false},"excerpt":{"rendered":"<ul>\n<li>SKU: CA-NS299<\/li>\n<li>FCC Kimli\u011fi: KR5S180144106<\/li>\n<li>PN: 285E3-4CB1C 285E3-4CB1A<\/li>\n<li>IC: 7812D-S180106<\/li>\n<li>Frekans: 433 MHz<\/li>\n<li>\u00c7ip: 4A<\/li>\n<li>Tu\u015flar: A\u00e7, Kapa, Panik<\/li>\n<\/ul>","protected":false},"featured_media":21182,"comment_status":"open","ping_status":"closed","template":"","meta":{"_bst_post_transparent":"default","_bst_post_title":"","_bst_post_layout":"default","_bst_post_sidebar_id":"","_bst_post_content_style":"default","_bst_post_vertical_padding":"default","_bst_post_feature":"","_bst_post_feature_position":"","_bst_post_header":false,"_bst_post_footer":false},"product_brand":[],"product_cat":[15,160],"product_tag":[],"2_year_make_model":[],"class_list":{"0":"post-15451","1":"product","2":"type-product","3":"status-publish","4":"has-post-thumbnail","6":"product_cat-carkeyremote","7":"product_cat-for-nissan","9":"first","10":"instock","11":"sale","12":"shipping-taxable","13":"purchasable","14":"product-type-simple","15":"entry","16":"content-bg","17":"loop-entry"},"_links":{"self":[{"href":"https:\/\/keylessbest.com\/tr\/wp-json\/wp\/v2\/product\/15451","targetHints":{"allow":["GET"]}}],"collection":[{"href":"https:\/\/keylessbest.com\/tr\/wp-json\/wp\/v2\/product"}],"about":[{"href":"https:\/\/keylessbest.com\/tr\/wp-json\/wp\/v2\/types\/product"}],"replies":[{"embeddable":true,"href":"https:\/\/keylessbest.com\/tr\/wp-json\/wp\/v2\/comments?post=15451"}],"version-history":[{"count":2,"href":"https:\/\/keylessbest.com\/tr\/wp-json\/wp\/v2\/product\/15451\/revisions"}],"predecessor-version":[{"id":20025,"href":"https:\/\/keylessbest.com\/tr\/wp-json\/wp\/v2\/product\/15451\/revisions\/20025"}],"wp:featuredmedia":[{"embeddable":true,"href":"https:\/\/keylessbest.com\/tr\/wp-json\/wp\/v2\/media\/21182"}],"wp:attachment":[{"href":"https:\/\/keylessbest.com\/tr\/wp-json\/wp\/v2\/media?parent=15451"}],"wp:term":[{"taxonomy":"product_brand","embeddable":true,"href":"https:\/\/keylessbest.com\/tr\/wp-json\/wp\/v2\/product_brand?post=15451"},{"taxonomy":"product_cat","embeddable":true,"href":"https:\/\/keylessbest.com\/tr\/wp-json\/wp\/v2\/product_cat?post=15451"},{"taxonomy":"product_tag","embeddable":true,"href":"https:\/\/keylessbest.com\/tr\/wp-json\/wp\/v2\/product_tag?post=15451"},{"taxonomy":"2_year_make_model","embeddable":true,"href":"https:\/\/keylessbest.com\/tr\/wp-json\/wp\/v2\/2_year_make_model?post=15451"}],"curies":[{"name":"wp","href":"https:\/\/api.w.org\/{rel}","templated":true}]}}