{"id":15696,"date":"2025-08-19T09:07:07","date_gmt":"2025-08-19T09:07:07","guid":{"rendered":"https:\/\/hanwuji.shengjit.com\/?post_type=product&#038;p=15696"},"modified":"2026-02-25T05:04:12","modified_gmt":"2026-02-25T05:04:12","slug":"2010-2018-porsche-anahtar-kapagi-kr55wk50138-433mhz-keylessbest-icin","status":"publish","type":"product","link":"https:\/\/keylessbest.com\/tr\/product\/2010-2018-porsche-anahtar-kapagi-kr55wk50138-433mhz-keylessbest-icin\/","title":{"rendered":"2010 2018 Porsche anahtar kapa\u011f\u0131 kr55wk50138 433mhz keylessbest i\u00e7in"},"content":{"rendered":"<p>*Bu 2010 \u2013 2018 Porsche anahtars\u0131z uzaktan kumanda anahtar\u0131n\u0131n detayl\u0131 bilgileri a\u015fa\u011f\u0131daki gibidir. L\u00fctfen sipari\u015f vermeden \u00f6nce a\u015fa\u011f\u0131daki detaylar\u0131n arac\u0131n\u0131zla uydu\u011fundan emin olun: FCC Kimli\u011fi, Par\u00e7a Numaras\u0131, Model Y\u0131l\u0131, IC, Frekans, \u00c7ip ve D\u00fc\u011fmeler.<\/p>\n<h6><strong><b>\u00dcr\u00fcn Bilgisi: <\/b><\/strong><\/h6>\n<ul>\n<li>FCC Kimli\u011fi: KR55WK50138<\/li>\n<li>PN: 7PP959753AK 7PP.959.753.AK 7PP.959.753.BL 7PP.959.753.BQ 7PP.959.753.N 7PP.959.753.CF 7PP.959.753 AN 7PP 959 753 BL BQ N CF 7PP959753AN <a href=\"https:\/\/keylessbest.com\/tr\/product\/2010-2018-porsche-panamera-911-boxter-cayenne-cayman-macan-3-tuslu-anahtarsiz-giris-uzaktan-kumanda-kr55wk50138-pn-7pp959753ak-7pp-959-753-ak-7pp-959-753-bl-7pp-959-753-bq-7pp-959-753-n-7pp-959-753-cf\/\" data-wpil-monitor-id=\"489\">7PP959753BL 7PP959753BQ 7PP959753N<\/a> 7PP959753C<\/li>\n<li>IC: 7812D-5WK50138<\/li>\n<li>Frekans: 433MHz<\/li>\n<li>Tu\u015flar: A\u00e7, Kapa, Kapanak<\/li>\n<\/ul>\n<h6><strong><b>Referans model:<\/b><\/strong><\/h6>\n<ul>\n<li>2010 \u2013 2017 Porsche 911<\/li>\n<li>2010 \u2013 2016 Porsche Boxter<\/li>\n<li>2010 \u2013 2017 Porsche Cayenne<\/li>\n<li>2010 \u2013 2016 Porsche Cayman<\/li>\n<li><a href=\"https:\/\/keylessbest.com\/tr\/product\/2015-2020-cadillac-ats-ats-v-ct6-ct6-plug-in-cts-cts-v-xts-5-tuslu-anahtarsiz-giris-uzaktan-kumanda-hyq2eb-pn-13598512-13594029s-13510243-46__trashed\/\" data-wpil-monitor-id=\"486\">2015 &#8211; 2017<\/a> Porsche Macan<\/li>\n<li>2010 \u2013 2018 Porsche Panamera<\/li>\n<\/ul>\n<h6><strong><b>Paket \u0130\u00e7eri\u011fi:<\/b><\/strong><\/h6>\n<ul>\n<li>Yeni bir aftermarket anahtars\u0131z uzaktan kumanda anahtar\u0131<\/li>\n<li>\u00dccretsiz piyasa sonras\u0131 acil durum takma anahtar<\/li>\n<li>T\u00fcm vericiler pil ile gelir<\/li>\n<li>T\u00fcm \u00fcniteler sevkiyat \u00f6ncesi test edilmi\u015ftir<\/li>\n<li>2 y\u0131l 100% memnuniyet garantisi ve garanti<\/li>\n<\/ul>\n<h6><strong><b>Not:<\/b><\/strong><\/h6>\n<ul>\n<li>2010 \u2013 2018 Porsche ak\u0131ll\u0131 anahtars\u0131z giri\u015f anahtar yedekleme \u2013 logo olmadan, kesilmemi\u015f acil durum ek anahtar ile birlikte.<\/li>\n<li>Biz kesmiyoruz veya programlam\u0131yoruz <a href=\"https:\/\/keylessbest.com\/tr\/keylessbestarabaanahtarfobshop\/\" data-wpil-monitor-id=\"492\">uzaktan anahtar<\/a>.Ayr\u0131ca, fiyatland\u0131rma i\u00e7in l\u00fctfen yerel \u00e7ilingir veya bayiye ula\u015f\u0131n.<\/li>\n<li>Bu verici, g\u00f6sterge panelinde bas-\u00e7al\u0131\u015ft\u0131r\/durdur d\u00fc\u011fmesi veya burgu anahtar konta\u011f\u0131 bulunan ara\u00e7lar ile uyumludur, ayr\u0131ca proxy anahtars\u0131z giri\u015f sistemine sahiptir.<\/li>\n<li>Fiyat tek bir tam <a href=\"https:\/\/keylessbest.com\/tr\/product\/2015-2021-jeep-renegade-5-tuslu-anahtarsiz-giris-uzaktan-kumanda-m3n-40821302-yerine-gecer-pn-6mp33dx9aa-id-47-4a__trashed\/\" data-wpil-monitor-id=\"487\">de\u011fi\u015fim anahtars\u0131z giri\u015f uzaktan kumanda<\/a>, acil durum anahtar\u0131 dahil.<\/li>\n<li>Bu nedenle, kesinlikle tavsiye ederiz ki \u00a0<a href=\"https:\/\/keylessbest.com\/tr\/herhangi-bir-araba-icin-hizli-ve-kolay-anahtar-anahtarlik-programlama-adimlari\/\" data-wpil-monitor-id=\"488\">ANAHTAR KUTUSUNUZUN PROGRAMLANMASINI<\/a> \u00f6nermekteyiz.<\/li>\n<\/ul>\n<h6><strong><b>Programlama Kaynaklar\u0131\u00a0<\/b><\/strong><\/h6>\n<p>Bizi tercih etti\u011finiz i\u00e7in te\u015fekk\u00fcr ederiz.<\/p>\n<p>Biz, otomobil anahtarlar\u0131, <a href=\"https:\/\/keylessbest.com\/tr\/product\/2016-2022-chevrolet-volt-cruze-yeni-model-traverse-camaro-malibu-cruze-xl8-sistemleri-sadece-blazer-sonic-4-dugme-anahtarsiz-giris-uzaktan-hyq4ea-pn-1350877113584504-13529660-46\/\" data-wpil-monitor-id=\"491\">anahtars\u0131z giri\u015f sistemi<\/a>, uzaktan kumanda anahtarlar\u0131, transponder \u00e7ipleri, anahtar programlay\u0131c\u0131lar, otomobil anahtar kabuklar\u0131, otomobil kilitleri, \u00e7ilingir ara\u00e7lar\u0131 ve benzeri \u00fcr\u00fcnlerin en profesyonel \u00fcreticilerinden biriyiz. Ayr\u0131ca, \u015firketimiz profesyonel bir ekibe ve \u00fcretim hatt\u0131na sahiptir. Ayr\u0131ca, \u00e7e\u015fitli otomobil anahtarlar\u0131, anahtar kabuklar\u0131 ve \u00e7ilingir ara\u00e7lar\u0131n\u0131n \u00fcretiminde uzman\u0131z. Otomobil g\u00fcvenli\u011fi ve koruma \u00fcr\u00fcnlerinin geli\u015ftirilmesi, \u00fcretimi ve toptan sat\u0131\u015f\u0131 ile de ilgileniyoruz.<\/p>\n<p>Rekabet\u00e7i fiyatlar ve \u00f6zel hizmetler, size iyi bir pazar kazand\u0131rmaya yard\u0131mc\u0131 olacakt\u0131r. Ayr\u0131ca, 10'dan fazla gen\u00e7 ve enerjik sat\u0131\u015f ekibimiz her zaman h\u0131zl\u0131, profesyonel ve samimi hizmet sunar. Ayr\u0131ca, t\u00fcm \u00fcr\u00fcnlerimiz do\u011frudan Amerika Birle\u015fik Devletleri, Kanada ve Meksika'daki depolardan sevk edilmektedir. Bu nedenle, sat\u0131n ald\u0131\u011f\u0131n\u0131z \u00fcr\u00fcnler, sipari\u015f verdikten sonra 48 saat i\u00e7inde paketlenip g\u00f6nderilecektir. \u00dcr\u00fcnlerimizin 100%\u2019den fazlas\u0131 stokta bulunmaktad\u0131r ve envanterimiz yeterlidir.<\/p>","protected":false},"excerpt":{"rendered":"<ul>\n<li>SKU: CA-PR634<\/li>\n<li>FCC Kimli\u011fi: KR55WK50138<\/li>\n<li>PN: 7PP959753AK 7PP.959.753.AK 7PP.959.753.BL 7PP.959.753.BQ 7PP.959.753.N 7PP.959.753.CF 7PP.959.753 AN 7PP 959 753 BL BQ N CF 7PP959753AN <a href=\"https:\/\/keylessbest.com\/tr\/product\/2010-2018-porsche-panamera-911-boxter-cayenne-cayman-macan-3-tuslu-anahtarsiz-giris-uzaktan-kumanda-kr55wk50138-pn-7pp959753ak-7pp-959-753-ak-7pp-959-753-bl-7pp-959-753-bq-7pp-959-753-n-7pp-959-753-cf\/\" data-wpil-monitor-id=\"490\">7PP959753BL 7PP959753BQ 7PP959753N<\/a> 7PP959753C<\/li>\n<li>IC: 7812D-5WK50138<\/li>\n<li>Frekans: 433MHz<\/li>\n<li>Tu\u015flar: A\u00e7, Kapa, Kapanak<\/li>\n<\/ul>","protected":false},"featured_media":21563,"comment_status":"open","ping_status":"closed","template":"","meta":{"_bst_post_transparent":"default","_bst_post_title":"","_bst_post_layout":"default","_bst_post_sidebar_id":"","_bst_post_content_style":"default","_bst_post_vertical_padding":"default","_bst_post_feature":"","_bst_post_feature_position":"","_bst_post_header":false,"_bst_post_footer":false},"product_brand":[],"product_cat":[15,171],"product_tag":[],"2_year_make_model":[],"class_list":{"0":"post-15696","1":"product","2":"type-product","3":"status-publish","4":"has-post-thumbnail","6":"product_cat-carkeyremote","7":"product_cat-for-porsche","9":"first","10":"instock","11":"sale","12":"shipping-taxable","13":"purchasable","14":"product-type-simple","15":"entry","16":"content-bg","17":"loop-entry"},"_links":{"self":[{"href":"https:\/\/keylessbest.com\/tr\/wp-json\/wp\/v2\/product\/15696","targetHints":{"allow":["GET"]}}],"collection":[{"href":"https:\/\/keylessbest.com\/tr\/wp-json\/wp\/v2\/product"}],"about":[{"href":"https:\/\/keylessbest.com\/tr\/wp-json\/wp\/v2\/types\/product"}],"replies":[{"embeddable":true,"href":"https:\/\/keylessbest.com\/tr\/wp-json\/wp\/v2\/comments?post=15696"}],"version-history":[{"count":4,"href":"https:\/\/keylessbest.com\/tr\/wp-json\/wp\/v2\/product\/15696\/revisions"}],"predecessor-version":[{"id":20237,"href":"https:\/\/keylessbest.com\/tr\/wp-json\/wp\/v2\/product\/15696\/revisions\/20237"}],"wp:featuredmedia":[{"embeddable":true,"href":"https:\/\/keylessbest.com\/tr\/wp-json\/wp\/v2\/media\/21563"}],"wp:attachment":[{"href":"https:\/\/keylessbest.com\/tr\/wp-json\/wp\/v2\/media?parent=15696"}],"wp:term":[{"taxonomy":"product_brand","embeddable":true,"href":"https:\/\/keylessbest.com\/tr\/wp-json\/wp\/v2\/product_brand?post=15696"},{"taxonomy":"product_cat","embeddable":true,"href":"https:\/\/keylessbest.com\/tr\/wp-json\/wp\/v2\/product_cat?post=15696"},{"taxonomy":"product_tag","embeddable":true,"href":"https:\/\/keylessbest.com\/tr\/wp-json\/wp\/v2\/product_tag?post=15696"},{"taxonomy":"2_year_make_model","embeddable":true,"href":"https:\/\/keylessbest.com\/tr\/wp-json\/wp\/v2\/2_year_make_model?post=15696"}],"curies":[{"name":"wp","href":"https:\/\/api.w.org\/{rel}","templated":true}]}}