{"id":15867,"date":"2025-08-19T09:10:05","date_gmt":"2025-08-19T09:10:05","guid":{"rendered":"https:\/\/hanwuji.shengjit.com\/?post_type=product&#038;p=15867"},"modified":"2026-02-25T02:54:18","modified_gmt":"2026-02-25T02:54:18","slug":"2015-2020-gmc-chevrolet-anahtar-kapagi-pn-13584502-keylessbest-icin","status":"publish","type":"product","link":"https:\/\/keylessbest.com\/tr\/product\/2015-2020-gmc-chevrolet-anahtar-kapagi-pn-13584502-keylessbest-icin\/","title":{"rendered":"2015-2020 GMC Chevrolet Anahtar Kapa\u011f\u0131 PN: 13584502 Keylessbest i\u00e7in"},"content":{"rendered":"<p>*Bu 2007-2014 Cadillac GMC Chevrolet anahtars\u0131z uzaktan kumanda anahtarl\u0131\u011f\u0131n\u0131n detayl\u0131 bilgileri a\u015fa\u011f\u0131daki gibidir. L\u00fctfen sipari\u015f vermeden \u00f6nce a\u015fa\u011f\u0131daki bilgilerin arac\u0131n\u0131zla uyumlu oldu\u011funu do\u011frulay\u0131n: FCC Kimli\u011fi, Par\u00e7a Numaras\u0131, Model Y\u0131l\u0131, IC, Frekans, \u00c7ip ve D\u00fc\u011fmeler.<\/p>\n<h6><strong><b>\u00dcr\u00fcn Bilgisi: <\/b><\/strong><\/h6>\n<ul>\n<li>FCC Kimli\u011fi: M3N32337100<\/li>\n<li>PN: 13577771, 13580081<\/li>\n<li>IC: 7812A-32337100<\/li>\n<li>Frekans: 315MHz<\/li>\n<li>D\u00fc\u011fmeler: Kilit, A\u00e7\u0131k, Kapa\u011f\u0131, Panik, Uzaktan Ba\u015flatma<\/li>\n<\/ul>\n<h6><strong><b>Referans model:<\/b><\/strong><\/h6>\n<ul>\n<li>2015 \u2013 2019 Chevrolet Colorado<\/li>\n<li>2014 \u2013 2019 Chevrolet Silverado<\/li>\n<li>2014 \u2013 2018 Chevrolet Suburban<\/li>\n<li>2014 \u2013 2018 Chevrolet Tahoe<\/li>\n<li>2015 \u2013 2019 GMC Canyon<\/li>\n<li>2014 \u2013 2019 GMC Sierra<\/li>\n<li>2014 \u2013 2018 GMC Yukon<\/li>\n<\/ul>\n<h6><strong><b>Paket \u0130\u00e7eri\u011fi:<\/b><\/strong><\/h6>\n<ul>\n<li>Yeni bir aftermarket anahtars\u0131z uzaktan kumanda anahtar\u0131<\/li>\n<li>\u00dccretsiz piyasa sonras\u0131 acil durum takma anahtar<\/li>\n<li>T\u00fcm vericiler pil ile gelir<\/li>\n<li>T\u00fcm \u00fcniteler sevkiyat \u00f6ncesi test edilmi\u015ftir<\/li>\n<li>2 y\u0131l 100% memnuniyet garantisi ve garanti<\/li>\n<\/ul>\n<h6><strong><b>Not:<\/b><\/strong><\/h6>\n<ul>\n<li>2014 \u2013 2019 Chevrolet GMC ak\u0131ll\u0131 anahtars\u0131z giri\u015f anahtarl\u0131k yedekleme \u2013 logo olmadan, kesilmemi\u015f acil durum anahtar\u0131n\u0131 i\u00e7eren.<\/li>\n<li>Uzaktan kumanday\u0131 kesmiyor veya programlam\u0131yoruz. Ayr\u0131ca, fiyatland\u0131rma i\u00e7in yerel \u00e7ilingir veya bayi ile ileti\u015fime ge\u00e7iniz.<\/li>\n<li>Bu verici, g\u00f6sterge paneline dokunarak ba\u015flat\/durdurma d\u00fc\u011fmesi veya burulma d\u00fc\u011fmesi ate\u015fleme \u00f6zellikli ara\u00e7larla uyumludur, ayr\u0131ca proxy anahtars\u0131z giri\u015f sistemine sahiptir.<\/li>\n<li>Fiyat tek bir tam <a href=\"https:\/\/keylessbest.com\/tr\/product\/2015-2021-jeep-renegade-5-tuslu-anahtarsiz-giris-uzaktan-kumanda-m3n-40821302-yerine-gecer-pn-6mp33dx9aa-id-47-4a__trashed\/\" data-wpil-monitor-id=\"439\">de\u011fi\u015fim anahtars\u0131z giri\u015f uzaktan kumanda<\/a>, acil durum anahtar\u0131 dahil.<\/li>\n<li>Bu nedenle, kesinlikle tavsiye ederiz ki \u00a0<a href=\"https:\/\/keylessbest.com\/tr\/herhangi-bir-araba-icin-hizli-ve-kolay-anahtar-anahtarlik-programlama-adimlari\/\" data-wpil-monitor-id=\"440\">ANAHTAR KUTUSUNUZUN PROGRAMLANMASINI<\/a> \u00f6nermekteyiz.<\/li>\n<\/ul>\n<h6><strong><b>Programlama Kaynaklar\u0131\u00a0<\/b><\/strong><\/h6>\n<p><a href=\"http:\/\/programyourfob.com\/?list_6\/\" target=\"_blank\" rel=\"noopener\">http:\/\/programyourfob.com\/?list_6\/<\/a><\/p>\n<p><a href=\"http:\/\/programyourfob.com\/?list_11\/\" target=\"_blank\" rel=\"noopener\">http:\/\/programyourfob.com\/?list_11\/<\/a><\/p>\n<p>Bizi tercih etti\u011finiz i\u00e7in te\u015fekk\u00fcr ederiz.<\/p>\n<p>Biz, araba anahtarlar\u0131 ve anahtars\u0131z giri\u015f sistemi \u00fcretiminde en profesyonel \u00fcreticilerden biriyiz, <a href=\"https:\/\/keylessbest.com\/tr\/product\/2007-2018-jeep-dodge-chrysler-wrangler-patriot-compass-caliber-nitro-aspen-dakota-durango-ram-4-tuslu-anahtarsiz-giris-uzaktan-kumanda-oht692713aa-pn-04589621ab-oht692427aa-04589621aa-56040649ad-045\/\" data-wpil-monitor-id=\"438\">araba anahtar uzaktan kumandas\u0131<\/a>, transponder \u00e7ipler, anahtar programlay\u0131c\u0131lar, ara\u00e7 anahtar\u0131 kabuklar\u0131, ara\u00e7 kilitleri, \u00e7ilingir ara\u00e7lar\u0131 ve benzeri. Ayr\u0131ca, firmam\u0131z profesyonel bir ekibe ve \u00fcretim hatt\u0131na sahiptir. Ayr\u0131ca, \u00e7e\u015fitli ara\u00e7 anahtarlar\u0131, ara\u00e7 anahtar\u0131 kabuklar\u0131 ve \u00e7ilingir ara\u00e7lar\u0131 \u00fcretiminde uzman\u0131z. Otomobil g\u00fcvenlik ve koruma \u00fcr\u00fcnlerinin geli\u015ftirilmesi, \u00fcretimi ve toptan sat\u0131\u015f\u0131 ile de ilgileniyoruz.<\/p>\n<p>Rekabet\u00e7i fiyatlar ve \u00f6zel hizmetler, size iyi bir pazar kazand\u0131rmaya yard\u0131mc\u0131 olacakt\u0131r. Ayr\u0131ca, 10'dan fazla gen\u00e7 ve enerjik sat\u0131\u015f ekibimiz her zaman h\u0131zl\u0131, profesyonel ve samimi hizmet sunar. Ayr\u0131ca, t\u00fcm \u00fcr\u00fcnlerimiz do\u011frudan Amerika Birle\u015fik Devletleri, Kanada ve Meksika'daki depolardan sevk edilmektedir. Bu nedenle, sat\u0131n ald\u0131\u011f\u0131n\u0131z \u00fcr\u00fcnler, sipari\u015f verdikten sonra 48 saat i\u00e7inde paketlenip g\u00f6nderilecektir. \u00dcr\u00fcnlerimizin 100%\u2019den fazlas\u0131 stokta bulunmaktad\u0131r ve envanterimiz yeterlidir.<\/p>","protected":false},"excerpt":{"rendered":"<ul>\n<li>SKU: CA-GM659<\/li>\n<li>FCC Kimli\u011fi: M3N32337100<\/li>\n<li>PN: 13577771, 13580081<\/li>\n<li>IC: 7812A-32337100<\/li>\n<li>Frekans: 315MHz<\/li>\n<li>D\u00fc\u011fmeler: Kilit, A\u00e7\u0131k, Kapa\u011f\u0131, Panik, Uzaktan Ba\u015flatma<\/li>\n<\/ul>","protected":false},"featured_media":21546,"comment_status":"open","ping_status":"closed","template":"","meta":{"_bst_post_transparent":"default","_bst_post_title":"","_bst_post_layout":"default","_bst_post_sidebar_id":"","_bst_post_content_style":"default","_bst_post_vertical_padding":"default","_bst_post_feature":"","_bst_post_feature_position":"","_bst_post_header":false,"_bst_post_footer":false},"product_brand":[],"product_cat":[15,150,152],"product_tag":[],"2_year_make_model":[],"class_list":{"0":"post-15867","1":"product","2":"type-product","3":"status-publish","4":"has-post-thumbnail","6":"product_cat-carkeyremote","7":"product_cat-for-chevrolet","8":"product_cat-for-gmc","10":"first","11":"instock","12":"sale","13":"shipping-taxable","14":"purchasable","15":"product-type-simple","16":"entry","17":"content-bg","18":"loop-entry"},"_links":{"self":[{"href":"https:\/\/keylessbest.com\/tr\/wp-json\/wp\/v2\/product\/15867","targetHints":{"allow":["GET"]}}],"collection":[{"href":"https:\/\/keylessbest.com\/tr\/wp-json\/wp\/v2\/product"}],"about":[{"href":"https:\/\/keylessbest.com\/tr\/wp-json\/wp\/v2\/types\/product"}],"replies":[{"embeddable":true,"href":"https:\/\/keylessbest.com\/tr\/wp-json\/wp\/v2\/comments?post=15867"}],"version-history":[{"count":3,"href":"https:\/\/keylessbest.com\/tr\/wp-json\/wp\/v2\/product\/15867\/revisions"}],"predecessor-version":[{"id":19408,"href":"https:\/\/keylessbest.com\/tr\/wp-json\/wp\/v2\/product\/15867\/revisions\/19408"}],"wp:featuredmedia":[{"embeddable":true,"href":"https:\/\/keylessbest.com\/tr\/wp-json\/wp\/v2\/media\/21546"}],"wp:attachment":[{"href":"https:\/\/keylessbest.com\/tr\/wp-json\/wp\/v2\/media?parent=15867"}],"wp:term":[{"taxonomy":"product_brand","embeddable":true,"href":"https:\/\/keylessbest.com\/tr\/wp-json\/wp\/v2\/product_brand?post=15867"},{"taxonomy":"product_cat","embeddable":true,"href":"https:\/\/keylessbest.com\/tr\/wp-json\/wp\/v2\/product_cat?post=15867"},{"taxonomy":"product_tag","embeddable":true,"href":"https:\/\/keylessbest.com\/tr\/wp-json\/wp\/v2\/product_tag?post=15867"},{"taxonomy":"2_year_make_model","embeddable":true,"href":"https:\/\/keylessbest.com\/tr\/wp-json\/wp\/v2\/2_year_make_model?post=15867"}],"curies":[{"name":"wp","href":"https:\/\/api.w.org\/{rel}","templated":true}]}}