{"id":16106,"date":"2025-08-19T09:13:35","date_gmt":"2025-08-19T09:13:35","guid":{"rendered":"https:\/\/hanwuji.shengjit.com\/?post_type=product&#038;p=16106"},"modified":"2026-02-25T08:31:39","modified_gmt":"2026-02-25T08:31:39","slug":"2012-2018-mazda-anahtar-kapagi-kdy3-67-5dy-315mhz-icin-keylessbest","status":"publish","type":"product","link":"https:\/\/keylessbest.com\/tr\/product\/2012-2018-mazda-anahtar-kapagi-kdy3-67-5dy-315mhz-icin-keylessbest\/","title":{"rendered":"2012-2018 Mazda Anahtar Kapa\u011f\u0131 KDY3-67-5DY 315MHz Keylessbest i\u00e7in"},"content":{"rendered":"<p>*Bu 2012-2018 Mazda anahtars\u0131z uzaktan kumanda anahtar\u0131n\u0131n detayl\u0131 bilgileri a\u015fa\u011f\u0131daki gibidir. L\u00fctfen sipari\u015f vermeden \u00f6nce a\u015fa\u011f\u0131daki bilgilerin arac\u0131n\u0131zla uyumlu oldu\u011funu do\u011frulay\u0131n: FCC Kimli\u011fi, Par\u00e7a Numaras\u0131, <span style=\"font-size: 16px; font-style: normal; font-weight: 400;\">\u00a0<\/span><span style=\"font-size: 16px; font-style: normal; font-weight: 400;\">Y\u0131l Modeli,<\/span><span style=\"font-size: 16px; font-style: normal; font-weight: 400;\">IC,<\/span><span style=\"font-size: 16px; font-style: normal; font-weight: 400;\">\u00a0<\/span><span style=\"font-size: 16px;\">Frekans, \u00c7ip ve D\u00fc\u011fmeler.<\/span><\/p>\n<h6><strong><b>\u00dcr\u00fcn Bilgisi:<\/b><\/strong><\/h6>\n<ul>\n<li style=\"font-size: 16px;\">FCC Kimli\u011fi: WAZSKE13D01 WAZSKE13D02<\/li>\n<li style=\"font-size: 16px;\">PN: KDY3-67-5DY, KD33-67-5RY<\/li>\n<li style=\"font-size: 16px;\">IC: 662F-SKE13D01 662F-SKE13D02<\/li>\n<li>Frekans: 315MHz<\/li>\n<li style=\"font-size: 16px;\">D\u00fc\u011fmeler: Kilit, A\u00e7\u0131k, Panik<\/li>\n<\/ul>\n<h6><strong><b>Referans model<\/b><\/strong><strong><b>\uff1a<\/b><\/strong><\/h6>\n<ul>\n<li>2014 \u2013 2018 Mazda 3<\/li>\n<li>2016 \u2013 2018 Mazda CX3<\/li>\n<li>2012 \u2013 2018 Mazda CX5 (bagaj olmadan)<\/li>\n<li>2014 Mazda SPEED3 Mazdaspeed3<\/li>\n<\/ul>\n<h6><strong><b>Paket \u0130\u00e7eri\u011fi:<\/b><\/strong><\/h6>\n<ul>\n<li>Yeni bir aftermarket anahtars\u0131z uzaktan kumanda anahtar\u0131<\/li>\n<li>\u00dccretsiz piyasa sonras\u0131 acil durum takma anahtar<\/li>\n<li>T\u00fcm vericiler pil ile gelir<\/li>\n<li>T\u00fcm \u00fcniteler sevkiyat \u00f6ncesi test edilmi\u015ftir<\/li>\n<li>2 y\u0131l 100% memnuniyet garantisi ve garanti<\/li>\n<\/ul>\n<h6><strong><b>Not:<\/b><\/strong><\/h6>\n<ul>\n<li>2012-2018 Mazda ak\u0131ll\u0131 <a href=\"https:\/\/keylessbest.com\/tr\/product\/2015-2020-cadillac-ats-ats-v-ct6-ct6-plug-in-cts-cts-v-xts-5-tuslu-anahtarsiz-giris-uzaktan-kumanda-hyq2eb-pn-13598512-13594029s-13510243-46__trashed\/\" data-wpil-monitor-id=\"378\">anahtars\u0131z giri\u015f anahtar\u0131<\/a> de\u011fi\u015fim \u2013 logo olmadan, kesilmemi\u015f acil durum ek anahtar\u0131 dahil.<\/li>\n<li>Uzaktan kumanday\u0131 kesmiyor veya programlam\u0131yoruz. Ayr\u0131ca, fiyatland\u0131rma i\u00e7in yerel \u00e7ilingir veya bayi ile ileti\u015fime ge\u00e7iniz.<\/li>\n<li>Bu verici, g\u00f6sterge panelinde ba\u015flat\/durdur d\u00fc\u011fmesi veya d\u00f6ner anahtar ile \u00e7al\u0131\u015fan ara\u00e7lar ve proxy anahtars\u0131z giri\u015f sistemi ile uyumludur.<\/li>\n<li>Fiyat tek bir tam <a href=\"https:\/\/keylessbest.com\/tr\/product\/2015-2021-jeep-renegade-5-tuslu-anahtarsiz-giris-uzaktan-kumanda-m3n-40821302-yerine-gecer-pn-6mp33dx9aa-id-47-4a__trashed\/\" data-wpil-monitor-id=\"379\">de\u011fi\u015fim anahtars\u0131z giri\u015f uzaktan kumanda<\/a>, acil durum anahtar\u0131 dahil.<\/li>\n<li>Bu nedenle, anahtar kutusunun bir profesyonel \u00e7ilingir veya bayi taraf\u0131ndan programlanmas\u0131n\u0131 \u015fiddetle tavsiye ederiz.<\/li>\n<\/ul>\n<h6><strong>Programlama Kaynaklar\u0131:<\/strong><\/h6>\n<p><a href=\"http:\/\/programyourfob.com\/?list_23\/\" target=\"_blank\" rel=\"noopener\">http:\/\/programyourfob.com\/?list_23\/<\/a><\/p>\n<p>Bizi tercih etti\u011finiz i\u00e7in te\u015fekk\u00fcr ederiz.<\/p>\n<p>Biz, araba anahtarlar\u0131 ve anahtars\u0131z giri\u015f sistemi \u00fcretiminde en profesyonel \u00fcreticilerden biriyiz, <a href=\"https:\/\/keylessbest.com\/tr\/product\/2013-2020-ford-escape-titanium-escape-focus-se-ve-titanium-focus-c-max-energi-focus-bev-maverick-5-dugmeli-anahtarsiz-giris-uzaktan-kumanda-m3n5wy8609-pn164-r7995-cj5t-15k601-dx-5923790-83\/\" data-wpil-monitor-id=\"377\">araba anahtar uzaktan kumandas\u0131<\/a>, transponder \u00e7ipleri, anahtar programlay\u0131c\u0131lar, araba anahtar kabuklar\u0131, araba kilitleri, \u00e7ilingir ara\u00e7lar\u0131 ve benzeri. Ayr\u0131ca, firmam\u0131z\u0131n profesyonel bir ekibi ve \u00fcretim hatt\u0131 bulunmaktad\u0131r. Dahas\u0131, \u00e7e\u015fitli araba anahtarlar\u0131, araba anahtar kabuklar\u0131 ve \u00e7ilingir ara\u00e7lar\u0131 \u00fcretiminde uzman\u0131z. Ayr\u0131ca, otomobil g\u00fcvenlik ve koruma \u00fcr\u00fcnlerinin geli\u015ftirilmesi, \u00fcretimi ve toptan sat\u0131\u015f\u0131 ile ilgileniyoruz.<\/p>\n<p>Rekabet\u00e7i fiyatlar ve \u00f6zel hizmetler, size iyi bir pazar kazand\u0131rmaya yard\u0131mc\u0131 olacakt\u0131r. Ayr\u0131ca, 10'dan fazla gen\u00e7 ve enerjik sat\u0131\u015f ekibimiz her zaman h\u0131zl\u0131, profesyonel ve samimi hizmet sunar. Ayr\u0131ca, t\u00fcm \u00fcr\u00fcnlerimiz do\u011frudan Amerika Birle\u015fik Devletleri, Kanada ve Meksika'daki depolardan sevk edilmektedir. Bu nedenle, sat\u0131n ald\u0131\u011f\u0131n\u0131z \u00fcr\u00fcnler, sipari\u015f verdikten sonra 48 saat i\u00e7inde paketlenip g\u00f6nderilecektir. \u00dcr\u00fcnlerimizin 100%\u2019den fazlas\u0131 stokta bulunmaktad\u0131r ve envanterimiz yeterlidir.<\/p>","protected":false},"excerpt":{"rendered":"<ul>\n<li style=\"font-size: 16px;\">SKU: CA-MZ550<\/li>\n<li style=\"font-size: 16px;\">FCC Kimli\u011fi: WAZSKE13D01 WAZSKE13D02<\/li>\n<li style=\"font-size: 16px;\">PN: KDY3-67-5DY, KD33-67-5RY<\/li>\n<li style=\"font-size: 16px;\">IC: 662F-SKE13D01 662F-SKE13D02<\/li>\n<li>Frekans: 315MHz<\/li>\n<li style=\"font-size: 16px;\">D\u00fc\u011fmeler: Kilit, A\u00e7\u0131k, Panik<\/li>\n<\/ul>","protected":false},"featured_media":21619,"comment_status":"open","ping_status":"closed","template":"","meta":{"_bst_post_transparent":"default","_bst_post_title":"","_bst_post_layout":"default","_bst_post_sidebar_id":"","_bst_post_content_style":"default","_bst_post_vertical_padding":"default","_bst_post_feature":"","_bst_post_feature_position":"","_bst_post_header":false,"_bst_post_footer":false},"product_brand":[],"product_cat":[15,159],"product_tag":[],"2_year_make_model":[],"class_list":{"0":"post-16106","1":"product","2":"type-product","3":"status-publish","4":"has-post-thumbnail","6":"product_cat-carkeyremote","7":"product_cat-for-mazda","9":"first","10":"instock","11":"sale","12":"shipping-taxable","13":"purchasable","14":"product-type-simple","15":"entry","16":"content-bg","17":"loop-entry"},"_links":{"self":[{"href":"https:\/\/keylessbest.com\/tr\/wp-json\/wp\/v2\/product\/16106","targetHints":{"allow":["GET"]}}],"collection":[{"href":"https:\/\/keylessbest.com\/tr\/wp-json\/wp\/v2\/product"}],"about":[{"href":"https:\/\/keylessbest.com\/tr\/wp-json\/wp\/v2\/types\/product"}],"replies":[{"embeddable":true,"href":"https:\/\/keylessbest.com\/tr\/wp-json\/wp\/v2\/comments?post=16106"}],"version-history":[{"count":3,"href":"https:\/\/keylessbest.com\/tr\/wp-json\/wp\/v2\/product\/16106\/revisions"}],"predecessor-version":[{"id":19990,"href":"https:\/\/keylessbest.com\/tr\/wp-json\/wp\/v2\/product\/16106\/revisions\/19990"}],"wp:featuredmedia":[{"embeddable":true,"href":"https:\/\/keylessbest.com\/tr\/wp-json\/wp\/v2\/media\/21619"}],"wp:attachment":[{"href":"https:\/\/keylessbest.com\/tr\/wp-json\/wp\/v2\/media?parent=16106"}],"wp:term":[{"taxonomy":"product_brand","embeddable":true,"href":"https:\/\/keylessbest.com\/tr\/wp-json\/wp\/v2\/product_brand?post=16106"},{"taxonomy":"product_cat","embeddable":true,"href":"https:\/\/keylessbest.com\/tr\/wp-json\/wp\/v2\/product_cat?post=16106"},{"taxonomy":"product_tag","embeddable":true,"href":"https:\/\/keylessbest.com\/tr\/wp-json\/wp\/v2\/product_tag?post=16106"},{"taxonomy":"2_year_make_model","embeddable":true,"href":"https:\/\/keylessbest.com\/tr\/wp-json\/wp\/v2\/2_year_make_model?post=16106"}],"curies":[{"name":"wp","href":"https:\/\/api.w.org\/{rel}","templated":true}]}}