{"id":17010,"date":"2025-08-19T09:27:46","date_gmt":"2025-08-19T09:27:46","guid":{"rendered":"https:\/\/hanwuji.shengjit.com\/?post_type=product&#038;p=17010"},"modified":"2026-02-27T05:05:17","modified_gmt":"2026-02-27T05:05:17","slug":"2004-2016-bmw-anahtar-kapagi-267t-5wk49197-434mhz-keylessbest-icin","status":"publish","type":"product","link":"https:\/\/keylessbest.com\/tr\/product\/2004-2016-bmw-anahtar-kapagi-267t-5wk49197-434mhz-keylessbest-icin\/","title":{"rendered":"2004-2016 BMW Anahtar Kapa\u011f\u0131 267T-5WK49197 434MHz Keylessbest i\u00e7in"},"content":{"rendered":"<p>*Bu 2004-2016 BMW anahtars\u0131z uzaktan kumanda anahtar\u0131n\u0131n detayl\u0131 bilgileri a\u015fa\u011f\u0131daki gibidir. L\u00fctfen sipari\u015f vermeden \u00f6nce a\u015fa\u011f\u0131daki detaylar\u0131n arac\u0131n\u0131zla e\u015fle\u015fti\u011finden emin olun: FCC Kimli\u011fi, Par\u00e7a Numaras\u0131, Model Y\u0131l\u0131, IC, Frekans, \u00c7ip ve D\u00fc\u011fmeler.<\/p>\n<h6><strong><b>\u00dcr\u00fcn Bilgisi:<\/b><\/strong><\/h6>\n<ul>\n<li>FCC Kimli\u011fi: <a href=\"https:\/\/keylessbest.com\/tr\/product\/2004-2016-bmw-cas-1-3-5-6-serisi-m3-m5-m6-x1-x5-x6-z4-3-tuslu-anahtarsiz-giris-uzaktan-kumanda-kr55wk49127-kr55wk49123-pn6986583-698658305-46\/\" data-wpil-monitor-id=\"248\">KR55WK49127 \/ KR55WK49123<\/a><\/li>\n<li>PN: 267T-5WK49197<\/li>\n<li>IC: <a href=\"https:\/\/keylessbest.com\/tr\/product\/2006-2016-cadillac-chevrolet-buick-monte-carlo-suburban-tahoe-yukon-silverado-escalade-sierra-avalanche-s10-pikap-4-dugmeli-anahtarsiz-giris-uzaktan-kumanda-ouc60270-pnouc60221-850k60270-850k60221-159\/\" data-wpil-monitor-id=\"241\">850K60270 \/ 850K60221<\/a><\/li>\n<li>Frekans: 434MHz<\/li>\n<li>\u00c7ip: 46<\/li>\n<li>Tu\u015flar: Kilit, A\u00e7, Bagaj<\/li>\n<\/ul>\n<h6><strong><b>Referans model:<\/b><\/strong><\/h6>\n<ul>\n<li>2006 &#8211; 2011 <a href=\"https:\/\/keylessbest.com\/tr\/product\/2004-2016-bmw-cas-1-serisi-cas-3-serisi-cas-5-serisi-cas-6-serisi-m3-m5-m6-x1-x5-x6-z4-3-tuslu-anahtarsiz-giris-uzaktan-kumanda-kr55wk49127\/\" data-wpil-monitor-id=\"250\">BMW CAS 1 Serisi<\/a><\/li>\n<li>2006 &#8211; 2011 <a href=\"https:\/\/keylessbest.com\/tr\/product\/2014-2019-bmw-serisi-3-serisi-5-x5-x6-4-dugmeli-anahtarsiz-giris-uzaktan-kumanda-nbgidgng1-49-hitag-pro\/\" data-wpil-monitor-id=\"251\">BMW CAS 3 Serisi<\/a><\/li>\n<li>2004 &#8211; 2011 <a href=\"https:\/\/keylessbest.com\/tr\/product\/2002-2008-bmw-7-serisi-745i-745li-750i-750li-760i-760li-4-tusuz-anahtarsiz-giris-uzaktan-kumanda-lx8766s-pn-2911a-12133-2\/\" data-wpil-monitor-id=\"252\">BMW CAS 5 Serisi<\/a><\/li>\n<li>2004 &#8211; 2011 <a href=\"https:\/\/keylessbest.com\/tr\/product\/1999-2009-bmw-3-serisi-5-serisi-6-serisi-7-serisi-m3-z8-z3-x5-m5-x3-z4-3-dugmeli-anahtarsiz-giris-uzaktan-kumanda-lx8fzv-pn6955750-pcf7935-44\/\" data-wpil-monitor-id=\"253\">BMW CAS 6 Serisi<\/a><\/li>\n<li><a href=\"https:\/\/keylessbest.com\/tr\/product\/2009-2014-toyota-avalon-camry-corolla-3-tuslu-anahtarsiz-giris-uzaktan-kumanda-hyq14aem-pn-89904-0r060-89904-60770-89904-0r090-89904-42140__trashed\/\" data-wpil-monitor-id=\"238\">2007 &#8211; 2013<\/a> BMW M3 (be\u015finci nesil E90, E92, E93)<\/li>\n<li>2004 \u2013 2010 BMW M5 (be\u015finci nesil E60, E61)<\/li>\n<li>2005 \u2013 2010 BMW M6 (birinci nesil E63, E64)<\/li>\n<li>2009 \u2013 2015 BMW X1 (birinci nesil E84)<\/li>\n<li>2006 \u2013 2013 BMW X5 (ikinci nesil E70)<\/li>\n<li>2008 \u2013 2014 BMW X6 (birinci nesil E71, E72)<\/li>\n<li>2009 \u2013 2016 BMW Z4 (ikinci nesil E8<\/li>\n<\/ul>\n<h6><strong><b>Paket \u0130\u00e7eri\u011fi:<\/b><\/strong><\/h6>\n<ul>\n<li>Yeni bir yan sanayi <a href=\"https:\/\/keylessbest.com\/tr\/product\/2001-2011-chevrolet-gmc-cadillac-suburban-tahoe-yukon-silverado-escalade-sierra-avalanche-s10-pickup-3-tuslu-anahtarsiz-giris-uzaktan-kumanda-koblear1xt-pn15042968\/\" data-wpil-monitor-id=\"247\">anahtars\u0131z uzaktan<\/a> fob<\/li>\n<li>\u00dccretsiz piyasa sonras\u0131 acil durum takma anahtar<\/li>\n<li>T\u00fcm vericiler pil ile gelir<\/li>\n<li>T\u00fcm \u00fcniteler sevkiyat \u00f6ncesi test edilmi\u015ftir<\/li>\n<li>2 y\u0131l 100% memnuniyet garantisi ve garanti<\/li>\n<\/ul>\n<h6><strong><b>Not:<\/b><\/strong><\/h6>\n<ul>\n<li>2004-2016 BMW ak\u0131ll\u0131 <a href=\"https:\/\/keylessbest.com\/tr\/product\/1999-2004-acura-cl-tl-rl-4-dugmeli-anahtarsiz-giris-uzaktan-kumanda-e4eg8d-444h-a-yerine-gecer-pn-72147-s0k-a23-72147-s0k-a13__trashed\/\" data-wpil-monitor-id=\"239\">anahtars\u0131z giri\u015f anahtar\u0131 yedekleme<\/a> - logo olmadan, kesilmemi\u015f acil durum ek anahtar\u0131 dahil.<\/li>\n<li>Biz kesmiyoruz veya programlam\u0131yoruz <a href=\"https:\/\/keylessbest.com\/tr\/keylessbestarabaanahtarfobshop\/\" data-wpil-monitor-id=\"245\">uzaktan anahtar<\/a>. Ayr\u0131ca, fiyatland\u0131rma i\u00e7in l\u00fctfen yerel \u00e7ilingir veya bayiye ula\u015f\u0131n.<\/li>\n<li>Bu verici, g\u00f6sterge panelinde ba\u015flat\/durdur d\u00fc\u011fmesi veya d\u00f6ner anahtar ate\u015fleme \u00f6zelli\u011fi bulunan ara\u00e7larla uyumludur, ayr\u0131ca bir proxy ile birlikte <a href=\"https:\/\/keylessbest.com\/tr\/product\/2007-2013-nissan-rogue-versa-pathfinder-akilli-sistemli-3-dugmeli-anahtarsiz-giris-uzaktan-kumanda-cwtwbu729-cwtwbu735-cwtwbu624-pn-285e3-em30d-285e3-em31d\/\" data-wpil-monitor-id=\"244\">anahtars\u0131z giri\u015f sistemi<\/a>.<\/li>\n<li>Fiyat tek bir tam <a href=\"https:\/\/keylessbest.com\/tr\/product\/2015-2021-jeep-renegade-5-tuslu-anahtarsiz-giris-uzaktan-kumanda-m3n-40821302-yerine-gecer-pn-6mp33dx9aa-id-47-4a__trashed\/\" data-wpil-monitor-id=\"240\">de\u011fi\u015fim anahtars\u0131z giri\u015f uzaktan kumanda<\/a>, acil durum anahtar\u0131 dahil.<\/li>\n<li>Bu nedenle, arac\u0131n\u0131z\u0131n <a href=\"https:\/\/keylessbest.com\/tr\/herhangi-bir-araba-icin-hizli-ve-kolay-anahtar-anahtarlik-programlama-adimlari\/\" data-wpil-monitor-id=\"243\">ANAHTAR KUTUSUNUZUN PROGRAMLANMASINI<\/a> \u00f6nermekteyiz.<\/li>\n<\/ul>\n<h6><strong>Programlama Kaynaklar\u0131:<\/strong><\/h6>\n<p><a href=\"http:\/\/programyourfob.com\/?list_3\/\" target=\"_blank\" rel=\"noopener\">http:\/\/programyourfob.com\/?list_3\/<\/a><\/p>\n<p>Bizi tercih etti\u011finiz i\u00e7in te\u015fekk\u00fcr ederiz.<\/p>\n<p>Biz, araba anahtarlar\u0131 ve anahtars\u0131z giri\u015f sistemi \u00fcretiminde en profesyonel \u00fcreticilerden biriyiz, <a href=\"https:\/\/keylessbest.com\/tr\/product\/__trashed-17\/\" data-wpil-monitor-id=\"237\">araba anahtar uzaktan kumandas\u0131<\/a>, transponder \u00e7ipler, anahtar programlay\u0131c\u0131lar, ara\u00e7 anahtar\u0131 kapaklar\u0131, ara\u00e7 kilitleri, \u00e7ilingir ara\u00e7lar\u0131 ve benzeri. Ayr\u0131ca, Firmam\u0131z\u0131n profesyonel ekibi ve \u00fcretim hatt\u0131 bulunmaktad\u0131r. Dahas\u0131, \u00e7e\u015fitli \u00fcretiminde uzmanla\u015fm\u0131\u015f bulunmaktay\u0131z <a href=\"https:\/\/keylessbest.com\/tr\/2025te-bir-araba-anahtar-dugmesi-degistirme-maliyeti-ne-kadar\/\" data-wpil-monitor-id=\"246\">ara\u00e7 anahtarlar\u0131<\/a>, ara\u00e7 anahtar\u0131 kapaklar\u0131 ve \u00e7ilingir ara\u00e7lar\u0131. Ayr\u0131ca, otomobil g\u00fcvenli\u011fi ve koruma \u00fcr\u00fcnlerinin geli\u015ftirilmesi, \u00fcretimi ve toptan sat\u0131\u015f\u0131 ile ilgileniyoruz.<\/p>\n<p>Rekabet\u00e7i fiyatlar ve \u00f6zel hizmetler, size iyi bir pazar kazand\u0131rmaya yard\u0131mc\u0131 olacakt\u0131r. Ayr\u0131ca, 10'dan fazla gen\u00e7 ve enerjik sat\u0131\u015f ekibimiz her zaman h\u0131zl\u0131, profesyonel ve samimi hizmet sunar. Ayr\u0131ca, t\u00fcm \u00fcr\u00fcnlerimiz do\u011frudan Amerika Birle\u015fik Devletleri, Kanada ve Meksika'daki depolardan sevk edilmektedir. Bu nedenle, sat\u0131n ald\u0131\u011f\u0131n\u0131z \u00fcr\u00fcnler, sipari\u015f verdikten sonra 48 saat i\u00e7inde paketlenip g\u00f6nderilecektir. \u00dcr\u00fcnlerimizin 100%\u2019den fazlas\u0131 stokta bulunmaktad\u0131r ve envanterimiz yeterlidir.<\/p>","protected":false},"excerpt":{"rendered":"<ul>\n<li>SKU: CA-BM759<\/li>\n<li>FCC Kimli\u011fi: <a href=\"https:\/\/keylessbest.com\/tr\/product\/2004-2016-bmw-cas-1-3-5-6-serisi-m3-m5-m6-x1-x5-x6-z4-3-tuslu-anahtarsiz-giris-uzaktan-kumanda-kr55wk49127-kr55wk49123-pn6986583-698658305-46\/\" data-wpil-monitor-id=\"249\">KR55WK49127 \/ KR55WK49123<\/a><\/li>\n<li>PN: 267T-5WK49197<\/li>\n<li>IC: <a href=\"https:\/\/keylessbest.com\/tr\/product\/2006-2016-cadillac-chevrolet-buick-monte-carlo-suburban-tahoe-yukon-silverado-escalade-sierra-avalanche-s10-pikap-4-dugmeli-anahtarsiz-giris-uzaktan-kumanda-ouc60270-pnouc60221-850k60270-850k60221-159\/\" data-wpil-monitor-id=\"242\">850K60270 \/ 850K60221<\/a><\/li>\n<li>Frekans: 434MHz<\/li>\n<li>\u00c7ip: 46<\/li>\n<li>Tu\u015flar: Kilit, A\u00e7, Bagaj<\/li>\n<\/ul>","protected":false},"featured_media":21439,"comment_status":"open","ping_status":"closed","template":"","meta":{"_bst_post_transparent":"default","_bst_post_title":"","_bst_post_layout":"default","_bst_post_sidebar_id":"","_bst_post_content_style":"default","_bst_post_vertical_padding":"default","_bst_post_feature":"","_bst_post_feature_position":"","_bst_post_header":false,"_bst_post_footer":false},"product_brand":[],"product_cat":[15,161],"product_tag":[],"2_year_make_model":[],"class_list":{"0":"post-17010","1":"product","2":"type-product","3":"status-publish","4":"has-post-thumbnail","6":"product_cat-carkeyremote","7":"product_cat-for-bmw","9":"first","10":"instock","11":"sale","12":"shipping-taxable","13":"purchasable","14":"product-type-simple","15":"entry","16":"content-bg","17":"loop-entry"},"_links":{"self":[{"href":"https:\/\/keylessbest.com\/tr\/wp-json\/wp\/v2\/product\/17010","targetHints":{"allow":["GET"]}}],"collection":[{"href":"https:\/\/keylessbest.com\/tr\/wp-json\/wp\/v2\/product"}],"about":[{"href":"https:\/\/keylessbest.com\/tr\/wp-json\/wp\/v2\/types\/product"}],"replies":[{"embeddable":true,"href":"https:\/\/keylessbest.com\/tr\/wp-json\/wp\/v2\/comments?post=17010"}],"version-history":[{"count":4,"href":"https:\/\/keylessbest.com\/tr\/wp-json\/wp\/v2\/product\/17010\/revisions"}],"predecessor-version":[{"id":20106,"href":"https:\/\/keylessbest.com\/tr\/wp-json\/wp\/v2\/product\/17010\/revisions\/20106"}],"wp:featuredmedia":[{"embeddable":true,"href":"https:\/\/keylessbest.com\/tr\/wp-json\/wp\/v2\/media\/21439"}],"wp:attachment":[{"href":"https:\/\/keylessbest.com\/tr\/wp-json\/wp\/v2\/media?parent=17010"}],"wp:term":[{"taxonomy":"product_brand","embeddable":true,"href":"https:\/\/keylessbest.com\/tr\/wp-json\/wp\/v2\/product_brand?post=17010"},{"taxonomy":"product_cat","embeddable":true,"href":"https:\/\/keylessbest.com\/tr\/wp-json\/wp\/v2\/product_cat?post=17010"},{"taxonomy":"product_tag","embeddable":true,"href":"https:\/\/keylessbest.com\/tr\/wp-json\/wp\/v2\/product_tag?post=17010"},{"taxonomy":"2_year_make_model","embeddable":true,"href":"https:\/\/keylessbest.com\/tr\/wp-json\/wp\/v2\/2_year_make_model?post=17010"}],"curies":[{"name":"wp","href":"https:\/\/api.w.org\/{rel}","templated":true}]}}