{"id":17073,"date":"2025-08-19T09:28:52","date_gmt":"2025-08-19T09:28:52","guid":{"rendered":"https:\/\/hanwuji.shengjit.com\/?post_type=product&#038;p=17073"},"modified":"2026-02-12T03:55:40","modified_gmt":"2026-02-12T03:55:40","slug":"2022-2024-acura-rdx-anahtar-kapagi-degisimi-433mhz-kr5tp-2","status":"publish","type":"product","link":"https:\/\/keylessbest.com\/tr\/product\/2022-2024-acura-rdx-anahtar-kapagi-degisimi-433mhz-kr5tp-2\/","title":{"rendered":"2022-2024 Acura RDX Anahtar Kapa\u011f\u0131 De\u011fi\u015fimi 433MHz KR5TP-2"},"content":{"rendered":"<p>*Bu 2021-2022 Acura anahtars\u0131z uzaktan kumandan\u0131n detayl\u0131 bilgileri a\u015fa\u011f\u0131daki gibidir. L\u00fctfen sipari\u015f vermeden \u00f6nce a\u015fa\u011f\u0131daki bilgilerin arac\u0131n\u0131zla uyumlu oldu\u011funu do\u011frulay\u0131n: FCC Kimli\u011fi, Par\u00e7a Numaras\u0131, Model Y\u0131l\u0131, IC, Frekans, \u00c7ip ve D\u00fc\u011fmeler.<\/p>\n<h6><strong><b>\u00dcr\u00fcn Bilgisi: <\/b><\/strong><\/h6>\n<ul>\n<li>FCC Kimli\u011fi: KR5TP-2<\/li>\n<li>PN: 72147-TJB-A31<\/li>\n<li>IC: 7812D-TP2<\/li>\n<li>Frekans: 433Mhz<\/li>\n<li>\u00c7ip: 47<\/li>\n<li>Test Anahtar\u0131: HU100<\/li>\n<li>Tu\u015flar: Kilit, A\u00e7ma, Panik, Kapan<\/li>\n<li>Pil: CR2032<\/li>\n<\/ul>\n<h6><strong><b>Referans model:<\/b><\/strong><\/h6>\n<ul>\n<li>2022 \u2013 2024 Acura RDX<\/li>\n<\/ul>\n<h6><strong><b>Paket \u0130\u00e7eri\u011fi:<\/b><\/strong><\/h6>\n<ul>\n<li>Yeni bir aftermarket anahtars\u0131z uzaktan kumanda anahtar\u0131<\/li>\n<li>\u00dccretsiz piyasa sonras\u0131 acil durum takma anahtar<\/li>\n<li>T\u00fcm vericiler pil ile gelir<\/li>\n<li>T\u00fcm \u00fcniteler sevkiyat \u00f6ncesi test edilmi\u015ftir<\/li>\n<li>2 y\u0131l 100% memnuniyet garantisi ve garanti<\/li>\n<\/ul>\n<h6><strong><b>Not:<\/b><\/strong><\/h6>\n<ul>\n<li>2022-2024 Acura ak\u0131ll\u0131 anahtars\u0131z giri\u015f anahtar kutusu de\u011fi\u015fimi \u2013 logo olmadan, kesilmemi\u015f acil durum anahtar\u0131n\u0131 i\u00e7erir.<\/li>\n<li>Biz uzaktan kumanday\u0131 kesmiyoruz veya <a href=\"https:\/\/keylessbest.com\/tr\/product\/ezprogrammer-obd-araci-iphone-ve-android-icin-abonelik-ucreti-yok\/\" data-wpil-monitor-id=\"1779\">programlam\u0131yoruz<\/a>.Ayr\u0131ca, fiyatland\u0131rma i\u00e7in l\u00fctfen yerel \u00e7ilingir veya bayiye ula\u015f\u0131n.<\/li>\n<li>Bu verici, g\u00f6sterge panelinde bas-\u00e7al\u0131\u015ft\u0131r\/durdur d\u00fc\u011fmesi veya burgu anahtar konta\u011f\u0131 bulunan ara\u00e7lar ile uyumludur, ayr\u0131ca proxy anahtars\u0131z giri\u015f sistemine sahiptir.<\/li>\n<li>Fiyat, bir adet tam yedek anahtars\u0131z giri\u015f uzaktan kumanda i\u00e7indir, acil durum anahtar\u0131 dahil.<\/li>\n<li>Bu nedenle, kesinlikle tavsiye ederiz ki <a href=\"https:\/\/keylessbest.com\/tr\/anahtar-kartimi-programlamak-icin-bir-cilingir-nasil-bulunur\/\" data-wpil-monitor-id=\"1778\">\u00a0ANAHTAR KARTI, bir profesyonel \u00e7ilingir taraf\u0131ndan programland\u0131<\/a> veya sat\u0131c\u0131 taraf\u0131ndan.<\/li>\n<\/ul>\n<h6><strong><b>Programlama Kaynaklar\u0131\u00a0<\/b><\/strong><\/h6>\n<p><a href=\"http:\/\/programyourfob.com\/?list_1\/\" target=\"_blank\" rel=\"noopener\">http:\/\/programyourfob.com\/?list_1\/<\/a><\/p>\n<p>Bizi tercih etti\u011finiz i\u00e7in te\u015fekk\u00fcr ederiz.<\/p>\n<p>Biz, otomobil anahtarlar\u0131, anahtars\u0131z giri\u015f sistemi, araba anahtar uzaktan kumandas\u0131, transponder \u00e7ipleri, anahtar programlay\u0131c\u0131lar, araba anahtar kabuklar\u0131, araba kilitleri, \u00e7ilingir ara\u00e7lar\u0131 ve benzeri \u00fcr\u00fcnlerin en profesyonel \u00fcreticilerinden biriyiz. Ayr\u0131ca, \u015firketimiz profesyonel bir ekibe ve \u00fcretim hatt\u0131na sahiptir. Dahas\u0131, \u00e7e\u015fitli \u00fcr\u00fcnlerin \u00fcretiminde uzman\u0131z <a href=\"https:\/\/keylessbest.com\/tr\/2025te-bir-araba-anahtar-dugmesi-degistirme-maliyeti-ne-kadar\/\" data-wpil-monitor-id=\"1780\">araba anahtar\u0131<\/a>lar, araba anahtar kabuklar\u0131 ve \u00e7ilingir ara\u00e7lar\u0131. Ayr\u0131ca otomobil g\u00fcvenlik ve koruma \u00fcr\u00fcnlerinin geli\u015ftirilmesi, \u00fcretimi ve toptan sat\u0131\u015f\u0131 ile ilgileniyoruz.<\/p>\n<p>Rekabet\u00e7i fiyatlar ve \u00f6zel hizmetler, size iyi bir pazar kazand\u0131rmaya yard\u0131mc\u0131 olacakt\u0131r. Ayr\u0131ca, 10'dan fazla gen\u00e7 ve enerjik sat\u0131\u015f ekibimiz her zaman h\u0131zl\u0131, profesyonel ve samimi hizmet sunar. Ayr\u0131ca, t\u00fcm \u00fcr\u00fcnlerimiz do\u011frudan Amerika Birle\u015fik Devletleri, Kanada ve Meksika'daki depolardan sevk edilmektedir. Bu nedenle, sat\u0131n ald\u0131\u011f\u0131n\u0131z \u00fcr\u00fcnler, sipari\u015f verdikten sonra 48 saat i\u00e7inde paketlenip g\u00f6nderilecektir. \u00dcr\u00fcnlerimizin 100%\u2019den fazlas\u0131 stokta bulunmaktad\u0131r ve envanterimiz yeterlidir.<\/p>","protected":false},"excerpt":{"rendered":"<ul>\n<li>SKU: CA-HD1091<\/li>\n<li>FCC Kimli\u011fi: KR5TP-2<\/li>\n<li>PN: 72147-TJB-A31<\/li>\n<li>IC: 7812D-TP2<\/li>\n<li>Frekans: 433Mhz<\/li>\n<li>\u00c7ip: 47<\/li>\n<li>Test Anahtar\u0131: HU100<\/li>\n<li>Tu\u015flar: Kilit, A\u00e7ma, Panik, Kapan<\/li>\n<li>Pil: CR2032<\/li>\n<\/ul>","protected":false},"featured_media":21008,"comment_status":"open","ping_status":"closed","template":"","meta":{"_bst_post_transparent":"default","_bst_post_title":"","_bst_post_layout":"default","_bst_post_sidebar_id":"","_bst_post_content_style":"default","_bst_post_vertical_padding":"default","_bst_post_feature":"","_bst_post_feature_position":"","_bst_post_header":false,"_bst_post_footer":false},"product_brand":[],"product_cat":[15,381],"product_tag":[],"2_year_make_model":[],"class_list":{"0":"post-17073","1":"product","2":"type-product","3":"status-publish","4":"has-post-thumbnail","6":"product_cat-carkeyremote","7":"product_cat-for-acura","9":"first","10":"instock","11":"sale","12":"shipping-taxable","13":"purchasable","14":"product-type-simple","15":"entry","16":"content-bg","17":"loop-entry"},"_links":{"self":[{"href":"https:\/\/keylessbest.com\/tr\/wp-json\/wp\/v2\/product\/17073","targetHints":{"allow":["GET"]}}],"collection":[{"href":"https:\/\/keylessbest.com\/tr\/wp-json\/wp\/v2\/product"}],"about":[{"href":"https:\/\/keylessbest.com\/tr\/wp-json\/wp\/v2\/types\/product"}],"replies":[{"embeddable":true,"href":"https:\/\/keylessbest.com\/tr\/wp-json\/wp\/v2\/comments?post=17073"}],"version-history":[{"count":2,"href":"https:\/\/keylessbest.com\/tr\/wp-json\/wp\/v2\/product\/17073\/revisions"}],"predecessor-version":[{"id":19725,"href":"https:\/\/keylessbest.com\/tr\/wp-json\/wp\/v2\/product\/17073\/revisions\/19725"}],"wp:featuredmedia":[{"embeddable":true,"href":"https:\/\/keylessbest.com\/tr\/wp-json\/wp\/v2\/media\/21008"}],"wp:attachment":[{"href":"https:\/\/keylessbest.com\/tr\/wp-json\/wp\/v2\/media?parent=17073"}],"wp:term":[{"taxonomy":"product_brand","embeddable":true,"href":"https:\/\/keylessbest.com\/tr\/wp-json\/wp\/v2\/product_brand?post=17073"},{"taxonomy":"product_cat","embeddable":true,"href":"https:\/\/keylessbest.com\/tr\/wp-json\/wp\/v2\/product_cat?post=17073"},{"taxonomy":"product_tag","embeddable":true,"href":"https:\/\/keylessbest.com\/tr\/wp-json\/wp\/v2\/product_tag?post=17073"},{"taxonomy":"2_year_make_model","embeddable":true,"href":"https:\/\/keylessbest.com\/tr\/wp-json\/wp\/v2\/2_year_make_model?post=17073"}],"curies":[{"name":"wp","href":"https:\/\/api.w.org\/{rel}","templated":true}]}}