{"id":17153,"date":"2025-08-19T09:30:02","date_gmt":"2025-08-19T09:30:02","guid":{"rendered":"https:\/\/hanwuji.shengjit.com\/?post_type=product&#038;p=17153"},"modified":"2026-02-23T07:39:34","modified_gmt":"2026-02-23T07:39:34","slug":"2010-2019-buick-chevrolet-anahtar-kapagi-ic-5461a-01060512-keylessbest-icin","status":"publish","type":"product","link":"https:\/\/keylessbest.com\/tr\/product\/2010-2019-buick-chevrolet-anahtar-kapagi-ic-5461a-01060512-keylessbest-icin\/","title":{"rendered":"2010-2019 Buick Chevrolet Anahtar Anahtarl\u0131k IC: 5461A-01060512 Keylessbest i\u00e7in"},"content":{"rendered":"<p>*Bu 2010-2019 GMC Buick Chevrole anahtars\u0131z uzaktan kumandan\u0131n detayl\u0131 bilgileri a\u015fa\u011f\u0131daki gibidir. L\u00fctfen sipari\u015f vermeden \u00f6nce a\u015fa\u011f\u0131daki bilgilerin arac\u0131n\u0131zla e\u015fle\u015fti\u011finden emin olun: FCC Kimli\u011fi, Par\u00e7a Numaras\u0131, Model Y\u0131l\u0131, IC, Frekans, \u00c7ip ve D\u00fc\u011fmeler.<\/p>\n<h6><strong><b>\u00dcr\u00fcn Bilgisi:<\/b><\/strong><\/h6>\n<ul>\n<li>FCC ID: OHT01060512, OHT01060512, V2T01060512, V2T01060514, AVL-B01T1AC, AVL-B01T2AC<\/li>\n<li>PN: 13500319, 13504202, 13500224, 13585206 5912559, 5927058, 5921873<\/li>\n<li>IC: 5461A-01060512<\/li>\n<li>Frekans: 315MHz<\/li>\n<li>\u00c7ip:46<\/li>\n<li>D\u00fc\u011fmeler: Kilit, A\u00e7, Bagaj, Panik, Uzaktan Ba\u015flatma<\/li>\n<\/ul>\n<h6><strong><b>Referans model:<\/b><\/strong><\/h6>\n<ul>\n<li>2011-2016 Chevrolet Cruze*<\/li>\n<li><a href=\"https:\/\/keylessbest.com\/tr\/product\/2010-2019-buick-gmc-chevrolet-spark-sonic-trax-equinox-terrain-encore-3-dugmeli-anahtarsiz-giris-uzaktan-kumanda-oht01060512-oht01060512-v2t01060512-v2t01060514-avl-b01t1ac-avl-b01t2ac-pn20873621-20\/\" data-wpil-monitor-id=\"210\">2010-2019 Chevrolet Equinox<\/a><\/li>\n<li>2014-2019 Chevrolet Impala<\/li>\n<li>2014-2016 Chevrolet Malibu<\/li>\n<li>2012-2017 Chevrolet Sonic<\/li>\n<li><a href=\"https:\/\/keylessbest.com\/tr\/product\/2010-2019-chevrolet-gmc-buick-camaro-cruze-equino-impala-malibu-sonic-terrain-lacrosse-regal-verano-encore-allure-4-tusuz-anahtarsiz-giris-uzaktan-kumanda-oht01060512-pn13504200-13504205-13585811-5912\/\" data-wpil-monitor-id=\"212\">2010-2019 GMC Terrain<\/a><\/li>\n<li>2010-2016 <a href=\"https:\/\/keylessbest.com\/tr\/product\/2017-2020-buick-lacrosse-5-tuslu-anahtarsiz-giris-uzaktan-kumanda-hyq4ea-pn-13508414\/\" data-wpil-monitor-id=\"213\">Buick LaCrosse<\/a><\/li>\n<li>2011-2017 Buick Regal<\/li>\n<li>2012-2017 Buick Verano<\/li>\n<li>2014-2019 Buick Encore<\/li>\n<li>\n<ol>\n<li>1. LOCK ve UNLOCK d\u00fc\u011fmesine ayn\u0131 anda yakla\u015f\u0131k 5 saniye bas\u0131l\u0131 tutun<\/li>\n<li>2. Sadece LOCK d\u00fc\u011fmesini b\u0131rak\u0131n (kilitli tutmaya devam edin)<\/li>\n<li>Kilit d\u00fc\u011fmesine 3 kez bas\u0131n<\/li>\n<li>T\u00fcm d\u00fc\u011fmeleri serbest b\u0131rak\u0131n, herhangi bir d\u00fc\u011fmeye 1 kez bas\u0131n, kilidi a\u00e7may\u0131 tamamlay\u0131n 2010-2012 Buick AllureNot 2016 <a href=\"https:\/\/keylessbest.com\/tr\/product\/2016-2020-chevrolet-cruze-xl7-sonic-volt-bolt-spark-5-dugmeli-anahtarsiz-giris-uzaktan-kumanda-hyq4aa-pn-13508768-13585722-13585723-13529661-13529664-13508770-46\/\" data-wpil-monitor-id=\"211\">Chevrolet Cruze'un 3 olas\u0131 uzaktan kumandas\u0131 vard\u0131r<\/a> \u00e7ift anahtarlar, l\u00fctfen ihtiyac\u0131n\u0131z olan anahtar\u0131 do\u011frulay\u0131n. Di\u011fer se\u00e7enekler 13514135 (XL8 g\u00fcncellemesi olan ara\u00e7lar i\u00e7in 433 Mhz) ve 13588756 (XL7 315Mhz olan ara\u00e7lar i\u00e7in) Bu anahtar, a\u015fa\u011f\u0131daki ad\u0131m\u0131 uygulad\u0131ktan sonra tekrar kullan\u0131labilir<\/li>\n<li>L\u00fctfen dikkat: d\u00fc\u011fmelere h\u0131zl\u0131ca basmal\u0131s\u0131n\u0131z. Her d\u00fc\u011fmeye 1 saniye bas\u0131l\u0131 tutmak \u00e7ok uzun olur. Bu anahtar\u0131, T\u00fcm Anahtarlar Kayboldu\u011funda ve ara\u00e7 2 yeni anahtar gerektirdi\u011finde kullan\u0131n, ard\u0131ndan ba\u015fka bir ara\u00e7ta tekrar kullanmak i\u00e7in anahtar\u0131 s\u0131f\u0131rlay\u0131n! RFK-GM-REPRX. Bu \u00c7ift Anahtar, GM Ara\u00e7lar\u0131 i\u00e7in tekrar kullan\u0131labilir bir anahtard\u0131r (A\u015fa\u011f\u0131daki talimatlara bak\u0131n)<\/li>\n<\/ol>\n<\/li>\n<\/ul>\n<h6><strong><b>Paket \u0130\u00e7eri\u011fi:<\/b><\/strong><\/h6>\n<ul>\n<li>Yeni bir aftermarket anahtars\u0131z uzaktan kumanda anahtar\u0131<\/li>\n<li>\u00dccretsiz piyasa sonras\u0131 acil durum takma anahtar<\/li>\n<li>T\u00fcm vericiler pil ile gelir<\/li>\n<li>T\u00fcm \u00fcniteler sevkiyat \u00f6ncesi test edilmi\u015ftir<\/li>\n<li>2 y\u0131l 100% memnuniyet garantisi ve garanti<\/li>\n<\/ul>\n<h6><strong><b>Not:<\/b><\/strong><\/h6>\n<ul>\n<li>2010-2019 Chevrolet GMC Buick ak\u0131ll\u0131 anahtars\u0131z giri\u015f anahtar\u0131 yedekleme \u2013 logo olmadan, kesilmemi\u015f acil durum ek anahtar\u0131 dahil.<\/li>\n<li>Uzaktan kumanday\u0131 kesmiyor veya programlam\u0131yoruz. Ayr\u0131ca, fiyatland\u0131rma i\u00e7in yerel \u00e7ilingir veya bayi ile ileti\u015fime ge\u00e7iniz.<\/li>\n<li>Bu verici, g\u00f6sterge panelinde ba\u015flat\/durdur d\u00fc\u011fmesi veya d\u00f6ner anahtar ate\u015fleme \u00f6zelli\u011fi bulunan ara\u00e7larla uyumludur, ayr\u0131ca bir proxy ile birlikte <a href=\"https:\/\/keylessbest.com\/tr\/product\/2007-2013-nissan-rogue-versa-pathfinder-akilli-sistemli-3-dugmeli-anahtarsiz-giris-uzaktan-kumanda-cwtwbu729-cwtwbu735-cwtwbu624-pn-285e3-em30d-285e3-em31d\/\" data-wpil-monitor-id=\"209\">anahtars\u0131z giri\u015f sistemi<\/a>.<\/li>\n<li>Fiyat tek bir tam <a href=\"https:\/\/keylessbest.com\/tr\/product\/2015-2021-jeep-renegade-5-tuslu-anahtarsiz-giris-uzaktan-kumanda-m3n-40821302-yerine-gecer-pn-6mp33dx9aa-id-47-4a__trashed\/\" data-wpil-monitor-id=\"207\">de\u011fi\u015fim anahtars\u0131z giri\u015f uzaktan kumanda<\/a>, acil durum anahtar\u0131 dahil.<\/li>\n<li>Bu nedenle, arac\u0131n\u0131z\u0131n <a href=\"https:\/\/keylessbest.com\/tr\/herhangi-bir-araba-icin-hizli-ve-kolay-anahtar-anahtarlik-programlama-adimlari\/\" data-wpil-monitor-id=\"208\">ANAHTAR KUTUSUNUZUN PROGRAMLANMASINI<\/a> \u00f6nermekteyiz.<\/li>\n<\/ul>\n<h6><strong>Programlama Kaynaklar\u0131:<\/strong><\/h6>\n<p><a href=\"http:\/\/programyourfob.com\/?list_4\/\" target=\"_blank\" rel=\"noopener\">http:\/\/programyourfob.com\/?list_4\/<\/a><\/p>\n<p><a href=\"http:\/\/programyourfob.com\/?list_6\/\" target=\"_blank\" rel=\"noopener\">http:\/\/programyourfob.com\/?list_6\/<\/a><\/p>\n<p><a href=\"http:\/\/programyourfob.com\/?list_11\/\" target=\"_blank\" rel=\"noopener\">http:\/\/programyourfob.com\/?list_11\/<\/a><\/p>\n<p>Bizi tercih etti\u011finiz i\u00e7in te\u015fekk\u00fcr ederiz.<\/p>\n<p>Biz, araba anahtarlar\u0131 ve anahtars\u0131z giri\u015f sistemi \u00fcretiminde en profesyonel \u00fcreticilerden biriyiz, <a href=\"https:\/\/keylessbest.com\/tr\/product\/2014-2019-chevrolet-gmc-colorado-silverado-suburban-tahoe-sierra-yukon-canyon-4-dugmeli-anahtarsiz-giris-uzaktan-kumanda-m3n32337100-pn-22881480-13577761__trashed\/\" data-wpil-monitor-id=\"206\">araba anahtar uzaktan kumandas\u0131<\/a>, transponder \u00e7ipleri, anahtar programlay\u0131c\u0131lar, araba anahtar kabuklar\u0131, araba kilitleri, \u00e7ilingir ara\u00e7lar\u0131 ve benzeri. Ayr\u0131ca, firmam\u0131z\u0131n profesyonel bir ekibi ve \u00fcretim hatt\u0131 bulunmaktad\u0131r. Dahas\u0131, \u00e7e\u015fitli araba anahtarlar\u0131, araba anahtar kabuklar\u0131 ve \u00e7ilingir ara\u00e7lar\u0131 \u00fcretiminde uzman\u0131z. Ayr\u0131ca, otomobil g\u00fcvenlik ve koruma \u00fcr\u00fcnlerinin geli\u015ftirilmesi, \u00fcretimi ve toptan sat\u0131\u015f\u0131 ile ilgileniyoruz.<\/p>\n<p>Rekabet\u00e7i fiyatlar ve \u00f6zel hizmetler, size iyi bir pazar kazand\u0131rmaya yard\u0131mc\u0131 olacakt\u0131r. Ayr\u0131ca, 10'dan fazla gen\u00e7 ve enerjik sat\u0131\u015f ekibimiz her zaman h\u0131zl\u0131, profesyonel ve samimi hizmet sunar. Ayr\u0131ca, t\u00fcm \u00fcr\u00fcnlerimiz do\u011frudan Amerika Birle\u015fik Devletleri, Kanada ve Meksika'daki depolardan sevk edilmektedir. Bu nedenle, sat\u0131n ald\u0131\u011f\u0131n\u0131z \u00fcr\u00fcnler, sipari\u015f verdikten sonra 48 saat i\u00e7inde paketlenip g\u00f6nderilecektir. \u00dcr\u00fcnlerimizin 100%\u2019den fazlas\u0131 stokta bulunmaktad\u0131r ve envanterimiz yeterlidir.<\/p>\n<p>&nbsp;<\/p>","protected":false},"excerpt":{"rendered":"<ul>\n<li>SKU:CA-GM776<\/li>\n<li>FCC ID: OHT01060512, OHT01060512, V2T01060512, V2T01060514, AVL-B01T1AC, AVL-B01T2A<\/li>\n<li>PN: 13500319, 13504202, 13500224, 13585206 5912559, 5927058, 5921873<\/li>\n<li>IC: 5461A-01060512<\/li>\n<li>Frekans: 315MHz<\/li>\n<li>\u00c7ip:46<\/li>\n<li>D\u00fc\u011fmeler: Kilit, A\u00e7, Bagaj, Panik, Uzaktan Ba\u015flatma<\/li>\n<\/ul>","protected":false},"featured_media":21425,"comment_status":"open","ping_status":"closed","template":"","meta":{"_bst_post_transparent":"default","_bst_post_title":"","_bst_post_layout":"default","_bst_post_sidebar_id":"","_bst_post_content_style":"default","_bst_post_vertical_padding":"default","_bst_post_feature":"","_bst_post_feature_position":"","_bst_post_header":false,"_bst_post_footer":false},"product_brand":[],"product_cat":[15,151,150,152],"product_tag":[],"2_year_make_model":[],"class_list":{"0":"post-17153","1":"product","2":"type-product","3":"status-publish","4":"has-post-thumbnail","6":"product_cat-carkeyremote","7":"product_cat-for-buick","8":"product_cat-for-chevrolet","9":"product_cat-for-gmc","11":"first","12":"instock","13":"sale","14":"shipping-taxable","15":"purchasable","16":"product-type-simple","17":"entry","18":"content-bg","19":"loop-entry"},"_links":{"self":[{"href":"https:\/\/keylessbest.com\/tr\/wp-json\/wp\/v2\/product\/17153","targetHints":{"allow":["GET"]}}],"collection":[{"href":"https:\/\/keylessbest.com\/tr\/wp-json\/wp\/v2\/product"}],"about":[{"href":"https:\/\/keylessbest.com\/tr\/wp-json\/wp\/v2\/types\/product"}],"replies":[{"embeddable":true,"href":"https:\/\/keylessbest.com\/tr\/wp-json\/wp\/v2\/comments?post=17153"}],"version-history":[{"count":3,"href":"https:\/\/keylessbest.com\/tr\/wp-json\/wp\/v2\/product\/17153\/revisions"}],"predecessor-version":[{"id":19399,"href":"https:\/\/keylessbest.com\/tr\/wp-json\/wp\/v2\/product\/17153\/revisions\/19399"}],"wp:featuredmedia":[{"embeddable":true,"href":"https:\/\/keylessbest.com\/tr\/wp-json\/wp\/v2\/media\/21425"}],"wp:attachment":[{"href":"https:\/\/keylessbest.com\/tr\/wp-json\/wp\/v2\/media?parent=17153"}],"wp:term":[{"taxonomy":"product_brand","embeddable":true,"href":"https:\/\/keylessbest.com\/tr\/wp-json\/wp\/v2\/product_brand?post=17153"},{"taxonomy":"product_cat","embeddable":true,"href":"https:\/\/keylessbest.com\/tr\/wp-json\/wp\/v2\/product_cat?post=17153"},{"taxonomy":"product_tag","embeddable":true,"href":"https:\/\/keylessbest.com\/tr\/wp-json\/wp\/v2\/product_tag?post=17153"},{"taxonomy":"2_year_make_model","embeddable":true,"href":"https:\/\/keylessbest.com\/tr\/wp-json\/wp\/v2\/2_year_make_model?post=17153"}],"curies":[{"name":"wp","href":"https:\/\/api.w.org\/{rel}","templated":true}]}}