{"id":17603,"date":"2025-08-19T09:46:04","date_gmt":"2025-08-19T09:46:04","guid":{"rendered":"https:\/\/hanwuji.shengjit.com\/?post_type=product&#038;p=17603"},"modified":"2026-02-26T08:23:30","modified_gmt":"2026-02-26T08:23:30","slug":"2002-2005-bmw-anahtar-kapagi-pcf7931-433mhz-keylessbest-icin","status":"publish","type":"product","link":"https:\/\/keylessbest.com\/tr\/product\/2002-2005-bmw-anahtar-kapagi-pcf7931-433mhz-keylessbest-icin\/","title":{"rendered":"2002-2005 BMW Anahtar Kapa\u011f\u0131 PCF7931 433MHz Keylessbest i\u00e7in"},"content":{"rendered":"<p>*Bu 2002-2005 Mini anahtars\u0131z uzaktan kumanda anahtar\u0131n\u0131n detayl\u0131 bilgileri a\u015fa\u011f\u0131daki gibidir. L\u00fctfen sipari\u015f vermeden \u00f6nce a\u015fa\u011f\u0131daki detaylar\u0131n arac\u0131n\u0131zla uydu\u011fundan emin olun: FCC Kimli\u011fi, Par\u00e7a Numaras\u0131, Y\u0131l Modeli, IC, Frekans, \u00c7ip ve D\u00fc\u011fmeler.<\/p>\n<h6><strong><b>\u00dcr\u00fcn Bilgisi: <\/b><\/strong><\/h6>\n<ul>\n<li>Frekans: 433Mhz<\/li>\n<li>\u00c7ip: PCF7931<\/li>\n<\/ul>\n<h6><strong><b>Referans model:<\/b><\/strong><\/h6>\n<ul>\n<li>2002 2003 2004 2005 BMW Mini Copper<\/li>\n<\/ul>\n<h6><strong><b>Paket \u0130\u00e7eri\u011fi:<\/b><\/strong><\/h6>\n<ul>\n<li>Yeni bir aftermarket anahtars\u0131z uzaktan kumanda anahtar\u0131<\/li>\n<li>\u00dccretsiz piyasa sonras\u0131 acil durum takma anahtar<\/li>\n<li>T\u00fcm vericiler pil ile gelir<\/li>\n<li>T\u00fcm \u00fcniteler sevkiyat \u00f6ncesi test edilmi\u015ftir<\/li>\n<li>2 y\u0131l 100% memnuniyet garantisi ve garanti<\/li>\n<\/ul>\n<h6><strong><b>Not:<\/b><\/strong><\/h6>\n<ul>\n<li>2002-2005 BMW Mini ak\u0131ll\u0131 anahtars\u0131z giri\u015f anahtar\u0131 de\u011fi\u015ftirme \u2013 logo olmadan, kesilmemi\u015f acil durum ek anahtar\u0131 dahil.<\/li>\n<li>Uzaktan kumanday\u0131 kesmiyor veya programlam\u0131yoruz. Ayr\u0131ca, fiyatland\u0131rma i\u00e7in yerel \u00e7ilingir veya bayi ile ileti\u015fime ge\u00e7iniz.<\/li>\n<li>Bu verici, g\u00f6sterge panelinde bas-\u00e7al\u0131\u015ft\u0131r\/dur d\u00fc\u011fmesi veya d\u00f6nd\u00fcrmeli anahtar ate\u015fleme bulunan ara\u00e7larla ve proxy anahtars\u0131z giri\u015f sistemiyle uyumludur.<\/li>\n<li>Fiyat, bir adet tam yedek anahtars\u0131z giri\u015f uzaktan kumanda i\u00e7indir, acil durum anahtar\u0131 dahil.<\/li>\n<li>Bu nedenle, anahtar kutusunun bir profesyonel \u00e7ilingir veya bayi taraf\u0131ndan programlanmas\u0131n\u0131 \u015fiddetle tavsiye ederiz.<\/li>\n<\/ul>\n<h6><strong><b>Programlama Kaynaklar\u0131\u00a0<\/b><\/strong><\/h6>\n<p><a href=\"http:\/\/programyourfob.com\/?list_3\/\" target=\"_blank\" rel=\"noopener\">http:\/\/programyourfob.com\/?list_3\/<\/a><\/p>\n<p>Bizi tercih etti\u011finiz i\u00e7in te\u015fekk\u00fcr ederiz.<\/p>\n<p>Biz, araba anahtarlar\u0131, anahtars\u0131z giri\u015f sistemi, araba anahtar uzaktan kumandas\u0131, transponder \u00e7ipler, anahtar programlay\u0131c\u0131lar, araba anahtar kabuklar\u0131, araba kilitleri, \u00e7ilingir ara\u00e7lar\u0131 ve benzeri alanlarda en profesyonel \u00fcreticilerden biriyiz. Ayr\u0131ca, \u015firketimiz profesyonel bir ekibe ve \u00fcretim hatt\u0131na sahiptir. Ayr\u0131ca, \u00e7e\u015fitli araba anahtarlar\u0131, araba anahtar kabuklar\u0131 ve \u00e7ilingir ara\u00e7lar\u0131 \u00fcretiminde uzman\u0131z. Otomobil g\u00fcvenlik ve koruma \u00fcr\u00fcnlerinin geli\u015ftirilmesi, \u00fcretimi ve toptan sat\u0131\u015f\u0131 ile de ilgileniyoruz.<\/p>\n<p>Rekabet\u00e7i fiyatlar ve \u00f6zel hizmetler, size iyi bir pazar kazand\u0131rmaya yard\u0131mc\u0131 olacakt\u0131r. Ayr\u0131ca, 10'dan fazla gen\u00e7 ve enerjik sat\u0131\u015f ekibimiz her zaman h\u0131zl\u0131, profesyonel ve samimi hizmet sunar. Ayr\u0131ca, t\u00fcm \u00fcr\u00fcnlerimiz do\u011frudan Amerika Birle\u015fik Devletleri, Kanada ve Meksika'daki depolardan sevk edilmektedir. Bu nedenle, sat\u0131n ald\u0131\u011f\u0131n\u0131z \u00fcr\u00fcnler, sipari\u015f verdikten sonra 48 saat i\u00e7inde paketlenip g\u00f6nderilecektir. \u00dcr\u00fcnlerimizin 100%\u2019den fazlas\u0131 stokta bulunmaktad\u0131r ve envanterimiz yeterlidir.<\/p>","protected":false},"excerpt":{"rendered":"<ul>\n<li>SKU: CA-BM284<\/li>\n<li>Frekans: 433Mhz<\/li>\n<li>\u00c7ip: PCF7931<\/li>\n<\/ul>","protected":false},"featured_media":21168,"comment_status":"open","ping_status":"closed","template":"","meta":{"_bst_post_transparent":"default","_bst_post_title":"","_bst_post_layout":"default","_bst_post_sidebar_id":"","_bst_post_content_style":"default","_bst_post_vertical_padding":"default","_bst_post_feature":"","_bst_post_feature_position":"","_bst_post_header":false,"_bst_post_footer":false},"product_brand":[],"product_cat":[15,161,388],"product_tag":[],"2_year_make_model":[],"class_list":{"0":"post-17603","1":"product","2":"type-product","3":"status-publish","4":"has-post-thumbnail","6":"product_cat-carkeyremote","7":"product_cat-for-bmw","8":"product_cat-for-mini","10":"first","11":"instock","12":"sale","13":"shipping-taxable","14":"purchasable","15":"product-type-simple","16":"entry","17":"content-bg","18":"loop-entry"},"_links":{"self":[{"href":"https:\/\/keylessbest.com\/tr\/wp-json\/wp\/v2\/product\/17603","targetHints":{"allow":["GET"]}}],"collection":[{"href":"https:\/\/keylessbest.com\/tr\/wp-json\/wp\/v2\/product"}],"about":[{"href":"https:\/\/keylessbest.com\/tr\/wp-json\/wp\/v2\/types\/product"}],"replies":[{"embeddable":true,"href":"https:\/\/keylessbest.com\/tr\/wp-json\/wp\/v2\/comments?post=17603"}],"version-history":[{"count":2,"href":"https:\/\/keylessbest.com\/tr\/wp-json\/wp\/v2\/product\/17603\/revisions"}],"predecessor-version":[{"id":20121,"href":"https:\/\/keylessbest.com\/tr\/wp-json\/wp\/v2\/product\/17603\/revisions\/20121"}],"wp:featuredmedia":[{"embeddable":true,"href":"https:\/\/keylessbest.com\/tr\/wp-json\/wp\/v2\/media\/21168"}],"wp:attachment":[{"href":"https:\/\/keylessbest.com\/tr\/wp-json\/wp\/v2\/media?parent=17603"}],"wp:term":[{"taxonomy":"product_brand","embeddable":true,"href":"https:\/\/keylessbest.com\/tr\/wp-json\/wp\/v2\/product_brand?post=17603"},{"taxonomy":"product_cat","embeddable":true,"href":"https:\/\/keylessbest.com\/tr\/wp-json\/wp\/v2\/product_cat?post=17603"},{"taxonomy":"product_tag","embeddable":true,"href":"https:\/\/keylessbest.com\/tr\/wp-json\/wp\/v2\/product_tag?post=17603"},{"taxonomy":"2_year_make_model","embeddable":true,"href":"https:\/\/keylessbest.com\/tr\/wp-json\/wp\/v2\/2_year_make_model?post=17603"}],"curies":[{"name":"wp","href":"https:\/\/api.w.org\/{rel}","templated":true}]}}