{"id":17723,"date":"2025-08-19T09:50:44","date_gmt":"2025-08-19T09:50:44","guid":{"rendered":"https:\/\/hanwuji.shengjit.com\/?post_type=product&#038;p=17723"},"modified":"2026-02-23T07:08:16","modified_gmt":"2026-02-23T07:08:16","slug":"2013-2018-hyundai-anahtar-kapagi-degisimi-434mhz-95440-4z200","status":"publish","type":"product","link":"https:\/\/keylessbest.com\/tr\/product\/2013-2018-hyundai-anahtar-kapagi-degisimi-434mhz-95440-4z200\/","title":{"rendered":"2013-2018 Hyundai Anahtar Anahtarl\u0131k De\u011fi\u015fimi 434MHz 95440-4Z200"},"content":{"rendered":"<p>*Bu 2018-2021 Hyundai anahtars\u0131z uzaktan kumanda anahtar\u0131n\u0131n detayl\u0131 bilgileri a\u015fa\u011f\u0131daki gibidir. L\u00fctfen sipari\u015f vermeden \u00f6nce a\u015fa\u011f\u0131daki detaylar\u0131n arac\u0131n\u0131zla uydu\u011fundan emin olun: FCC Kimli\u011fi, Par\u00e7a Numaras\u0131, Model Y\u0131l\u0131, IC, Frekans, \u00c7ip ve D\u00fc\u011fmeler.<\/p>\n<h6><strong><b>\u00dcr\u00fcn Bilgisi:<\/b><\/strong><\/h6>\n<ul>\n<li>FCC Kimli\u011fi: SY5DMFNA04<\/li>\n<li>PN: 95440-4Z200<\/li>\n<li>IC: 8325A-DMFNA04<\/li>\n<li>Frekans: 434MHz<\/li>\n<li>Test Anahtar\u0131: HYN18R<\/li>\n<li>Tu\u015flar: Kilit, A\u00e7, Kapak, Panik<\/li>\n<li>Pil: CR2032<\/li>\n<\/ul>\n<h6><strong><b>Referans model:<\/b><\/strong><\/h6>\n<ul>\n<li>2013 \u2013 2018 Hyundai Santa Fe<\/li>\n<li>2015 \u2013 2015 Hyundai Genesis<br \/>\n*\u00d6NEML\u0130* Mevcut FCC Kimli\u011fini Kontrol Edin, \u00e7\u00fcnk\u00fc E\u015eLE\u015eMEL\u0130 OLMAK ZORUNDADIR. Ayr\u0131ca SY5DMFNA433 olabilir, L\u00dcTFEN FCC K\u0130ML\u0130\u011e\u0130N\u0130 VE PAR\u00c7A #'yi ARACA A\u0130T VIN #'ye G\u00d6RE DO\u011eRULAYIN<br \/>\nBu anahtar\u0131n iki farkl\u0131 modeli vard\u0131r; spor modelleri i\u00e7in 315 MHZ ve di\u011ferleri i\u00e7in normal modellerde 433 MHZ<\/li>\n<\/ul>\n<h6><strong><b>Paket \u0130\u00e7eri\u011fi:<\/b><\/strong><\/h6>\n<ul>\n<li>Yeni bir aftermarket anahtars\u0131z uzaktan kumanda anahtar\u0131<\/li>\n<li>\u00dccretsiz piyasa sonras\u0131 acil durum takma anahtar<\/li>\n<li>T\u00fcm vericiler pil ile gelir<\/li>\n<li>T\u00fcm \u00fcniteler sevkiyat \u00f6ncesi test edilmi\u015ftir<\/li>\n<li>2 y\u0131l 100% memnuniyet garantisi ve garanti<\/li>\n<\/ul>\n<h6><strong><b>Not:<\/b><\/strong><\/h6>\n<ul>\n<li>2018-2021 Hyundai ak\u0131ll\u0131 anahtars\u0131z giri\u015f anahtar\u0131n\u0131n yerine ge\u00e7er \u2013 logo olmadan, kesilmemi\u015f acil durum ek anahtar\u0131 ile birlikte.<\/li>\n<li>Uzaktan kumanday\u0131 kesmiyor veya programlam\u0131yoruz. Ayr\u0131ca, fiyatland\u0131rma i\u00e7in yerel \u00e7ilingir veya bayi ile ileti\u015fime ge\u00e7iniz.<\/li>\n<li>Bu verici, g\u00f6sterge panelinde ba\u015flat\/durdur d\u00fc\u011fmesi veya d\u00f6ner anahtar ile \u00e7al\u0131\u015fan ara\u00e7lar ve proxy anahtars\u0131z giri\u015f sistemi ile uyumludur.<\/li>\n<li>Fiyat, bir adet tam yedek anahtars\u0131z giri\u015f uzaktan kumanda i\u00e7indir, acil durum anahtar\u0131 dahil.<\/li>\n<li>Bu nedenle, anahtar kutusunun bir profesyonel \u00e7ilingir veya bayi taraf\u0131ndan programlanmas\u0131n\u0131 \u015fiddetle tavsiye ederiz.<\/li>\n<\/ul>\n<h6><strong>Programlama Kaynaklar\u0131:<\/strong><\/h6>\n<p><a href=\"http:\/\/programyourfob.com\/?list_14\/\" target=\"_blank\" rel=\"noopener\">http:\/\/programyourfob.com\/?list_14\/<\/a><\/p>\n<p>Bizi tercih etti\u011finiz i\u00e7in te\u015fekk\u00fcr ederiz.<\/p>\n<p>Biz, araba anahtarlar\u0131, anahtars\u0131z giri\u015f sistemi, araba anahtar uzaktan kumandas\u0131, transponder \u00e7ipler, anahtar programlay\u0131c\u0131lar, araba anahtar kabuklar\u0131, araba kilitleri, \u00e7ilingir ara\u00e7lar\u0131 ve benzeri alanlarda en profesyonel \u00fcreticilerden biriyiz. Ayr\u0131ca, \u015firketimiz profesyonel bir ekibe ve \u00fcretim hatt\u0131na sahiptir. Ayr\u0131ca, \u00e7e\u015fitli araba anahtarlar\u0131, araba anahtar kabuklar\u0131 ve \u00e7ilingir ara\u00e7lar\u0131 \u00fcretiminde uzman\u0131z. Otomobil g\u00fcvenlik ve koruma \u00fcr\u00fcnlerinin geli\u015ftirilmesi, \u00fcretimi ve toptan sat\u0131\u015f\u0131 ile de ilgileniyoruz.<\/p>\n<p>Rekabet\u00e7i fiyatlar ve \u00f6zel hizmetler, size iyi bir pazar kazand\u0131rmaya yard\u0131mc\u0131 olacakt\u0131r. Ayr\u0131ca, 10'dan fazla gen\u00e7 ve enerjik sat\u0131\u015f ekibimiz her zaman h\u0131zl\u0131, profesyonel ve samimi hizmet sunar. Ayr\u0131ca, t\u00fcm \u00fcr\u00fcnlerimiz do\u011frudan Amerika Birle\u015fik Devletleri, Kanada ve Meksika'daki depolardan sevk edilmektedir. Bu nedenle, sat\u0131n ald\u0131\u011f\u0131n\u0131z \u00fcr\u00fcnler, sipari\u015f verdikten sonra 48 saat i\u00e7inde paketlenip g\u00f6nderilecektir. \u00dcr\u00fcnlerimizin 100%\u2019den fazlas\u0131 stokta bulunmaktad\u0131r ve envanterimiz yeterlidir.<\/p>","protected":false},"excerpt":{"rendered":"<ul>\n<li>SKU: CA-HY804<\/li>\n<li>FCC Kimli\u011fi: SY5DMFNA04<\/li>\n<li>PN: 95440-4Z200<\/li>\n<li>IC: 8325A-DMFNA04<\/li>\n<li>Frekans: 434MHz<\/li>\n<li>Test Anahtar\u0131: HYN18R<\/li>\n<li>Tu\u015flar: Kilit, A\u00e7, Kapak, Panik<\/li>\n<li>Pil: CR2032<\/li>\n<\/ul>","protected":false},"featured_media":21402,"comment_status":"open","ping_status":"closed","template":"","meta":{"_bst_post_transparent":"default","_bst_post_title":"","_bst_post_layout":"default","_bst_post_sidebar_id":"","_bst_post_content_style":"default","_bst_post_vertical_padding":"default","_bst_post_feature":"","_bst_post_feature_position":"","_bst_post_header":false,"_bst_post_footer":false},"product_brand":[],"product_cat":[15,168],"product_tag":[],"2_year_make_model":[],"class_list":{"0":"post-17723","1":"product","2":"type-product","3":"status-publish","4":"has-post-thumbnail","6":"product_cat-carkeyremote","7":"product_cat-for-hyundai","9":"first","10":"instock","11":"sale","12":"shipping-taxable","13":"purchasable","14":"product-type-simple","15":"entry","16":"content-bg","17":"loop-entry"},"_links":{"self":[{"href":"https:\/\/keylessbest.com\/tr\/wp-json\/wp\/v2\/product\/17723","targetHints":{"allow":["GET"]}}],"collection":[{"href":"https:\/\/keylessbest.com\/tr\/wp-json\/wp\/v2\/product"}],"about":[{"href":"https:\/\/keylessbest.com\/tr\/wp-json\/wp\/v2\/types\/product"}],"replies":[{"embeddable":true,"href":"https:\/\/keylessbest.com\/tr\/wp-json\/wp\/v2\/comments?post=17723"}],"version-history":[{"count":1,"href":"https:\/\/keylessbest.com\/tr\/wp-json\/wp\/v2\/product\/17723\/revisions"}],"predecessor-version":[{"id":20395,"href":"https:\/\/keylessbest.com\/tr\/wp-json\/wp\/v2\/product\/17723\/revisions\/20395"}],"wp:featuredmedia":[{"embeddable":true,"href":"https:\/\/keylessbest.com\/tr\/wp-json\/wp\/v2\/media\/21402"}],"wp:attachment":[{"href":"https:\/\/keylessbest.com\/tr\/wp-json\/wp\/v2\/media?parent=17723"}],"wp:term":[{"taxonomy":"product_brand","embeddable":true,"href":"https:\/\/keylessbest.com\/tr\/wp-json\/wp\/v2\/product_brand?post=17723"},{"taxonomy":"product_cat","embeddable":true,"href":"https:\/\/keylessbest.com\/tr\/wp-json\/wp\/v2\/product_cat?post=17723"},{"taxonomy":"product_tag","embeddable":true,"href":"https:\/\/keylessbest.com\/tr\/wp-json\/wp\/v2\/product_tag?post=17723"},{"taxonomy":"2_year_make_model","embeddable":true,"href":"https:\/\/keylessbest.com\/tr\/wp-json\/wp\/v2\/2_year_make_model?post=17723"}],"curies":[{"name":"wp","href":"https:\/\/api.w.org\/{rel}","templated":true}]}}