{"id":17751,"date":"2025-08-19T09:51:06","date_gmt":"2025-08-19T09:51:06","guid":{"rendered":"https:\/\/hanwuji.shengjit.com\/?post_type=product&#038;p=17751"},"modified":"2026-02-27T05:08:57","modified_gmt":"2026-02-27T05:08:57","slug":"2010-2019-gmc-chevrolet-anahtar-kapagi-oht01060512-keylessbest-icin","status":"publish","type":"product","link":"https:\/\/keylessbest.com\/tr\/product\/2010-2019-gmc-chevrolet-anahtar-kapagi-oht01060512-keylessbest-icin\/","title":{"rendered":"2010 \u2013 2019 GMC Chevrolet Anahtar Kapa\u011f\u0131 OHT01060512 Keylessbest i\u00e7in"},"content":{"rendered":"<p>*Bu 2010-2019 GMC Buick Chevrole anahtars\u0131z uzaktan kumandan\u0131n detayl\u0131 bilgileri a\u015fa\u011f\u0131daki gibidir. L\u00fctfen sipari\u015f vermeden \u00f6nce a\u015fa\u011f\u0131daki bilgilerin arac\u0131n\u0131zla e\u015fle\u015fti\u011finden emin olun: FCC Kimli\u011fi, Par\u00e7a Numaras\u0131, Model Y\u0131l\u0131, IC, Frekans, \u00c7ip ve D\u00fc\u011fmeler.<\/p>\n<h6><strong><b>\u00dcr\u00fcn Bilgisi: <\/b><\/strong><\/h6>\n<ul>\n<li>FCC Kimli\u011fi: OHT01060512<\/li>\n<li>PN: 20873622, 20835400, 20873620<\/li>\n<li>IC: 5461A-01060512<\/li>\n<li>Frekans: 315MHz<\/li>\n<li>\u00c7ip:46<\/li>\n<li>D\u00fc\u011fmeler: Kilit, A\u00e7ma, Uzaktan Ba\u015flatma, Panik<\/li>\n<\/ul>\n<h6><strong><b>Referans model:<\/b><\/strong><\/h6>\n<ul>\n<li>2010 \u2013 2017 GMC Terrain<\/li>\n<li>2013 \u2013 2018 Buick Encore<\/li>\n<li>2010 &#8211; 2019 <a href=\"https:\/\/keylessbest.com\/tr\/product\/2010-2019-buick-gmc-chevrolet-spark-sonic-trax-equinox-terrain-encore-3-dugmeli-anahtarsiz-giris-uzaktan-kumanda-oht01060512-oht01060512-v2t01060512-v2t01060514-avl-b01t1ac-avl-b01t2ac-pn20873621-20\/\" data-wpil-monitor-id=\"103\">Chevrolet Equinox<\/a><\/li>\n<li><a href=\"https:\/\/keylessbest.com\/tr\/product\/2015-2020-cadillac-ats-ats-v-ct6-ct6-plug-in-cts-cts-v-xts-5-tuslu-anahtarsiz-giris-uzaktan-kumanda-hyq2eb-pn-13598512-13594029s-13510243-46__trashed\/\" data-wpil-monitor-id=\"101\">2015 &#8211; 2019<\/a> Chevrolet Impala<\/li>\n<li>2012 \u2013 2019 Chevrolet Sonic<\/li>\n<li>2015 \u2013 2018 Chevrolet Trax<\/li>\n<\/ul>\n<h6><strong><b>Paket \u0130\u00e7eri\u011fi:<\/b><\/strong><\/h6>\n<ul>\n<li>Yeni bir aftermarket anahtars\u0131z uzaktan kumanda anahtar\u0131<\/li>\n<li>\u00dccretsiz piyasa sonras\u0131 acil durum takma anahtar<\/li>\n<li>T\u00fcm vericiler pil ile gelir<\/li>\n<li>T\u00fcm \u00fcniteler sevkiyat \u00f6ncesi test edilmi\u015ftir<\/li>\n<li>2 y\u0131l 100% memnuniyet garantisi ve garanti<\/li>\n<\/ul>\n<h6><strong><b>Not:<\/b><\/strong><\/h6>\n<ul>\n<li>2010-2019 Chevrolet GMC Buick ak\u0131ll\u0131 anahtars\u0131z giri\u015f anahtar\u0131 yedekleme \u2013 logo olmadan, kesilmemi\u015f acil durum ek anahtar\u0131 dahil.<\/li>\n<li>Uzaktan kumanday\u0131 kesmiyor veya programlam\u0131yoruz. Ayr\u0131ca, fiyatland\u0131rma i\u00e7in yerel \u00e7ilingir veya bayi ile ileti\u015fime ge\u00e7iniz.<\/li>\n<li>Bu verici, g\u00f6sterge panelinden ba\u015flat\/durdur d\u00fc\u011fmesi veya d\u00f6ner anahtar ate\u015fleme \u00f6zelli\u011fi olan ara\u00e7lar ile uyumludur, ayr\u0131ca bir proxy anahtars\u0131z giri\u015f sistemine sahiptir.<\/li>\n<li>Fiyat tek bir tam <a href=\"https:\/\/keylessbest.com\/tr\/product\/2015-2021-jeep-renegade-5-tuslu-anahtarsiz-giris-uzaktan-kumanda-m3n-40821302-yerine-gecer-pn-6mp33dx9aa-id-47-4a__trashed\/\" data-wpil-monitor-id=\"102\">de\u011fi\u015fim anahtars\u0131z giri\u015f uzaktan kumanda<\/a>, acil durum anahtar\u0131 dahil.<\/li>\n<li>Bu nedenle, anahtar kutusunun bir profesyonel \u00e7ilingir veya bayi taraf\u0131ndan programlanmas\u0131n\u0131 \u015fiddetle tavsiye ederiz.<\/li>\n<\/ul>\n<h6><strong><b>Programlama Kaynaklar\u0131\u00a0<\/b><\/strong><\/h6>\n<p><a href=\"http:\/\/programyourfob.com\/?list_4\/\" target=\"_blank\" rel=\"noopener\">http:\/\/programyourfob.com\/?list_4\/<\/a><\/p>\n<p><a href=\"http:\/\/programyourfob.com\/?list_11\/\" target=\"_blank\" rel=\"noopener\">http:\/\/programyourfob.com\/?list_11\/<\/a><\/p>\n<p><a href=\"http:\/\/programyourfob.com\/?list_6\/\" target=\"_blank\" rel=\"noopener\">http:\/\/programyourfob.com\/?list_6\/<\/a><\/p>\n<p>Bizi tercih etti\u011finiz i\u00e7in te\u015fekk\u00fcr ederiz.<\/p>\n<p>Biz, araba anahtarlar\u0131 ve anahtars\u0131z giri\u015f sistemi \u00fcretiminde en profesyonel \u00fcreticilerden biriyiz, <a href=\"https:\/\/keylessbest.com\/tr\/product\/2020-2021-lexus-rx350-rx350l-rx450-rx450h-rx450hl-nx200t-nx300h-lx570-4-tuslu-anahtarsiz-giris-uzaktan-kumanda-hyq14flb-pn-89904-48v80-texas-id-h-8a__trashed\/\" data-wpil-monitor-id=\"100\">araba anahtar uzaktan kumandas\u0131<\/a>, transponder \u00e7ipler, anahtar programlay\u0131c\u0131lar, ara\u00e7 anahtar\u0131 kabuklar\u0131, ara\u00e7 kilitleri, \u00e7ilingir ara\u00e7lar\u0131 ve benzeri. Ayr\u0131ca, firmam\u0131z\u0131n profesyonel ekibi ve \u00fcretim hatt\u0131 bulunmaktad\u0131r. Ayr\u0131ca, \u00e7e\u015fitli ara\u00e7 anahtarlar\u0131, ara\u00e7 anahtar\u0131 kabuklar\u0131 ve \u00e7ilingir ara\u00e7lar\u0131 \u00fcretiminde uzman\u0131z. Ayr\u0131ca, otomobil g\u00fcvenlik ve koruma \u00fcr\u00fcnlerinin geli\u015ftirilmesi, \u00fcretimi ve toptan sat\u0131\u015f\u0131 ile ilgileniyoruz.<\/p>\n<p>Rekabet\u00e7i fiyatlar ve \u00f6zel hizmetler, size iyi bir pazar kazand\u0131rmaya yard\u0131mc\u0131 olacakt\u0131r. Ayr\u0131ca, 10'dan fazla gen\u00e7 ve enerjik sat\u0131\u015f ekibimiz her zaman h\u0131zl\u0131, profesyonel ve samimi hizmet sunar. Ayr\u0131ca, t\u00fcm \u00fcr\u00fcnlerimiz do\u011frudan Amerika Birle\u015fik Devletleri, Kanada ve Meksika'daki depolardan sevk edilmektedir. Bu nedenle, sat\u0131n ald\u0131\u011f\u0131n\u0131z \u00fcr\u00fcnler, sipari\u015f verdikten sonra 48 saat i\u00e7inde paketlenip g\u00f6nderilecektir. \u00dcr\u00fcnlerimizin 100%\u2019den fazlas\u0131 stokta bulunmaktad\u0131r ve envanterimiz yeterlidir.<\/p>","protected":false},"excerpt":{"rendered":"<ul>\n<li>SKU: CA-GM667<\/li>\n<li>FCC Kimli\u011fi: OHT01060512<\/li>\n<li>PN: 20873622, 20835400, 20873620<\/li>\n<li>IC: 5461A-01060512<\/li>\n<li>Frekans: 315MHz<\/li>\n<li>\u00c7ip:46<\/li>\n<li>D\u00fc\u011fmeler: Kilit, A\u00e7ma, Uzaktan Ba\u015flatma, Panik<\/li>\n<\/ul>","protected":false},"featured_media":21541,"comment_status":"open","ping_status":"closed","template":"","meta":{"_bst_post_transparent":"default","_bst_post_title":"","_bst_post_layout":"default","_bst_post_sidebar_id":"","_bst_post_content_style":"default","_bst_post_vertical_padding":"default","_bst_post_feature":"","_bst_post_feature_position":"","_bst_post_header":false,"_bst_post_footer":false},"product_brand":[],"product_cat":[15,151,150,152],"product_tag":[],"2_year_make_model":[],"class_list":{"0":"post-17751","1":"product","2":"type-product","3":"status-publish","4":"has-post-thumbnail","6":"product_cat-carkeyremote","7":"product_cat-for-buick","8":"product_cat-for-chevrolet","9":"product_cat-for-gmc","11":"first","12":"instock","13":"sale","14":"shipping-taxable","15":"purchasable","16":"product-type-simple","17":"entry","18":"content-bg","19":"loop-entry"},"_links":{"self":[{"href":"https:\/\/keylessbest.com\/tr\/wp-json\/wp\/v2\/product\/17751","targetHints":{"allow":["GET"]}}],"collection":[{"href":"https:\/\/keylessbest.com\/tr\/wp-json\/wp\/v2\/product"}],"about":[{"href":"https:\/\/keylessbest.com\/tr\/wp-json\/wp\/v2\/types\/product"}],"replies":[{"embeddable":true,"href":"https:\/\/keylessbest.com\/tr\/wp-json\/wp\/v2\/comments?post=17751"}],"version-history":[{"count":2,"href":"https:\/\/keylessbest.com\/tr\/wp-json\/wp\/v2\/product\/17751\/revisions"}],"predecessor-version":[{"id":19384,"href":"https:\/\/keylessbest.com\/tr\/wp-json\/wp\/v2\/product\/17751\/revisions\/19384"}],"wp:featuredmedia":[{"embeddable":true,"href":"https:\/\/keylessbest.com\/tr\/wp-json\/wp\/v2\/media\/21541"}],"wp:attachment":[{"href":"https:\/\/keylessbest.com\/tr\/wp-json\/wp\/v2\/media?parent=17751"}],"wp:term":[{"taxonomy":"product_brand","embeddable":true,"href":"https:\/\/keylessbest.com\/tr\/wp-json\/wp\/v2\/product_brand?post=17751"},{"taxonomy":"product_cat","embeddable":true,"href":"https:\/\/keylessbest.com\/tr\/wp-json\/wp\/v2\/product_cat?post=17751"},{"taxonomy":"product_tag","embeddable":true,"href":"https:\/\/keylessbest.com\/tr\/wp-json\/wp\/v2\/product_tag?post=17751"},{"taxonomy":"2_year_make_model","embeddable":true,"href":"https:\/\/keylessbest.com\/tr\/wp-json\/wp\/v2\/2_year_make_model?post=17751"}],"curies":[{"name":"wp","href":"https:\/\/api.w.org\/{rel}","templated":true}]}}