{"id":17843,"date":"2025-08-19T09:53:01","date_gmt":"2025-08-19T09:53:01","guid":{"rendered":"https:\/\/hanwuji.shengjit.com\/?post_type=product&#038;p=17843"},"modified":"2026-02-12T07:27:56","modified_gmt":"2026-02-12T07:27:56","slug":"2007-2015-toyota-anahtar-kapagi-hyq14aab-315mhz-keylessbest-icin-2","status":"publish","type":"product","link":"https:\/\/keylessbest.com\/tr\/product\/2007-2015-toyota-anahtar-kapagi-hyq14aab-315mhz-keylessbest-icin-2\/","title":{"rendered":"2007-2015 Toyota Anahtar Kapa\u011f\u0131 HYQ14AAB 315MHz Anahtars\u0131z Giri\u015f i\u00e7in"},"content":{"rendered":"<p>*Bu 1998-2008 Toyota Pontiac anahtars\u0131z uzaktan kumanda anahtar\u0131n\u0131n detayl\u0131 bilgileri a\u015fa\u011f\u0131daki gibidir. L\u00fctfen sipari\u015f vermeden \u00f6nce a\u015fa\u011f\u0131daki detaylar\u0131n arac\u0131n\u0131zla uydu\u011fundan emin olun: FCC Kimli\u011fi, Par\u00e7a Numaras\u0131, Y\u0131l Model, IC, Frekans, \u00c7ip ve D\u00fc\u011fmeler.<\/p>\n<h6><strong><b>\u00dcr\u00fcn Bilgisi: <\/b><\/strong><\/h6>\n<ul>\n<li>FCC Kimli\u011fi: HYQ14AAB<\/li>\n<li>PN: 89904-35030<\/li>\n<li>IC: 89904-47430<\/li>\n<li>Frekans: 315MHz<\/li>\n<li>Test Anahtar\u0131: LXP90<\/li>\n<li>Tu\u015flar:Kapan, A\u00e7, Panik<\/li>\n<li>Pil: CR1632<\/li>\n<\/ul>\n<h6><strong><b>Referans model:<\/b><\/strong><\/h6>\n<ul>\n<li>2010 \u2013 2012 Toyota Prius<\/li>\n<li>2011 \u2013 2011 Toyota 4Runner<\/li>\n<li>2007 \u2013 2012 Toyota Avalon LE<\/li>\n<li>2007 \u2013 2011 Toyota Camry<\/li>\n<li>2011 \u2013 2013 Toyota Corolla<\/li>\n<li>2008 \u2013 2012 Toyota RAV4<\/li>\n<li>2007 \u2013 2014 Toyota Highlander<\/li>\n<li>2008- 2015 Toyota Landcruiser \u00d6nemli kontrol PANEL tipi ve FCC Kimli\u011fi e\u015fle\u015fmeli yoksa \u00e7al\u0131\u015fmaz*2010-2012 Toyota Rav4 iki olas\u0131 anahtara sahiptir, di\u011fer se\u00e7enek HYQ14AAB ve 0140 kart ile. Bunlar birbirinin yerine ge\u00e7mez, l\u00fctfen ihtiyac\u0131n\u0131z olan anahtar\u0131 do\u011frulay\u0131n.**not: FCC HYQ14AAB E Kart ile FCC Kimli\u011fi HYQ14AEM (PCB \u00fczerinde yaz\u0131l\u0131) ile de\u011fi\u015ftirilebilir<\/li>\n<\/ul>\n<h6><strong><b>Paket \u0130\u00e7eri\u011fi:<\/b><\/strong><\/h6>\n<ul>\n<li>Yeni bir aftermarket anahtars\u0131z uzaktan kumanda anahtar\u0131<\/li>\n<li>\u00dccretsiz piyasa sonras\u0131 acil durum takma anahtar<\/li>\n<li>T\u00fcm vericiler pil ile gelir<\/li>\n<li>T\u00fcm \u00fcniteler sevkiyat \u00f6ncesi test edilmi\u015ftir<\/li>\n<li>2 y\u0131l 100% memnuniyet garantisi ve garanti<\/li>\n<\/ul>\n<h6><strong><b>Not:<\/b><\/strong><\/h6>\n<ul>\n<li>2008-2015 Toyota ak\u0131ll\u0131 anahtars\u0131z giri\u015f anahtar\u0131 yedekleme \u2013 logo olmadan, kesilmemi\u015f acil durum takviyesi anahtar\u0131 dahil.<\/li>\n<li>Uzaktan kumanday\u0131 kesmiyor veya programlam\u0131yoruz. Ayr\u0131ca, fiyatland\u0131rma i\u00e7in yerel \u00e7ilingir veya bayi ile ileti\u015fime ge\u00e7iniz.<\/li>\n<li>Bu verici, g\u00f6sterge panelinden ba\u015flat\/durdur d\u00fc\u011fmesi veya d\u00f6ner anahtar ate\u015fleme \u00f6zelli\u011fi olan ara\u00e7lar ile uyumludur, ayr\u0131ca bir proxy anahtars\u0131z giri\u015f sistemine sahiptir.<\/li>\n<li>Fiyat, bir adet tam yedek anahtars\u0131z giri\u015f uzaktan kumanda i\u00e7indir, acil durum anahtar\u0131 dahil.<\/li>\n<li>Bu nedenle, anahtar kutusunun bir profesyonel \u00e7ilingir veya bayi taraf\u0131ndan programlanmas\u0131n\u0131 \u015fiddetle tavsiye ederiz.<\/li>\n<\/ul>\n<h6><strong><b>Programlama Kaynaklar\u0131\u00a0<\/b><\/strong><\/h6>\n<p><a href=\"http:\/\/programyourfob.com\/?list_36\/\" target=\"_blank\" rel=\"noopener\">http:\/\/programyourfob.com\/?list_36\/<\/a><\/p>\n<p>Bizi tercih etti\u011finiz i\u00e7in te\u015fekk\u00fcr ederiz.<\/p>\n<p>Biz, araba anahtarlar\u0131, anahtars\u0131z giri\u015f sistemi, araba anahtar uzaktan kumandas\u0131, transponder \u00e7ipler, anahtar programlay\u0131c\u0131lar, araba anahtar kabuklar\u0131, araba kilitleri, \u00e7ilingir ara\u00e7lar\u0131 ve benzeri alanlarda en profesyonel \u00fcreticilerden biriyiz. Ayr\u0131ca, \u015firketimiz profesyonel bir ekibe ve \u00fcretim hatt\u0131na sahiptir. Ayr\u0131ca, \u00e7e\u015fitli araba anahtarlar\u0131, araba anahtar kabuklar\u0131 ve \u00e7ilingir ara\u00e7lar\u0131 \u00fcretiminde uzman\u0131z. Otomobil g\u00fcvenlik ve koruma \u00fcr\u00fcnlerinin geli\u015ftirilmesi, \u00fcretimi ve toptan sat\u0131\u015f\u0131 ile de ilgileniyoruz.<\/p>\n<p>Rekabet\u00e7i fiyatlar ve \u00f6zel hizmetler, size iyi bir pazar kazand\u0131rmaya yard\u0131mc\u0131 olacakt\u0131r. Ayr\u0131ca, 10'dan fazla gen\u00e7 ve enerjik sat\u0131\u015f ekibimiz her zaman h\u0131zl\u0131, profesyonel ve samimi hizmet sunar. Ayr\u0131ca, t\u00fcm \u00fcr\u00fcnlerimiz do\u011frudan Amerika Birle\u015fik Devletleri, Kanada ve Meksika'daki depolardan sevk edilmektedir. Bu nedenle, sat\u0131n ald\u0131\u011f\u0131n\u0131z \u00fcr\u00fcnler, sipari\u015f verdikten sonra 48 saat i\u00e7inde paketlenip g\u00f6nderilecektir. \u00dcr\u00fcnlerimizin 100%\u2019den fazlas\u0131 stokta bulunmaktad\u0131r ve envanterimiz yeterlidir.<\/p>","protected":false},"excerpt":{"rendered":"<ul>\n<li>SKU: CA-TA1033<\/li>\n<li>FCC Kimli\u011fi: HYQ14AAB<\/li>\n<li>PN: 89904-35030<\/li>\n<li>IC: 89904-47430<\/li>\n<li>Frekans: 315MHz<\/li>\n<li>Test Anahtar\u0131: LXP90<\/li>\n<li>Tu\u015flar:Kapan, A\u00e7, Panik<\/li>\n<li>Pil: CR1632<\/li>\n<\/ul>","protected":false},"featured_media":21058,"comment_status":"open","ping_status":"closed","template":"","meta":{"_bst_post_transparent":"default","_bst_post_title":"","_bst_post_layout":"default","_bst_post_sidebar_id":"","_bst_post_content_style":"default","_bst_post_vertical_padding":"default","_bst_post_feature":"","_bst_post_feature_position":"","_bst_post_header":false,"_bst_post_footer":false},"product_brand":[],"product_cat":[15,158],"product_tag":[],"2_year_make_model":[],"class_list":{"0":"post-17843","1":"product","2":"type-product","3":"status-publish","4":"has-post-thumbnail","6":"product_cat-carkeyremote","7":"product_cat-for-toyota","9":"first","10":"instock","11":"sale","12":"shipping-taxable","13":"purchasable","14":"product-type-simple","15":"entry","16":"content-bg","17":"loop-entry"},"_links":{"self":[{"href":"https:\/\/keylessbest.com\/tr\/wp-json\/wp\/v2\/product\/17843","targetHints":{"allow":["GET"]}}],"collection":[{"href":"https:\/\/keylessbest.com\/tr\/wp-json\/wp\/v2\/product"}],"about":[{"href":"https:\/\/keylessbest.com\/tr\/wp-json\/wp\/v2\/types\/product"}],"replies":[{"embeddable":true,"href":"https:\/\/keylessbest.com\/tr\/wp-json\/wp\/v2\/comments?post=17843"}],"version-history":[{"count":3,"href":"https:\/\/keylessbest.com\/tr\/wp-json\/wp\/v2\/product\/17843\/revisions"}],"predecessor-version":[{"id":19965,"href":"https:\/\/keylessbest.com\/tr\/wp-json\/wp\/v2\/product\/17843\/revisions\/19965"}],"wp:featuredmedia":[{"embeddable":true,"href":"https:\/\/keylessbest.com\/tr\/wp-json\/wp\/v2\/media\/21058"}],"wp:attachment":[{"href":"https:\/\/keylessbest.com\/tr\/wp-json\/wp\/v2\/media?parent=17843"}],"wp:term":[{"taxonomy":"product_brand","embeddable":true,"href":"https:\/\/keylessbest.com\/tr\/wp-json\/wp\/v2\/product_brand?post=17843"},{"taxonomy":"product_cat","embeddable":true,"href":"https:\/\/keylessbest.com\/tr\/wp-json\/wp\/v2\/product_cat?post=17843"},{"taxonomy":"product_tag","embeddable":true,"href":"https:\/\/keylessbest.com\/tr\/wp-json\/wp\/v2\/product_tag?post=17843"},{"taxonomy":"2_year_make_model","embeddable":true,"href":"https:\/\/keylessbest.com\/tr\/wp-json\/wp\/v2\/2_year_make_model?post=17843"}],"curies":[{"name":"wp","href":"https:\/\/api.w.org\/{rel}","templated":true}]}}