{"id":17945,"date":"2025-08-19T09:54:51","date_gmt":"2025-08-19T09:54:51","guid":{"rendered":"https:\/\/hanwuji.shengjit.com\/?post_type=product&#038;p=17945"},"modified":"2026-02-27T05:16:15","modified_gmt":"2026-02-27T05:16:15","slug":"2009-2014-toyota-anahtar-anahtarligi-hyq14aem-315mhz-anahtarsiz-giris-icin-en-iyi-2","status":"publish","type":"product","link":"https:\/\/keylessbest.com\/tr\/product\/2009-2014-toyota-anahtar-anahtarligi-hyq14aem-315mhz-anahtarsiz-giris-icin-en-iyi-2\/","title":{"rendered":"2009 2014 toyota anahtar kapa\u011f\u0131 hyq14aem 315mhz keylessbest i\u00e7in"},"content":{"rendered":"<p>*Bu 2009-2016 Toyota anahtars\u0131z uzaktan kumanda anahtar\u0131n\u0131n detayl\u0131 bilgileri a\u015fa\u011f\u0131daki gibidir. L\u00fctfen sipari\u015f vermeden \u00f6nce a\u015fa\u011f\u0131daki detaylar\u0131n arac\u0131n\u0131zla uydu\u011fundan emin olun: FCC Kimli\u011fi, Par\u00e7a Numaras\u0131, Model Y\u0131l\u0131, IC, Frekans, \u00c7ip ve D\u00fc\u011fmeler.<\/p>\n<h6><strong><b>\u00dcr\u00fcn Bilgisi: <\/b><\/strong><\/h6>\n<ul>\n<li>FCC Kimli\u011fi: HYQ14AEM<\/li>\n<li>PN:89904-0R060, 89904-60770, 89904-0R090, 89904-42140<\/li>\n<li>IC: 1551A-14AEM<\/li>\n<li>Frekans: 315MHz<\/li>\n<li>Test Anahtar\u0131: TOY51<\/li>\n<li>Tu\u015flar:Kapan, A\u00e7, Panik<\/li>\n<li>Pil: CR1632<\/li>\n<\/ul>\n<h6><strong><b>Referans model:<\/b><\/strong><\/h6>\n<ul>\n<li>2009 \u2013 2012 Toyota Avalon<\/li>\n<li>2009 \u2013 2014 Toyota Camry<\/li>\n<li>2011 \u2013 2014 Toyota CorollaNOT: Anahtar Tak\u0131lmas\u0131 Dahil, Immobilizer S\u0131f\u0131rlama Gereklidir.<br \/>\nL\u00fctfen Bu Ak\u0131ll\u0131 Anahtar\u0131n Tek Tarafl\u0131 Y\u00fcksek G\u00fcvenlik Takviyesi Gerektirebilece\u011finin Fark\u0131nda Olun. Tek Tarafl\u0131 Takviyeyi Talep Etmek \u0130\u00e7in Hesap Y\u00f6neticinizle \u0130leti\u015fime Ge\u00e7in. Varsay\u0131lan olarak, Bu Ak\u0131ll\u0131 Anahtar \u00c7ift Tarafl\u0131 Y\u00fcksek G\u00fcvenlik Takviyesi ile Gelecektir. Elektronik devrelerin \u00dcst Sol K\u00f6\u015fesinde, Kilit D\u00fc\u011fmesinin Yukar\u0131s\u0131nda \u201c6601\u201d Numaralar\u0131n\u0131n Olmas\u0131 Gerekmektedir.<\/li>\n<\/ul>\n<h6><strong><b>Paket \u0130\u00e7eri\u011fi:<\/b><\/strong><\/h6>\n<ul>\n<li>Yeni bir aftermarket anahtars\u0131z uzaktan kumanda anahtar\u0131<\/li>\n<li>\u00dccretsiz piyasa sonras\u0131 acil durum takma anahtar<\/li>\n<li>T\u00fcm vericiler pil ile gelir<\/li>\n<li>T\u00fcm \u00fcniteler sevkiyat \u00f6ncesi test edilmi\u015ftir<\/li>\n<li>2 y\u0131l 100% memnuniyet garantisi ve garanti<\/li>\n<\/ul>\n<h6><strong><b>Not:<\/b><\/strong><\/h6>\n<ul>\n<li>2009-2016 Toyota ak\u0131ll\u0131 anahtars\u0131z giri\u015f anahtar\u0131 yedekleme \u2013 logo olmadan, kesilmemi\u015f acil durum ek anahtar ile birlikte.<\/li>\n<li>Uzaktan kumanday\u0131 kesmiyor veya programlam\u0131yoruz. Ayr\u0131ca, fiyatland\u0131rma i\u00e7in yerel \u00e7ilingir veya bayi ile ileti\u015fime ge\u00e7iniz.<\/li>\n<li>Bu verici, g\u00f6sterge panelinde bas-\u00e7al\u0131\u015ft\u0131r\/dur d\u00fc\u011fmesi veya d\u00f6nd\u00fcrme d\u00fc\u011fmesi ile \u00e7al\u0131\u015fan ate\u015fleme sistemine sahip ara\u00e7lar ve proxy anahtars\u0131z giri\u015f sistemi ile uyumludur.<\/li>\n<li>Fiyat, bir adet tam yedek anahtars\u0131z giri\u015f uzaktan kumanda i\u00e7indir, acil durum anahtar\u0131 dahil.<\/li>\n<li>Bu nedenle, anahtar kutusunun bir profesyonel \u00e7ilingir veya bayi taraf\u0131ndan programlanmas\u0131n\u0131 \u015fiddetle tavsiye ederiz.<\/li>\n<\/ul>\n<h6><strong><b>Programlama Kaynaklar\u0131\u00a0<\/b><\/strong><\/h6>\n<p><a href=\"http:\/\/programyourfob.com\/?list_6\/\" target=\"_blank\" rel=\"noopener\"><u>http:\/\/programyourfob.com\/?list_6\/<\/u><\/a><\/p>\n<p>Bizi tercih etti\u011finiz i\u00e7in te\u015fekk\u00fcr ederiz.<\/p>\n<p>Biz, araba anahtarlar\u0131, anahtars\u0131z giri\u015f sistemi, araba anahtar uzaktan kumandas\u0131, transponder \u00e7ipler, anahtar programlay\u0131c\u0131lar, araba anahtar kabuklar\u0131, araba kilitleri, \u00e7ilingir ara\u00e7lar\u0131 ve benzeri alanlarda en profesyonel \u00fcreticilerden biriyiz. Ayr\u0131ca, \u015firketimiz profesyonel bir ekibe ve \u00fcretim hatt\u0131na sahiptir. Ayr\u0131ca, \u00e7e\u015fitli araba anahtarlar\u0131, araba anahtar kabuklar\u0131 ve \u00e7ilingir ara\u00e7lar\u0131 \u00fcretiminde uzman\u0131z. Otomobil g\u00fcvenlik ve koruma \u00fcr\u00fcnlerinin geli\u015ftirilmesi, \u00fcretimi ve toptan sat\u0131\u015f\u0131 ile de ilgileniyoruz.<\/p>\n<p>Rekabet\u00e7i fiyatlar ve \u00f6zel hizmetler, size iyi bir pazar kazand\u0131rmaya yard\u0131mc\u0131 olacakt\u0131r. Ayr\u0131ca, 10'dan fazla gen\u00e7 ve enerjik sat\u0131\u015f ekibimiz her zaman h\u0131zl\u0131, profesyonel ve samimi hizmet sunar. Ayr\u0131ca, t\u00fcm \u00fcr\u00fcnlerimiz do\u011frudan Amerika Birle\u015fik Devletleri, Kanada ve Meksika'daki depolardan sevk edilmektedir. Bu nedenle, sat\u0131n ald\u0131\u011f\u0131n\u0131z \u00fcr\u00fcnler, sipari\u015f verdikten sonra 48 saat i\u00e7inde paketlenip g\u00f6nderilecektir. \u00dcr\u00fcnlerimizin 100%\u2019den fazlas\u0131 stokta bulunmaktad\u0131r ve envanterimiz yeterlidir.<\/p>","protected":false},"excerpt":{"rendered":"<ul>\n<li>Stok Kodu: CA-TA1086<\/li>\n<li>FCC Kimli\u011fi: HYQ14AEM<\/li>\n<li>PN:89904-0R060, 89904-60770, 89904-0R090, 89904-42140<\/li>\n<li>IC: 1551A-14AEM<\/li>\n<li>Frekans: 315MHz<\/li>\n<li>Test Anahtar\u0131: TOY51<\/li>\n<li>Tu\u015flar:Kapan, A\u00e7, Panik<\/li>\n<li>Pil: CR1632<\/li>\n<\/ul>","protected":false},"featured_media":21017,"comment_status":"open","ping_status":"closed","template":"","meta":{"_bst_post_transparent":"default","_bst_post_title":"","_bst_post_layout":"default","_bst_post_sidebar_id":"","_bst_post_content_style":"default","_bst_post_vertical_padding":"default","_bst_post_feature":"","_bst_post_feature_position":"","_bst_post_header":false,"_bst_post_footer":false},"product_brand":[],"product_cat":[15,158],"product_tag":[],"2_year_make_model":[],"class_list":{"0":"post-17945","1":"product","2":"type-product","3":"status-publish","4":"has-post-thumbnail","6":"product_cat-carkeyremote","7":"product_cat-for-toyota","8":"pa_make-toyota","9":"pa_model-ats","10":"pa_model-ct4","11":"pa_model-ct5","12":"pa_model-ct6","13":"pa_model-cts","14":"pa_model-dts","15":"pa_model-srx","16":"pa_model-sts","17":"pa_year-model-224","18":"pa_year-model-225","19":"pa_year-model-226","20":"pa_year-model-227","21":"pa_year-model-228","22":"pa_year-model-229","23":"pa_year-model-230","24":"pa_year-model-231","25":"pa_year-model-232","26":"pa_year-model-233","27":"pa_year-model-234","28":"pa_year-model-235","29":"pa_year-model-236","30":"pa_year-model-237","31":"pa_year-model-238","32":"pa_year-model-239","34":"first","35":"instock","36":"sale","37":"shipping-taxable","38":"purchasable","39":"product-type-simple","40":"entry","41":"content-bg","42":"loop-entry"},"_links":{"self":[{"href":"https:\/\/keylessbest.com\/tr\/wp-json\/wp\/v2\/product\/17945","targetHints":{"allow":["GET"]}}],"collection":[{"href":"https:\/\/keylessbest.com\/tr\/wp-json\/wp\/v2\/product"}],"about":[{"href":"https:\/\/keylessbest.com\/tr\/wp-json\/wp\/v2\/types\/product"}],"replies":[{"embeddable":true,"href":"https:\/\/keylessbest.com\/tr\/wp-json\/wp\/v2\/comments?post=17945"}],"version-history":[{"count":2,"href":"https:\/\/keylessbest.com\/tr\/wp-json\/wp\/v2\/product\/17945\/revisions"}],"predecessor-version":[{"id":19971,"href":"https:\/\/keylessbest.com\/tr\/wp-json\/wp\/v2\/product\/17945\/revisions\/19971"}],"wp:featuredmedia":[{"embeddable":true,"href":"https:\/\/keylessbest.com\/tr\/wp-json\/wp\/v2\/media\/21017"}],"wp:attachment":[{"href":"https:\/\/keylessbest.com\/tr\/wp-json\/wp\/v2\/media?parent=17945"}],"wp:term":[{"taxonomy":"product_brand","embeddable":true,"href":"https:\/\/keylessbest.com\/tr\/wp-json\/wp\/v2\/product_brand?post=17945"},{"taxonomy":"product_cat","embeddable":true,"href":"https:\/\/keylessbest.com\/tr\/wp-json\/wp\/v2\/product_cat?post=17945"},{"taxonomy":"product_tag","embeddable":true,"href":"https:\/\/keylessbest.com\/tr\/wp-json\/wp\/v2\/product_tag?post=17945"},{"taxonomy":"2_year_make_model","embeddable":true,"href":"https:\/\/keylessbest.com\/tr\/wp-json\/wp\/v2\/2_year_make_model?post=17945"}],"curies":[{"name":"wp","href":"https:\/\/api.w.org\/{rel}","templated":true}]}}