{"id":17948,"date":"2025-08-19T09:54:51","date_gmt":"2025-08-19T09:54:51","guid":{"rendered":"https:\/\/hanwuji.shengjit.com\/?post_type=product&#038;p=17948"},"modified":"2026-02-12T02:40:49","modified_gmt":"2026-02-12T02:40:49","slug":"2019-2021-cadillac-xt4-anahtar-kapagi-hyq2es-keylessbest-icin","status":"publish","type":"product","link":"https:\/\/keylessbest.com\/tr\/product\/2019-2021-cadillac-xt4-anahtar-kapagi-hyq2es-keylessbest-icin\/","title":{"rendered":"2019 2021 Cadillac XT4 anahtar kapa\u011f\u0131 HYQ2ES, keylessbest i\u00e7in"},"content":{"rendered":"<div class=\"woocommerce\">\n<div class=\"single-product\" data-product-page-preselected-id=\"0\">\n<div class=\"woocommerce-notices-wrapper\"><\/div>\n<div id=\"product-22747\" class=\"product type-product post-22747 status-draft first instock product_cat-uncategorized shipping-taxable product-type-simple\">\n<div class=\"woocommerce-tabs wc-tabs-wrapper\">\n<div id=\"tab-description\" class=\"woocommerce-Tabs-panel woocommerce-Tabs-panel--description panel entry-content wc-tab\" role=\"tabpanel\" aria-labelledby=\"tab-title-description\">\n<h2>2019 \u2013 2021 Cadillac XT4 HYQ2ES Anahtar Kumanda De\u011fi\u015fimi<\/h2>\n<p>Araba anahtarlar\u0131n\u0131z\u0131 kaybetmek an\u0131nda bir stres kayna\u011f\u0131d\u0131r, ancak y\u00fcksek kaliteli bir <strong>Cadillac XT4 ak\u0131ll\u0131 anahtar de\u011fi\u015fimi<\/strong> olmamal\u0131. Bu <strong>HYQ2ES yak\u0131nl\u0131k anahtar kumandas\u0131<\/strong>ile g\u00fcvenilirli\u011fi ve kullan\u0131m kolayl\u0131\u011f\u0131n\u0131 \u00f6n planda tuttum, \u00f6zellikle 2019-2021 XT4 i\u00e7in tasarland\u0131. Bu eksiksiz bir <strong>Cadillac anahtars\u0131z giri\u015f uzaktan kumandas\u0131<\/strong> \u00e7\u00f6z\u00fcmd\u00fcr; dayan\u0131kl\u0131 bir kasa ve orijinal ekipman\u0131n\u0131z\u0131n performans\u0131yla e\u015fle\u015fen dahili elektroniklere sahiptir.<\/p>\n<p>Size zaman kazand\u0131rmak ve ma\u011fazaya fazladan gitmenizi \u00f6nlemek i\u00e7in her <strong>XT4 \u00e7al\u0131\u015ft\u0131rma d\u00fc\u011fmeli anahtar<\/strong> Keylessbest'ten yeni, \u00f6nceden tak\u0131lm\u0131\u015f bir <strong>CR2032 pil<\/strong> ve kesilmemi\u015f bir <strong>HU100 acil durum anahtar b\u0131\u00e7a\u011f\u0131<\/strong>.<\/p>\n<h3>H\u0131zl\u0131 \u00d6zellikler<\/h3>\n<div class=\"table-responsive\">\n<table class=\"table\">\n<thead>\n<tr>\n<th>\u00d6zellik<\/th>\n<th>Detaylar<\/th>\n<\/tr>\n<\/thead>\n<tbody>\n<tr>\n<td><strong>FCC Kimli\u011fi<\/strong><\/td>\n<td><strong>HYQ2ES<\/strong><\/td>\n<\/tr>\n<tr>\n<td><strong>Frekans<\/strong><\/td>\n<td>433 MHz<\/td>\n<\/tr>\n<tr>\n<td><strong>IC<\/strong><\/td>\n<td>1551A-2ES<\/td>\n<\/tr>\n<tr>\n<td><strong>Pil T\u00fcr\u00fc<\/strong><\/td>\n<td>CR2032 (\u00d6nceden tak\u0131lm\u0131\u015f)<\/td>\n<\/tr>\n<tr>\n<td><strong>Anahtar Ucu<\/strong><\/td>\n<td>HU100 (Acil Durumda \u00c7\u0131kar\u0131labilir)<\/td>\n<\/tr>\n<tr>\n<td><strong>Uyumluluk<\/strong><\/td>\n<td>2019 \u2013 2021 Cadillac XT4<\/td>\n<\/tr>\n<\/tbody>\n<\/table>\n<\/div>\n<p>\u0130ster yedek ister birincil bir <strong>4 d\u00fc\u011fmeli Cadillac ak\u0131ll\u0131 kumandaya<\/strong>, bu uzaktan ba\u011flant\u0131 arac\u0131l\u0131\u011f\u0131yla arac\u0131n\u0131z\u0131n g\u00fcvenlik sistemine sorunsuz bir ba\u011flant\u0131 sa\u011flar. Her bir birimin g\u00fc\u00e7l\u00fc sinyal b\u00fct\u00fcnl\u00fc\u011f\u00fcn\u00fc korumak i\u00e7in test edildi\u011finden emin oluyorum, \u00f6zellikler gibi <strong>uzaktan ba\u015flatma<\/strong> ve yak\u0131nl\u0131k giri\u015fi, size bayii seviyesinde kaliteyi maliyetin sadece bir k\u0131sm\u0131yla sunar.<\/p>\n<h2>Dayan\u0131kl\u0131 4 Tu\u015flu Cadillac XT4 Ak\u0131ll\u0131 Anahtar Yedekleme<\/h2>\n<p>Bunun <strong>HYQ2ES yak\u0131nl\u0131k anahtar kumandas\u0131<\/strong> en y\u00fcksek dayan\u0131kl\u0131l\u0131k ve performans standartlar\u0131n\u0131 kar\u015f\u0131lad\u0131\u011f\u0131ndan emin oldum. Bu <strong>Cadillac XT4 ak\u0131ll\u0131 anahtar de\u011fi\u015fimi<\/strong> sadece genel bir yedek de\u011fil; hassas m\u00fchendislikli 4<strong>-tu\u015flu Cadillac ak\u0131ll\u0131 anahtar<\/strong> orijinal ekipman\u0131n\u0131z\u0131n a\u011f\u0131rl\u0131\u011f\u0131 ve dokunsal hissine uygun tasarlanm\u0131\u015ft\u0131r.<\/p>\n<h3>Performans ve Tasar\u0131m \u00d6zellikleri<\/h3>\n<ul>\n<li><strong>Sa\u011flam Kasa:<\/strong> D\u0131\u015f g\u00f6vde, \u00e7atlamalara ve kazara d\u00fc\u015fmelerden kaynaklanan darbe hasar\u0131na dayan\u0131kl\u0131 y\u00fcksek kaliteli malzemelerden yap\u0131lm\u0131\u015ft\u0131r.<\/li>\n<li><strong>Tam Eri\u015fim:<\/strong> Gerekli olan\u0131 i\u00e7erir <strong>Cadillac XT4 uzaktan ba\u015flatma anahtar\u0131<\/strong> tu\u015fu, arac\u0131n\u0131z\u0131 d\u0131\u015far\u0131 \u00e7\u0131kmadan \u00f6nce \u0131s\u0131tman\u0131za veya so\u011futman\u0131za olanak tan\u0131r.<\/li>\n<li><strong>G\u00fcvenilir Yak\u0131nl\u0131k:<\/strong> \u0130\u00e7 iletici, maksimum menzil ve stabilite i\u00e7in ayarlanm\u0131\u015ft\u0131r, b\u00f6ylece <strong>Cadillac anahtars\u0131z giri\u015f uzaktan kumandas\u0131<\/strong> araca yakla\u015ft\u0131\u011f\u0131n\u0131zda sorunsuz \u00e7al\u0131\u015f\u0131r.<\/li>\n<\/ul>\n<p>Bu y\u00fcksek kaliteli uzaktan kumandalar\u0131 <a href=\"https:\/\/keylessbest.com\/tr\/keylessbestarabaanahtarfobshop\/\">\u00e7evrimi\u00e7i anahtar kablosu ma\u011fazam\u0131z arac\u0131l\u0131\u011f\u0131yla sunuyorum<\/a> XT4 sahiplerine \u015fi\u015firilmi\u015f bayi fiyatlar\u0131na g\u00fcvenilir bir alternatif sunmak. Bu yedek par\u00e7a uzun \u00f6m\u00fcrl\u00fc olacak \u015fekilde tasarlanm\u0131\u015ft\u0131r, y\u0131llarca g\u00fcnl\u00fck kullan\u0131m sonras\u0131 bile biti\u015fi ve sinyal g\u00fcc\u00fcn\u00fc korur. Arac\u0131n\u0131z\u0131n sinyal tipi hakk\u0131nda emin de\u011filseniz, <a href=\"https:\/\/keylessbest.com\/tr\/aracinizin-anahtarinin-315mhz-mi-yoksa-433mhz-mi-oldugunu-nasil-tanimlarsiniz-gorsel-kilavuz\/\">g\u00f6rsel k\u0131lavuzumuzu kullanarak 315MHz ile 433MHz anahtarlar\u0131 tan\u0131mlayabilirsiniz<\/a> bu 433MHz uzaktan kumandan\u0131n Cadillac\u2019inize uygun oldu\u011funu do\u011frulamak i\u00e7in.<\/p>\n<h2>FCC Kimli\u011fi HYQ2ES i\u00e7in Teknik \u00d6zellikler<\/h2>\n<p>Bir \u015fey arad\u0131\u011f\u0131n\u0131zda <strong>XT4 \u00e7al\u0131\u015ft\u0131rma d\u00fc\u011fmeli anahtar<\/strong>i\u00e7 donan\u0131m en \u00f6nemli olan\u0131d\u0131r. Bu uzaktan kumandan\u0131n arac\u0131n\u0131z\u0131n y\u00fcksek standartlardaki elektronik gereksinimlerine uydu\u011fundan emin oldum, <strong>Philips ID 46 \u015fifreli \u00e7ip<\/strong> maksimum g\u00fcvenlik i\u00e7in. Bu cihaz, <strong>433 MHz frekans\u0131nda<\/strong>\u00e7al\u0131\u015f\u0131r, b\u00f6ylece <strong>Cadillac XT4 uzaktan ba\u015flatma anahtar\u0131<\/strong> fonksiyonlar\u0131n\u0131z orijinal ile ayn\u0131 menzil ve g\u00fcvenilirlikle \u00e7al\u0131\u015f\u0131r.<\/p>\n<p>Sat\u0131n almadan \u00f6nce, <a href=\"https:\/\/keylessbest.com\/tr\/sonradan-takilan-anahtar-kasa-ile-oem-farklari-ve-alim-rehberi\/\">piyasa sonras\u0131 anahtar anahtarl\u0131k ile OEM farklar\u0131n\u0131 anlamak faydal\u0131d\u0131r<\/a> bu y\u00fcksek kaliteli yedek par\u00e7an\u0131n b\u00fct\u00e7eniz i\u00e7in en ak\u0131ll\u0131ca se\u00e7im olmas\u0131n\u0131n nedenlerini g\u00f6rmek i\u00e7in.<\/p>\n<div class=\"table-responsive\">\n<table class=\"table\">\n<thead>\n<tr>\n<th>Bile\u015fen<\/th>\n<th>\u00d6zellikler<\/th>\n<\/tr>\n<\/thead>\n<tbody>\n<tr>\n<td><strong>FCC Kimli\u011fi<\/strong><\/td>\n<td><strong>HYQ2ES<\/strong><\/td>\n<\/tr>\n<tr>\n<td><strong>Par\u00e7a Numaralar\u0131<\/strong><\/td>\n<td>13522872, 13591382, 13544051, 13522879<\/td>\n<\/tr>\n<tr>\n<td><strong>Frekans<\/strong><\/td>\n<td>433 MHz<\/td>\n<\/tr>\n<tr>\n<td><strong>Transponder \u00c7ip<\/strong><\/td>\n<td>Philips ID 46 \u015eifreli<\/td>\n<\/tr>\n<tr>\n<td><strong>Pil T\u00fcr\u00fc<\/strong><\/td>\n<td><strong>CR2032<\/strong> (Dahil)<\/td>\n<\/tr>\n<tr>\n<td><strong>Acil Durum Anahtar\u0131<\/strong><\/td>\n<td>HU100 B\u0131\u00e7ak<\/td>\n<\/tr>\n<tr>\n<td><strong>IC<\/strong><\/td>\n<td>1551A-2ES<\/td>\n<\/tr>\n<\/tbody>\n<\/table>\n<\/div>\n<p>Bu<strong>\u00a0yedek anahtar<\/strong> G\u00fcnl\u00fck a\u015f\u0131nma ve y\u0131pranmaya dayanacak \u015fekilde tasarlanm\u0131\u015f olup, net bir sinyal korumas\u0131 sa\u011flar. Bu \u00fcniteleri sa\u011flamak i\u00e7in <strong>\u00f6nceden tak\u0131lm\u0131\u015f CR2032 pil<\/strong> ve kesilmemi\u015f bir <strong>Cadillac XT4 acil durum anahtar b\u0131\u00e7a\u011f\u0131<\/strong>, b\u00f6ylece kutudan \u00e7\u0131kar \u00e7\u0131kmaz \u00e7ilingir i\u00e7in her \u015feye haz\u0131rs\u0131n\u0131z.<\/p>\n<h2>Uyumlu 2019 \u2013 2021 Cadillac XT4 HYQ2ES Anahtar Kapa\u011f\u0131 Modelleri<\/h2>\n<p>Bu <strong>Cadillac XT4 ak\u0131ll\u0131 anahtar de\u011fi\u015fimi<\/strong> \u00f6zellikle \u00e7al\u0131\u015ft\u0131rmaya basmal\u0131 ate\u015fleme ile donat\u0131lm\u0131\u015f ara\u00e7lar i\u00e7in tasarlanm\u0131\u015ft\u0131r. Bu <strong>Keylessbest Cadillac uzaktan kumanda<\/strong> arac\u0131n\u0131za uygun olup olmad\u0131\u011f\u0131n\u0131 do\u011frulamak i\u00e7in, mevcut uzaktan kumandan\u0131z\u0131n ayn\u0131 teknolojiyi ve tan\u0131mlay\u0131c\u0131lar\u0131 kulland\u0131\u011f\u0131ndan emin olmal\u0131s\u0131n\u0131z. Orijinal <strong>Cadillac yak\u0131nl\u0131k uzaktan kumanda HYQ2ES<\/strong> arkas\u0131n\u0131 kontrol etmeyi veya pil b\u00f6lmesinde kaz\u0131nm\u0131\u015f FCC Kimli\u011fi'ni aramay\u0131 \u00f6neriyorum.<\/p>\n<h3>Uyumlulu\u011fu Nas\u0131l Do\u011frular\u0131m<\/h3>\n<p>Bu <strong>XT4 \u00e7al\u0131\u015ft\u0131rma d\u00fc\u011fmeli anahtar<\/strong> g\u00fcvenilir bir arama yapanlar i\u00e7in m\u00fckemmel bir uyum sa\u011flar <a href=\"https:\/\/keylessbest.com\/tr\/marka\/cadillac\/\">Cadillac anahtars\u0131z giri\u015f uzaktan kumandas\u0131<\/a> bayiden fiyat \u00f6demeden. T\u00fcm fabrika fonksiyonlar\u0131n\u0131 destekler, bunlar aras\u0131nda <strong>Cadillac XT4 uzaktan ba\u015flatma anahtar\u0131<\/strong> ve panik alarm \u00f6zellikleri bulunur.<\/p>\n<div class=\"table-responsive\">\n<table class=\"table\">\n<thead>\n<tr>\n<th>\u00d6zellik<\/th>\n<th>Gerekli \u00d6zellikler<\/th>\n<\/tr>\n<\/thead>\n<tbody>\n<tr>\n<td><strong>Model Y\u0131llar\u0131<\/strong><\/td>\n<td>2019, 2020, 2021<\/td>\n<\/tr>\n<tr>\n<td><strong>Ara\u00e7 Modeli<\/strong><\/td>\n<td>Cadillac XT4<\/td>\n<\/tr>\n<tr>\n<td><strong>FCC Kimli\u011fi<\/strong><\/td>\n<td><strong>HYQ2ES<\/strong><\/td>\n<\/tr>\n<tr>\n<td><strong>Frekans<\/strong><\/td>\n<td>433 MHz<\/td>\n<\/tr>\n<tr>\n<td><strong>IC<\/strong><\/td>\n<td>1551A-2ES<\/td>\n<\/tr>\n<\/tbody>\n<\/table>\n<\/div>\n<p>Ara\u00e7lar\u0131n\u0131z bu \u00fcretim y\u0131llar\u0131na uyuyorsa ve mevcut uzaktan kumandan\u0131z 4<strong>-tu\u015flu Cadillac ak\u0131ll\u0131 anahtar<\/strong> d\u00fczeni i\u00e7eriyorsa, bu \u00fcnite tam olarak <strong>piyasadan Cadillac ak\u0131ll\u0131 anahtar<\/strong> gerekiyor. Birden fazla par\u00e7a numaras\u0131n\u0131 de\u011fi\u015ftiren bu \u00fcr\u00fcn, \u015funlar\u0131 i\u00e7erir: <strong>13522872<\/strong>, <strong>13591382<\/strong>, ve <strong>13544051<\/strong>. Sinyalin XT4'\u00fcn\u00fcz\u00fcn yerle\u015fik bilgisayar\u0131yla do\u011fru \u015fekilde ileti\u015fim kurmas\u0131n\u0131 garanti etmek i\u00e7in frekans\u0131n\u0131z\u0131n 433 MHz oldu\u011funu daima iki kez kontrol edin.<\/p>\n<h2>Cadillac XT4 HYQ2ES Anahtar Kumandan\u0131z\u0131 Programlama<\/h2>\n<p>Sizin <strong>Cadillac XT4 ak\u0131ll\u0131 anahtar de\u011fi\u015fimi<\/strong> arac\u0131n\u0131z\u0131 yola haz\u0131rlamak iki \u00f6zel ad\u0131m i\u00e7erir: profesyonel programlama ve lazerle anahtar kesimi. \u00c7\u00fcnk\u00fc <strong>HYQ2ES yak\u0131nl\u0131k anahtar kumandas\u0131<\/strong> y\u00fcksek g\u00fcvenlikli \u015fifreleme kullan\u0131r, manuel \u201cyerle\u015fik\u201d DIY y\u00f6ntemleri kullan\u0131larak programlanamaz.<\/p>\n<h3>Profesyonel Programlama ve Anahtar Kesimi<\/h3>\n<p>Pahal\u0131 yetkili servis merkezini atlay\u0131p sayg\u0131n bir <strong>otomotiv \u00e7ilingiri<\/strong>bulman\u0131z\u0131 \u00f6neririm. \u00c7o\u011fu mobil \u00e7ilingir, gerekli olan \u00f6zel OBDII te\u015fhis ara\u00e7lar\u0131na sahiptir. <strong>Cadillac XT4 anahtar kumandas\u0131n\u0131 programlamak i\u00e7in<\/strong> uzaktan kumandalar\u0131 h\u0131zl\u0131 ve \u00e7ok daha d\u00fc\u015f\u00fck bir fiyat noktas\u0131nda.<\/p>\n<ul>\n<li><strong>Programlama:<\/strong> Bir profesyonel, <strong>Cadillac anahtars\u0131z giri\u015f uzaktan kumandas\u0131<\/strong> arac\u0131n\u0131z\u0131n bilgisayar sistemine senkronize edecektir.<\/li>\n<li><strong>Anahtar Kesimi:<\/strong> \u00c7ilingir, <strong>Cadillac XT4 acil durum anahtar b\u0131\u00e7a\u011f\u0131<\/strong> kap\u0131 kilidinize m\u00fckemmel \u015fekilde uymas\u0131 i\u00e7in y\u00fcksek g\u00fcvenlikli bir kesici kullanacakt\u0131r.<\/li>\n<li><strong>Fonksiyon Kontrol\u00fc:<\/strong> \u00c7ilingirin i\u015fi bitirmeden \u00f6nce <strong>XT4 \u00e7al\u0131\u015ft\u0131rma d\u00fc\u011fmeli anahtar<\/strong> ve uzaktan \u00e7al\u0131\u015ft\u0131rma \u00f6zelliklerinin tam olarak \u00e7al\u0131\u015ft\u0131\u011f\u0131n\u0131 do\u011frulad\u0131\u011f\u0131ndan emin olun.<\/li>\n<\/ul>\n<p>\u0130lk kurulum bir profesyonel gerektirse de, rutin bak\u0131m sizin halledebilece\u011finiz bir \u015feydir. \u00d6rne\u011fin, \u015funlar\u0131 \u00f6\u011frenebilirsiniz: <a href=\"https:\/\/keylessbest.com\/tr\/cadillac-anahtar-anahtar-pilini-5-dakika-icinde-nasil-degistirirsiniz\/\">5 dakikada Cadillac anahtar pili nas\u0131l de\u011fi\u015ftirilir<\/a> Ma\u011fazaya gitmeden uzaktan kumandan\u0131z\u0131n en y\u00fcksek sinyal g\u00fcc\u00fcnde \u00e7al\u0131\u015fmas\u0131n\u0131 sa\u011flamak.<\/p>\n<h2>Keylessbest Cadillac Uzaktan Kumanda'y\u0131 Neden Tavsiye Ediyorum<\/h2>\n<p>\u00dcr\u00fcnlerimizin arkas\u0131nday\u0131m \u00e7\u00fcnk\u00fc Cadillac sahiplerinin standart bir yedek par\u00e7a i\u00e7in \u201cl\u00fcks\u201d fiyatlar \u00f6dememesi gerekti\u011fine inan\u0131yorum. Birini se\u00e7ti\u011finizde <strong>Keylessbest Cadillac uzaktan kumanda<\/strong>, y\u00fcksek performansl\u0131 bir <strong>2019 \u2013 2021 Cadillac XT4 HYQ2ES Anahtar Kapa\u011f\u0131<\/strong> bayide bulaca\u011f\u0131n\u0131z fiyat\u0131n \u00e7ok alt\u0131nda.<\/p>\n<ul>\n<li><strong>B\u00fcy\u00fck Tasarruflar:<\/strong> Yerel bayii kar marjlar\u0131na k\u0131yasla 70%\u2019ye kadar tasarruf edin.<\/li>\n<li><strong>Kompromis Yok Kalite:<\/strong> Anahtarlar\u0131n orijinal sinyal g\u00fcc\u00fcn\u00fc ve uzun menzil g\u00fcvenilirli\u011fini korudu\u011fundan emin oluyoruz.<\/li>\n<li><strong>Dayan\u0131kl\u0131 Yap\u0131:<\/strong> Her <strong>ucuz Cadillac XT4 yedek anahtar<\/strong> sat\u0131\u015f\u0131n\u0131 yapt\u0131\u011f\u0131m\u0131z \u00fcr\u00fcn, g\u00fcnl\u00fck kullan\u0131ma dayanacak \u015fekilde tasarlanm\u0131\u015ft\u0131r ve ar\u0131zalanmaz.<\/li>\n<\/ul>\n<p>Bu \u00f6zel <strong>Cadillac yak\u0131nl\u0131k uzaktan kumanda HYQ2ES<\/strong> ve di\u011fer aksesuarlar\u0131 bulmak i\u00e7in <a href=\"https:\/\/keylessbest.com\/tr\/magaza\/\">Keylessbest ma\u011fazas\u0131<\/a>, kalite ve m\u00fc\u015fteri tasarruflar\u0131n\u0131 her \u015feyin \u00fczerinde tutuyoruz.<\/p>\n<h2>Cadillac XT4 HYQ2ES Anahtar Kapa\u011f\u0131 Hakk\u0131nda S\u0131k\u00e7a Sorulan Sorular<\/h2>\n<p>Bir\u00e7ok sahibi bana ula\u015farak bir <strong>Cadillac XT4 ak\u0131ll\u0131 anahtar de\u011fi\u015fimi<\/strong>ar\u0131yor. \u0130\u015fte bayii stresinden kurtulup yola devam etmeniz i\u00e7in ihtiyac\u0131n\u0131z olan h\u0131zl\u0131 cevaplar.<\/p>\n<h3>Bu uzaktan kumanday\u0131 kendim programlayabilir miyim?<\/h3>\n<p>2019-2021 modeller i\u00e7in, geli\u015fmi\u015f g\u00fcvenlik \u015fifrelemesi nedeniyle DIY programlama genellikle bir se\u00e7enek de\u011fildir. Bunu <strong>HYQ2ES yak\u0131nl\u0131k anahtar kumandas\u0131<\/strong> bir profesyonel otomotiv \u00e7ilingiri veya bayiye g\u00f6t\u00fcrmeniz gerekecek, arac\u0131n\u0131za senkronize edilmesi i\u00e7in. \u00dcr\u00fcnlerimizin nas\u0131l \u00e7al\u0131\u015ft\u0131\u011f\u0131 hakk\u0131nda daha genel endi\u015feleriniz varsa, <a href=\"https:\/\/keylessbest.com\/tr\/sss\/\">s\u0131k\u00e7a sorulan sorular<\/a> sayfam\u0131za g\u00f6z atabilirsiniz<\/p>\n<h3>daha fazla detay i\u00e7in.<\/h3>\n<p>XT4 uzaktan kumanda hangi pil kullan\u0131yor? <strong>Bu uzaktan kumanda tek bir<\/strong>XT4 anahtar c\u00fczdan pili CR2032<\/p>\n<h3>ile \u00e7al\u0131\u015f\u0131r. Benden al\u0131\u015fveri\u015f yapman\u0131n en iyi yanlar\u0131ndan biri, yeni bir pilin \u00f6nceden tak\u0131lm\u0131\u015f olmas\u0131d\u0131r, b\u00f6ylece uzaktan kumandan\u0131z geldi\u011fi anda \u00e7al\u0131\u015fmaya haz\u0131r olur.<\/h3>\n<p>Uyumlulu\u011fu nas\u0131l do\u011frular\u0131m? <strong>Cadillac yak\u0131nl\u0131k uzaktan kumanda HYQ2ES<\/strong> Bu <strong>HYQ2ES<\/strong>XT4 i\u00e7in uygun olup olmad\u0131\u011f\u0131n\u0131 do\u011frulamak i\u00e7in, mevcut anahtar c\u00fczdan\u0131n\u0131z\u0131n arkas\u0131n\u0131 veya i\u00e7 devre kart\u0131n\u0131 FCC Kimli\u011fi i\u00e7in kontrol edin. E\u011fer e\u015fle\u015fiyorsa<\/p>\n<p>, bu 4 d\u00fc\u011fmeli uzaktan kumanda m\u00fckemmel uyum sa\u011flar. <a href=\"https:\/\/keylessbest.com\/tr\/bize-ulasin-keylessbest\/\">H\u00e2l\u00e2 uyumluluk konusunda emin de\u011filseniz veya par\u00e7a numaran\u0131z\u0131 tan\u0131mlamada yard\u0131ma ihtiyac\u0131n\u0131z varsa, l\u00fctfen<\/a> destek ekibimizle ileti\u015fime ge\u00e7in<\/p>\n<ul>\n<li><strong>Frekans:<\/strong> 433 MHz<\/li>\n<li><strong>\u00c7ip:<\/strong> Philips ID 46 \u015eifreli<\/li>\n<li><strong>uzman yard\u0131m i\u00e7in.<\/strong> Acil Durum B\u0131\u00e7a\u011f\u0131:<\/li>\n<li><strong>Dahil (Kesilmemi\u015f)<\/strong> Uyumluluk:<\/li>\n<\/ul>\n<div id=\"references\" class=\"min-w-0 scroll-mt-8 overflow-hidden\">\n<div class=\"text-[16px]\">\n<h2 id=\"references\" class=\"mb-2 mt-2 scroll-mt-24 font-serif text-[1.714286em] font-semibold border-border-l1 pb-1 border-b overflow-hidden\">\u0130lgili Kaynaklar<\/h2>\n<\/div>\n<div class=\"flex flex-col gap-2 text-sm leading-relaxed\">\n<div class=\"break-words text-[1em] leading-7\"><a class=\"break-words text-[1em] text-blue-500 hover:underline dark:text-blue-200\" href=\"https:\/\/yourcarkeyguys.com\/products\/2020-2025-cadillac-xt4-xt5-xt6-smart-key-5b-hatch-hyq2es\" target=\"_blank\" rel=\"noopener noreferrer\">https:\/\/yourcarkeyguys.com\/products\/2020-2025-cadillac-xt4-xt5-xt6-smart-key-5b-hatch-hyq2es<\/a><\/div>\n<div class=\"break-words text-[1em] leading-7\"><a class=\"break-words text-[1em] text-blue-500 hover:underline dark:text-blue-200\" href=\"https:\/\/www.locksmithkeyless.com\/products\/2020-2024-cadillac-xt4-xt5-xt6-smart-key-5b-w-hatch-remote-start-hyq2es-13522879\" target=\"_blank\" rel=\"noopener noreferrer\">https:\/\/www.locksmithkeyless.com\/products\/2020-2024-cadillac-xt4-xt5-xt6-smart-key-5b-w-hatch-remote-start-hyq2es-13522879<\/a><\/div>\n<div class=\"break-words text-[1em] leading-7\"><a class=\"break-words text-[1em] text-blue-500 hover:underline dark:text-blue-200\" href=\"https:\/\/www.key4.com\/cadillac-xt4-xt5-xt6-smart-remote-key-13544052-hyq2es-refurbished\" target=\"_blank\" rel=\"noopener noreferrer\">https:\/\/www.key4.com\/cadillac-xt4-xt5-xt6-smart-remote-key-13544052-hyq2es-refurbished<\/a><\/div>\n<div class=\"break-words text-[1em] leading-7\"><a class=\"break-words text-[1em] text-blue-500 hover:underline dark:text-blue-200\" href=\"https:\/\/remotesandkeys.com\/products\/2023-cadillac-xt4-smart-key-remote-1053\" target=\"_blank\" rel=\"noopener noreferrer\">https:\/\/remotesandkeys.com\/products\/2023-cadillac-xt4-smart-key-remote-1053<\/a><\/div>\n<div class=\"break-words text-[1em] leading-7\"><a class=\"break-words text-[1em] text-blue-500 hover:underline dark:text-blue-200\" href=\"https:\/\/lost-car-keys-replacement.com\/cadillac\/xt4\/\" target=\"_blank\" rel=\"noopener noreferrer\">https:\/\/lost-car-keys-replacement.com\/cadillac\/xt4\/<\/a><\/div>\n<div class=\"break-words text-[1em] leading-7\"><a class=\"break-words text-[1em] text-blue-500 hover:underline dark:text-blue-200\" href=\"https:\/\/www.youtube.com\/watch?v=NvjajhitLMI\" target=\"_blank\" rel=\"noopener noreferrer\">https:\/\/www.youtube.com\/watch?v=NvjajhitLMI<\/a><\/div>\n<div class=\"break-words text-[1em] leading-7\"><a class=\"break-words text-[1em] text-blue-500 hover:underline dark:text-blue-200\" href=\"https:\/\/www.programyourremote.com\/\" target=\"_blank\" rel=\"noopener noreferrer\">https:\/\/www.programyourremote.com\/<\/a><\/div>\n<div class=\"break-words text-[1em] leading-7\"><a class=\"break-words text-[1em] text-blue-500 hover:underline dark:text-blue-200\" href=\"https:\/\/www.youtube.com\/watch?v=jT4jdpXdopQ\" target=\"_blank\" rel=\"noopener noreferrer\">https:\/\/www.youtube.com\/watch?v=jT4jdpXdopQ<\/a><\/div>\n<div class=\"break-words text-[1em] leading-7\"><a class=\"break-words text-[1em] text-blue-500 hover:underline dark:text-blue-200\" href=\"https:\/\/www.carandtruckremotes.com\/collections\/cadillac-xt4-keyless-entry-remotes\" target=\"_blank\" rel=\"noopener noreferrer\">https:\/\/www.carandtruckremotes.com\/collections\/cadillac-xt4-keyless-entry-remotes<\/a><\/div>\n<div class=\"break-words text-[1em] leading-7\"><a class=\"break-words text-[1em] text-blue-500 hover:underline dark:text-blue-200\" href=\"https:\/\/www.reddit.com\/r\/Costco\/comments\/1o4b7o4\/car_key_fob_replacement_deal\/\" target=\"_blank\" rel=\"noopener noreferrer\">https:\/\/www.reddit.com\/r\/Costco\/comments\/1o4b7o4\/car_key_fob_replacement_deal\/<\/a><\/div>\n<div class=\"break-words text-[1em] leading-7\"><a class=\"break-words text-[1em] text-blue-500 hover:underline dark:text-blue-200\" href=\"https:\/\/www.keylessentryremotefob.com\/shop-by-car-make\/cadillac\/xt4\/\" target=\"_blank\" rel=\"noopener noreferrer\">https:\/\/www.keylessentryremotefob.com\/shop-by-car-make\/cadillac\/xt4\/<\/a><\/div>\n<div class=\"break-words text-[1em] leading-7\"><a class=\"break-words text-[1em] text-blue-500 hover:underline dark:text-blue-200\" href=\"https:\/\/www.youtube\/\" target=\"_blank\" rel=\"noopener noreferrer\">https:\/\/www.youtube<\/a><\/div>\n<\/div>\n<\/div>\n<\/div>\n<\/div>\n<\/div>\n<\/div>\n<\/div>","protected":false},"excerpt":{"rendered":"<ul>\n<li>SKU: CA-CD1191<\/li>\n<li>FCC Kimli\u011fi: HYQ2ES<\/li>\n<li>PN: 13522872, 13591382,13544051<\/li>\n<li>IC: 1551A-2ES<\/li>\n<li>Frekans: 433MHz<\/li>\n<li>Test Anahtar\u0131: HU100<\/li>\n<li>D\u00fc\u011fmeler: Kilit, A\u00e7ma, Panik, Uzaktan \u00c7al\u0131\u015ft\u0131rma<\/li>\n<li>Pil: CR2032<\/li>\n<\/ul>","protected":false},"featured_media":20977,"comment_status":"open","ping_status":"closed","template":"","meta":{"_bst_post_transparent":"default","_bst_post_title":"","_bst_post_layout":"default","_bst_post_sidebar_id":"","_bst_post_content_style":"default","_bst_post_vertical_padding":"default","_bst_post_feature":"","_bst_post_feature_position":"","_bst_post_header":false,"_bst_post_footer":false},"product_brand":[],"product_cat":[15,149],"product_tag":[],"2_year_make_model":[],"class_list":{"0":"post-17948","1":"product","2":"type-product","3":"status-publish","4":"has-post-thumbnail","6":"product_cat-carkeyremote","7":"product_cat-for-cadillac","8":"pa_make-cadillac","9":"pa_model-ats","10":"pa_model-ct4","11":"pa_model-ct5","12":"pa_model-ct6","13":"pa_model-cts","14":"pa_model-dts","15":"pa_model-srx","16":"pa_model-sts","17":"pa_year-model-244","18":"pa_year-model-245","19":"pa_year-model-246","21":"first","22":"instock","23":"sale","24":"shipping-taxable","25":"purchasable","26":"product-type-simple","27":"entry","28":"content-bg","29":"loop-entry"},"_links":{"self":[{"href":"https:\/\/keylessbest.com\/tr\/wp-json\/wp\/v2\/product\/17948","targetHints":{"allow":["GET"]}}],"collection":[{"href":"https:\/\/keylessbest.com\/tr\/wp-json\/wp\/v2\/product"}],"about":[{"href":"https:\/\/keylessbest.com\/tr\/wp-json\/wp\/v2\/types\/product"}],"replies":[{"embeddable":true,"href":"https:\/\/keylessbest.com\/tr\/wp-json\/wp\/v2\/comments?post=17948"}],"version-history":[{"count":4,"href":"https:\/\/keylessbest.com\/tr\/wp-json\/wp\/v2\/product\/17948\/revisions"}],"predecessor-version":[{"id":20572,"href":"https:\/\/keylessbest.com\/tr\/wp-json\/wp\/v2\/product\/17948\/revisions\/20572"}],"wp:featuredmedia":[{"embeddable":true,"href":"https:\/\/keylessbest.com\/tr\/wp-json\/wp\/v2\/media\/20977"}],"wp:attachment":[{"href":"https:\/\/keylessbest.com\/tr\/wp-json\/wp\/v2\/media?parent=17948"}],"wp:term":[{"taxonomy":"product_brand","embeddable":true,"href":"https:\/\/keylessbest.com\/tr\/wp-json\/wp\/v2\/product_brand?post=17948"},{"taxonomy":"product_cat","embeddable":true,"href":"https:\/\/keylessbest.com\/tr\/wp-json\/wp\/v2\/product_cat?post=17948"},{"taxonomy":"product_tag","embeddable":true,"href":"https:\/\/keylessbest.com\/tr\/wp-json\/wp\/v2\/product_tag?post=17948"},{"taxonomy":"2_year_make_model","embeddable":true,"href":"https:\/\/keylessbest.com\/tr\/wp-json\/wp\/v2\/2_year_make_model?post=17948"}],"curies":[{"name":"wp","href":"https:\/\/api.w.org\/{rel}","templated":true}]}}