{"id":17969,"date":"2025-08-19T09:55:12","date_gmt":"2025-08-19T09:55:12","guid":{"rendered":"https:\/\/hanwuji.shengjit.com\/?post_type=product&#038;p=17969"},"modified":"2026-02-11T06:56:05","modified_gmt":"2026-02-11T06:56:05","slug":"2020-2025-chevrolet-anahtar-kapagi-pn-13545335-keylessbest-icin","status":"publish","type":"product","link":"https:\/\/keylessbest.com\/tr\/product\/2020-2025-chevrolet-anahtar-kapagi-pn-13545335-keylessbest-icin\/","title":{"rendered":"2020 2025 Chevrolet anahtar kapa\u011f\u0131 PN 13545335 keylessbest i\u00e7in"},"content":{"rendered":"<p>*Bu 2020-2024 Cadillac anahtars\u0131z uzaktan kumandan\u0131n detayl\u0131 bilgileri a\u015fa\u011f\u0131daki gibidir. L\u00fctfen sipari\u015f vermeden \u00f6nce a\u015fa\u011f\u0131daki bilgilerin arac\u0131n\u0131zla e\u015fle\u015fti\u011finden emin olun: FCC Kimli\u011fi, Par\u00e7a Numaras\u0131, Model Y\u0131l\u0131, IC, Frekans, \u00c7ip ve D\u00fc\u011fmeler.<\/p>\n<h6><strong><b>\u00dcr\u00fcn Bilgisi: <\/b><\/strong><\/h6>\n<ul>\n<li>FCC Kimli\u011fi: YG0G21TB2, HUFGM2718<\/li>\n<li>PN: 13545335, 13541559, 13536127, 13537958, 13548433<\/li>\n<li>Frekans: 433MHz<\/li>\n<li>\u00c7ip: 49<\/li>\n<li>Test Anahtar\u0131: HU100<\/li>\n<li>D\u00fc\u011fmeler: Kilit, A\u00e7, Panik, Kapa\/ Cam, Uzaktan Ba\u015flat<\/li>\n<li>Pil: CR2450<\/li>\n<\/ul>\n<h6><strong><b>Referans model:<\/b><\/strong><\/h6>\n<ul>\n<li>2020 \u2013 2024 Chevrolet Suburban<\/li>\n<li>2020 \u2013 2024 Chevrolet Tahoe<\/li>\n<\/ul>\n<h6><strong><b>Paket \u0130\u00e7eri\u011fi:<\/b><\/strong><\/h6>\n<ul>\n<li>Yeni bir aftermarket anahtars\u0131z uzaktan kumanda anahtar\u0131<\/li>\n<li>\u00dccretsiz <a href=\"https:\/\/keylessbest.com\/tr\/sonradan-takilan-anahtar-kasa-ile-oem-farklari-ve-alim-rehberi\/\"  data-wpil-monitor-id=\"1931\">sonra piyasaya s\u00fcr\u00fclen acil durum ekleme anahtar\u0131<\/a><\/li>\n<li>T\u00fcm vericiler pil ile gelir<\/li>\n<li>T\u00fcm \u00fcniteler sevkiyat \u00f6ncesi test edilmi\u015ftir<\/li>\n<li>2 y\u0131l 100% memnuniyet garantisi ve garanti<\/li>\n<\/ul>\n<h6><strong><b>Not:<\/b><\/strong><\/h6>\n<ul>\n<li>2020-2024 Chevrolet ak\u0131ll\u0131 anahtars\u0131z giri\u015f anahtar\u0131 yedekleme \u2013 logo olmadan, kesilmemi\u015f acil durum ekleme anahtar\u0131 ile birlikte.<\/li>\n<li>Uzaktan kumanday\u0131 kesmiyor veya programlam\u0131yoruz. Ayr\u0131ca, fiyatland\u0131rma i\u00e7in yerel \u00e7ilingir veya bayi ile ileti\u015fime ge\u00e7iniz.<\/li>\n<li>Bu verici, g\u00f6sterge panelinde bas-\u00e7al\u0131\u015ft\u0131r\/dur d\u00fc\u011fmesi veya d\u00f6nd\u00fcrmeli mar\u015f anahtar\u0131 bulunan ara\u00e7larla uyumludur, ayr\u0131ca bir proxy ile <a href=\"https:\/\/keylessbest.com\/tr\/product\/2004-2011-mazda-3-6-hatchback-6-sedan-6-wagon-miata-mx-5-rx-8-4-tuslu-anahtarsiz-giris-uzaktan-kumanda-kpu41788-pngp7a-67-5ryb-4238a-41524-ff14-67-5ry-63-80bit\/\"  data-wpil-monitor-id=\"1930\">anahtars\u0131z giri\u015f<\/a> sistemi.<\/li>\n<li>Fiyat, bir adet tam yedek anahtars\u0131z giri\u015f uzaktan kumanda i\u00e7indir, acil durum anahtar\u0131 dahil.<\/li>\n<li>Bu nedenle, anahtar kutusunun bir profesyonel \u00e7ilingir veya bayi taraf\u0131ndan programlanmas\u0131n\u0131 \u015fiddetle tavsiye ederiz.<\/li>\n<\/ul>\n<h6><strong><b>Programlama Kaynaklar\u0131\u00a0<\/b><\/strong><\/h6>\n<p><a href=\"http:\/\/programyourfob.com\/?list_6\/\" target=\"_blank\" rel=\"noopener\"><u>http:\/\/programyourfob.com\/?list_6\/<\/u><\/a><\/p>\n<p>Bizi tercih etti\u011finiz i\u00e7in te\u015fekk\u00fcr ederiz.<\/p>\n<p>We are one of the most professional manufacturers of car keys, keyless entry system, car key remote, transponder chips, key programmers, car key shells, car locks, locksmith tools and so on. Moreover, Our company has professional team and production line. Furthermore , we specialize in producing various <a href=\"https:\/\/keylessbest.com\/tr\/araba-anahtarlarinizi-kaybederseniz-ne-yapmalisiniz-adim-adim-rehber-2025\/\" data-wpil-monitor-id=\"1929\">ara\u00e7 anahtarlar\u0131<\/a>, ara\u00e7 anahtar\u0131 kapaklar\u0131 ve \u00e7ilingir ara\u00e7lar\u0131. Ayr\u0131ca, otomobil g\u00fcvenli\u011fi ve koruma \u00fcr\u00fcnlerinin geli\u015ftirilmesi, \u00fcretimi ve toptan sat\u0131\u015f\u0131 ile ilgileniyoruz.<\/p>\n<p>Rekabet\u00e7i fiyatlar ve \u00f6zel hizmetler, size iyi bir pazar kazand\u0131rmaya yard\u0131mc\u0131 olacakt\u0131r. Ayr\u0131ca, 10'dan fazla gen\u00e7 ve enerjik sat\u0131\u015f ekibimiz her zaman h\u0131zl\u0131, profesyonel ve samimi hizmet sunar. Ayr\u0131ca, t\u00fcm \u00fcr\u00fcnlerimiz do\u011frudan Amerika Birle\u015fik Devletleri, Kanada ve Meksika'daki depolardan sevk edilmektedir. Bu nedenle, sat\u0131n ald\u0131\u011f\u0131n\u0131z \u00fcr\u00fcnler, sipari\u015f verdikten sonra 48 saat i\u00e7inde paketlenip g\u00f6nderilecektir. \u00dcr\u00fcnlerimizin 100%\u2019den fazlas\u0131 stokta bulunmaktad\u0131r ve envanterimiz yeterlidir.<\/p>","protected":false},"excerpt":{"rendered":"<ul>\n<li>SKU: CA-GM955<\/li>\n<li>FCC Kimli\u011fi: YG0G21TB2, HUFGM2718<\/li>\n<li>PN: 13545335, 13541559, 13536127, 13537958, 13548433<\/li>\n<li>Frekans: 433MHz<\/li>\n<li>\u00c7ip: 49<\/li>\n<li>Test Anahtar\u0131: HU100<\/li>\n<li>D\u00fc\u011fmeler: Kilit, A\u00e7, Panik, Kapa\/ Cam, Uzaktan Ba\u015flat<\/li>\n<li>Pil: CR2450<\/li>\n<\/ul>","protected":false},"featured_media":20841,"comment_status":"open","ping_status":"closed","template":"","meta":{"_bst_post_transparent":"default","_bst_post_title":"","_bst_post_layout":"default","_bst_post_sidebar_id":"","_bst_post_content_style":"default","_bst_post_vertical_padding":"default","_bst_post_feature":"","_bst_post_feature_position":"","_bst_post_header":false,"_bst_post_footer":false},"product_brand":[],"product_cat":[15,150],"product_tag":[],"2_year_make_model":[],"class_list":{"0":"post-17969","1":"product","2":"type-product","3":"status-publish","4":"has-post-thumbnail","6":"product_cat-carkeyremote","7":"product_cat-for-chevrolet","9":"first","10":"instock","11":"sale","12":"shipping-taxable","13":"purchasable","14":"product-type-simple","15":"entry","16":"content-bg","17":"loop-entry"},"_links":{"self":[{"href":"https:\/\/keylessbest.com\/tr\/wp-json\/wp\/v2\/product\/17969","targetHints":{"allow":["GET"]}}],"collection":[{"href":"https:\/\/keylessbest.com\/tr\/wp-json\/wp\/v2\/product"}],"about":[{"href":"https:\/\/keylessbest.com\/tr\/wp-json\/wp\/v2\/types\/product"}],"replies":[{"embeddable":true,"href":"https:\/\/keylessbest.com\/tr\/wp-json\/wp\/v2\/comments?post=17969"}],"version-history":[{"count":4,"href":"https:\/\/keylessbest.com\/tr\/wp-json\/wp\/v2\/product\/17969\/revisions"}],"predecessor-version":[{"id":20842,"href":"https:\/\/keylessbest.com\/tr\/wp-json\/wp\/v2\/product\/17969\/revisions\/20842"}],"wp:featuredmedia":[{"embeddable":true,"href":"https:\/\/keylessbest.com\/tr\/wp-json\/wp\/v2\/media\/20841"}],"wp:attachment":[{"href":"https:\/\/keylessbest.com\/tr\/wp-json\/wp\/v2\/media?parent=17969"}],"wp:term":[{"taxonomy":"product_brand","embeddable":true,"href":"https:\/\/keylessbest.com\/tr\/wp-json\/wp\/v2\/product_brand?post=17969"},{"taxonomy":"product_cat","embeddable":true,"href":"https:\/\/keylessbest.com\/tr\/wp-json\/wp\/v2\/product_cat?post=17969"},{"taxonomy":"product_tag","embeddable":true,"href":"https:\/\/keylessbest.com\/tr\/wp-json\/wp\/v2\/product_tag?post=17969"},{"taxonomy":"2_year_make_model","embeddable":true,"href":"https:\/\/keylessbest.com\/tr\/wp-json\/wp\/v2\/2_year_make_model?post=17969"}],"curies":[{"name":"wp","href":"https:\/\/api.w.org\/{rel}","templated":true}]}}