{"id":18169,"date":"2025-11-28T03:22:12","date_gmt":"2025-11-28T03:22:12","guid":{"rendered":"https:\/\/keylessbest.com\/?post_type=product&#038;p=18169"},"modified":"2026-02-25T05:52:48","modified_gmt":"2026-02-25T05:52:48","slug":"2002-2007-nissan-anahtar-anahtarligi-kbrastu15-315mhz-anahtarsiz-giris-icin-en-iyi","status":"publish","type":"product","link":"https:\/\/keylessbest.com\/tr\/product\/2002-2007-nissan-anahtar-anahtarligi-kbrastu15-315mhz-anahtarsiz-giris-icin-en-iyi\/","title":{"rendered":"2002-2007 Nissan Anahtar Kapa\u011f\u0131 KBRASTU15 315MHz Keylessbest i\u00e7in"},"content":{"rendered":"<p>*Bu 2002-2017 Infiniti Nissan anahtars\u0131z giri\u015f uzaktan kumanda anahtar\u0131n\u0131n detayl\u0131 bilgileri a\u015fa\u011f\u0131daki gibidir. L\u00fctfen sipari\u015f vermeden \u00f6nce a\u015fa\u011f\u0131daki detaylar\u0131n arac\u0131n\u0131zla uydu\u011fundan emin olun: FCC Kimli\u011fi, Par\u00e7a Numaras\u0131, Model Y\u0131l\u0131, IC, Frekans, \u00c7ip ve D\u00fc\u011fmeler.<\/p>\n<h6><strong><b>\u00dcr\u00fcn Bilgisi: <\/b><\/strong><\/h6>\n<ul>\n<li>(k\u00fc\u00e7\u00fck anahtar g\u00fcm\u00fc\u015f ba\u015fl\u0131k)<\/li>\n<li>Nissan radyo 3 anahtar<\/li>\n<li>modifiye KBRASTU15<\/li>\n<li>Frekans: 315MHz<\/li>\n<\/ul>\n<h6><strong><b>Referans model:<\/b><\/strong><\/h6>\n<ul>\n<li>2002 &#8211; 2006 <a href=\"https:\/\/keylessbest.com\/tr\/product\/2003-2019-nissan-chevrolet-infiniti-350z-sentra-fe-s-sr-sv-altima-armada-cube-juke-maxima-micra-nv-rogue-versa-versa-note-pathfinder-murano-quest-frontier-titan-xterra-city-express-fx35-fx45-g35-qx\/\" data-wpil-monitor-id=\"1632\">Nissan Frontier<\/a> Pickup<\/li>\n<li>2004 &#8211; 2006 <a href=\"https:\/\/keylessbest.com\/tr\/product\/2015-2020-nissan-murano-sv-pathfinder-titan-4-tuslu-anahtarsiz-giris-uzaktan-kumanda-kr5s180144014-pn285e3-5aa3d-285e35aa3d-285e3-5aa3d-285e3-5aa3c-285e3-9pa4a-4a\/\" data-wpil-monitor-id=\"1629\">Nissan Murano<\/a><\/li>\n<li><a href=\"https:\/\/keylessbest.com\/tr\/product\/1999-2004-acura-cl-tl-rl-4-dugmeli-anahtarsiz-giris-uzaktan-kumanda-e4eg8d-444h-a-yerine-gecer-pn-72147-s0k-a23-72147-s0k-a13__trashed\/\" data-wpil-monitor-id=\"1561\">2002 &#8211; 2004<\/a> Nissan Pathfinder<\/li>\n<li>2003 \u2013 2006 Nissan Quest<\/li>\n<li>2002 &#8211; 2006 <a href=\"https:\/\/keylessbest.com\/tr\/product\/2015-2018-nissan-murano-s-pathfinder-titan-3-tuslu-anahtarsiz-giris-uzaktan-kumanda-kr5s180144014-pn-285e3-5aa1a-4a\/\" data-wpil-monitor-id=\"1633\">Nissan Titan<\/a><\/li>\n<li>2002 \u2013 2006 Nissan X-Terra<\/li>\n<li>2002 \u2013 2003 Infiniti QX4<\/li>\n<li>2003 \u2013 2007 Infiniti FX35<\/li>\n<li>2003 \u2013 2007 Infiniti FX45<\/li>\n<\/ul>\n<h6><strong><b>Paket \u0130\u00e7eri\u011fi:<\/b><\/strong><\/h6>\n<ul>\n<li>Yeni bir yan sanayi <a href=\"https:\/\/keylessbest.com\/tr\/product\/2011-2017-ford-fiesta-3-tuslu-anahtarsiz-giris-uzaktan-kumanda-kr55wk47899-pn164-r8042-uzaktan-kumanda-164-r8043-bicak-164-r8042-164-r8039-5913139-5914117-4d63-80bit__trashed\/\" data-wpil-monitor-id=\"1627\">anahtars\u0131z uzaktan kumanda<\/a><\/li>\n<li>\u00dccretsiz piyasa sonras\u0131 acil durum takma anahtar<\/li>\n<li>T\u00fcm vericiler pil ile gelir<\/li>\n<li>T\u00fcm \u00fcniteler sevkiyat \u00f6ncesi test edilmi\u015ftir<\/li>\n<li>2 y\u0131l 100% memnuniyet garantisi ve garanti<\/li>\n<\/ul>\n<h6><strong><b>Not:<\/b><\/strong><\/h6>\n<ul>\n<li>2002-2007 Nissan Infiniti ak\u0131ll\u0131 <a href=\"https:\/\/keylessbest.com\/tr\/product\/2009-2014-toyota-avalon-camry-corolla-3-tuslu-anahtarsiz-giris-uzaktan-kumanda-hyq14aem-pn-89904-0r060-89904-60770-89904-0r090-89904-42140__trashed\/\" data-wpil-monitor-id=\"1562\">anahtars\u0131z giri\u015f anahtar\u0131<\/a> de\u011fi\u015fim \u2013 logo olmadan, kesilmemi\u015f acil durum ek anahtar\u0131 dahil.<\/li>\n<li>Biz kesmiyoruz veya programlam\u0131yoruz <a href=\"https:\/\/keylessbest.com\/tr\/keylessbestarabaanahtarfobshop\/\" data-wpil-monitor-id=\"1630\">uzaktan anahtar<\/a>.Ayr\u0131ca, fiyatland\u0131rma i\u00e7in l\u00fctfen yerel \u00e7ilingir veya bayiye ula\u015f\u0131n.<\/li>\n<li>Bu verici, g\u00f6sterge panelinde bas-\u00e7al\u0131\u015ft\u0131r\/dur d\u00fc\u011fmesi veya d\u00f6nd\u00fcrmeli mar\u015f anahtar\u0131 bulunan ara\u00e7larla uyumludur, ayr\u0131ca bir proxy ile <a href=\"https:\/\/keylessbest.com\/tr\/product\/2014-2022-jeep-grand-cherokee-5-tuslu-anahtarsiz-giris-uzaktan-kumanda-m3n-40821302-pn-68143505ac\/\" data-wpil-monitor-id=\"1628\">anahtars\u0131z giri\u015f<\/a> sistemi.<\/li>\n<li>Fiyat tek bir tam <a href=\"https:\/\/keylessbest.com\/tr\/product\/2014-2015-hyundai-tucson-4-tuslu-anahtarsiz-giris-uzaktan-kumanda-tq8-fob-4f03-yerine-gecer-pn-95440-2s600-47-hitag3__trashed\/\" data-wpil-monitor-id=\"1625\">de\u011fi\u015fim anahtars\u0131z giri\u015f uzaktan kumanda<\/a>, acil durum anahtar\u0131 dahil.<\/li>\n<li>Bu nedenle, uzman bir \u00e7ilingir veya bayii taraf\u0131ndan\u00a0<a href=\"https:\/\/keylessbest.com\/tr\/herhangi-bir-araba-icin-hizli-ve-kolay-anahtar-anahtarlik-programlama-adimlari\/\" data-wpil-monitor-id=\"1626\">ANAHTAR KUTUSUNUZUN PROGRAMLANMASINI<\/a> \u00f6nermekteyiz.<\/li>\n<\/ul>\n<h6><strong><b>Programlama Kaynaklar\u0131\u00a0<\/b><\/strong><\/h6>\n<p><a href=\"https:\/\/programyourfob.com\/?list_26\/\" target=\"_blank\" rel=\"noopener\">https:\/\/programyourfob.com\/?list_26\/<\/a><\/p>\n<p><a href=\"https:\/\/programyourfob.com\/?list_15\/\" target=\"_blank\" rel=\"noopener\">https:\/\/programyourfob.com\/?list_15\/<\/a><\/p>\n<p>Bizi tercih etti\u011finiz i\u00e7in te\u015fekk\u00fcr ederiz.<\/p>\n<p>Biz, araba anahtarlar\u0131 ve anahtars\u0131z giri\u015f sistemi \u00fcretiminde en profesyonel \u00fcreticilerden biriyiz, <a href=\"https:\/\/keylessbest.com\/tr\/product\/2007-2009-mazda-3-4-kapi-3-5-kapi-mazdaspeed-3-3-3-dugmeli-anahtarsiz-giris-uzaktan-kumanda-kpu41794-pn-ban66-75ry-ban6675ry\/\" data-wpil-monitor-id=\"1560\">araba anahtar uzaktan kumandas\u0131<\/a>, transponder \u00e7ipler, anahtar programlay\u0131c\u0131lar, ara\u00e7 anahtar kabuklar\u0131, ara\u00e7 kilitleri, \u00e7ilingir ara\u00e7lar\u0131 ve benzeri. Ayr\u0131ca, \u015firketimiz profesyonel bir ekibe ve \u00fcretim hatt\u0131na sahiptir. Dahas\u0131, \u00e7e\u015fitli \u00fcretimlerde uzmanla\u015fm\u0131\u015f bulunmaktay\u0131z <a href=\"https:\/\/keylessbest.com\/tr\/2025te-bir-araba-anahtar-dugmesi-degistirme-maliyeti-ne-kadar\/\" data-wpil-monitor-id=\"1631\">ara\u00e7 anahtarlar\u0131<\/a>, ara\u00e7 anahtar\u0131 kapaklar\u0131 ve \u00e7ilingir ara\u00e7lar\u0131. Ayr\u0131ca, otomobil g\u00fcvenli\u011fi ve koruma \u00fcr\u00fcnlerinin geli\u015ftirilmesi, \u00fcretimi ve toptan sat\u0131\u015f\u0131 ile ilgileniyoruz.<\/p>\n<p>Rekabet\u00e7i fiyatlar ve \u00f6zel hizmetler, size iyi bir pazar kazand\u0131rmaya yard\u0131mc\u0131 olacakt\u0131r. Ayr\u0131ca, 10'dan fazla gen\u00e7 ve enerjik sat\u0131\u015f ekibimiz her zaman h\u0131zl\u0131, profesyonel ve samimi hizmet sunar. Ayr\u0131ca, t\u00fcm \u00fcr\u00fcnlerimiz do\u011frudan Amerika Birle\u015fik Devletleri, Kanada ve Meksika'daki depolardan sevk edilmektedir. Bu nedenle, sat\u0131n ald\u0131\u011f\u0131n\u0131z \u00fcr\u00fcnler, sipari\u015f verdikten sonra 48 saat i\u00e7inde paketlenip g\u00f6nderilecektir. \u00dcr\u00fcnlerimizin 100%\u2019den fazlas\u0131 stokta bulunmaktad\u0131r ve envanterimiz yeterlidir.<\/p>","protected":false},"excerpt":{"rendered":"<ul>\n<li>SKU: CA-NS228<\/li>\n<li>(k\u00fc\u00e7\u00fck anahtar g\u00fcm\u00fc\u015f ba\u015fl\u0131k)<\/li>\n<li>Nissan radyo 3 anahtar<\/li>\n<li>modifiye KBRASTU15<\/li>\n<li>Frekans: 315MHz<\/li>\n<\/ul>","protected":false},"featured_media":21583,"comment_status":"open","ping_status":"closed","template":"","meta":{"_bst_post_transparent":"default","_bst_post_title":"","_bst_post_layout":"default","_bst_post_sidebar_id":"","_bst_post_content_style":"default","_bst_post_vertical_padding":"default","_bst_post_feature":"","_bst_post_feature_position":"","_bst_post_header":false,"_bst_post_footer":false},"product_brand":[],"product_cat":[386,15,160],"product_tag":[],"2_year_make_model":[],"class_list":{"0":"post-18169","1":"product","2":"type-product","3":"status-publish","4":"has-post-thumbnail","6":"product_cat-for-infiniti","7":"product_cat-carkeyremote","8":"product_cat-for-nissan","10":"first","11":"instock","12":"sale","13":"shipping-taxable","14":"purchasable","15":"product-type-simple","16":"entry","17":"content-bg","18":"loop-entry"},"_links":{"self":[{"href":"https:\/\/keylessbest.com\/tr\/wp-json\/wp\/v2\/product\/18169","targetHints":{"allow":["GET"]}}],"collection":[{"href":"https:\/\/keylessbest.com\/tr\/wp-json\/wp\/v2\/product"}],"about":[{"href":"https:\/\/keylessbest.com\/tr\/wp-json\/wp\/v2\/types\/product"}],"replies":[{"embeddable":true,"href":"https:\/\/keylessbest.com\/tr\/wp-json\/wp\/v2\/comments?post=18169"}],"version-history":[{"count":7,"href":"https:\/\/keylessbest.com\/tr\/wp-json\/wp\/v2\/product\/18169\/revisions"}],"predecessor-version":[{"id":20054,"href":"https:\/\/keylessbest.com\/tr\/wp-json\/wp\/v2\/product\/18169\/revisions\/20054"}],"wp:featuredmedia":[{"embeddable":true,"href":"https:\/\/keylessbest.com\/tr\/wp-json\/wp\/v2\/media\/21583"}],"wp:attachment":[{"href":"https:\/\/keylessbest.com\/tr\/wp-json\/wp\/v2\/media?parent=18169"}],"wp:term":[{"taxonomy":"product_brand","embeddable":true,"href":"https:\/\/keylessbest.com\/tr\/wp-json\/wp\/v2\/product_brand?post=18169"},{"taxonomy":"product_cat","embeddable":true,"href":"https:\/\/keylessbest.com\/tr\/wp-json\/wp\/v2\/product_cat?post=18169"},{"taxonomy":"product_tag","embeddable":true,"href":"https:\/\/keylessbest.com\/tr\/wp-json\/wp\/v2\/product_tag?post=18169"},{"taxonomy":"2_year_make_model","embeddable":true,"href":"https:\/\/keylessbest.com\/tr\/wp-json\/wp\/v2\/2_year_make_model?post=18169"}],"curies":[{"name":"wp","href":"https:\/\/api.w.org\/{rel}","templated":true}]}}