{"id":18317,"date":"2025-09-10T01:08:37","date_gmt":"2025-09-10T01:08:37","guid":{"rendered":"https:\/\/keylessbest.com\/?post_type=product&#038;p=18317"},"modified":"2026-03-09T02:21:44","modified_gmt":"2026-03-09T02:21:44","slug":"2017-2023-ford-key-fob-m3n-a2c94078000-for-keylessbest","status":"publish","type":"product","link":"https:\/\/keylessbest.com\/tr\/product\/2017-2023-ford-key-fob-m3n-a2c94078000-for-keylessbest\/","title":{"rendered":"2017-2023 Ford Key Fob M3N-A2C94078000 for keylessbest"},"content":{"rendered":"<p>*The detailed information of this 2017-2023 Lincoln keyless remote fob is as follows. Please confirm the following details match your vehicle before ordering: FCC ID , Part Number , \u00a0Year Model , IC ,\u00a0 Frequency, Chip, and Buttons.<\/p>\n<h6><strong><b>\u00dcr\u00fcn Bilgisi: <\/b><\/strong><\/h6>\n<ul>\n<li>FCC Kimli\u011fi: M3N-A2C940780<\/li>\n<li>PN: 164-R8154<\/li>\n<li>IC: 7812A-A2C94078000<\/li>\n<li>Frekans: 902 MHz<\/li>\n<li>\u00c7ip: 49<\/li>\n<li>Test Tu\u015fu: HU101<\/li>\n<li>D\u00fc\u011fmeler: Kilit Kapa, Kilit A\u00e7, Panik, Uzaktan \u00c7al\u0131\u015ft\u0131rma, Bagaj<\/li>\n<\/ul>\n<h6><strong><b>Referans model:<\/b><\/strong><\/h6>\n<ul>\n<li>2017 &#8211; 2023 Lincoln Continental<\/li>\n<li>2017 &#8211; 2023 Lincoln MKC<\/li>\n<li>2017 &#8211; 2023 Lincoln MKX<\/li>\n<li>2017 &#8211; 2023 Lincoln MKZ<\/li>\n<li>2018 &#8211; 2023 <a href=\"https:\/\/keylessbest.com\/tr\/product\/2018-2021-lincoln-navigator-5-tuslu-anahtarsiz-giris-uzaktan-kumanda-m3n-a2c940780-pn-jl7t-15k601-bb-5933990-164-r8226-49__trashed\/\" data-wpil-monitor-id=\"23\">Lincoln Navigator<\/a><\/li>\n<li>2020 &#8211; 2023 Lincoln Nautilus<\/li>\n<\/ul>\n<h6><strong><b>Paket \u0130\u00e7eri\u011fi:<\/b><\/strong><\/h6>\n<ul>\n<li>Yeni bir aftermarket anahtars\u0131z uzaktan kumanda anahtar\u0131<\/li>\n<li>\u00dccretsiz piyasa sonras\u0131 acil durum takma anahtar<\/li>\n<li>T\u00fcm vericiler pil ile gelir<\/li>\n<li>T\u00fcm \u00fcniteler sevkiyat \u00f6ncesi test edilmi\u015ftir<\/li>\n<li>2 y\u0131l 100% memnuniyet garantisi ve garanti<\/li>\n<\/ul>\n<h6><strong><b>Not:<\/b><\/strong><\/h6>\n<ul>\n<li>The 2017-2023 Lincoln smart <a href=\"https:\/\/keylessbest.com\/tr\/product\/2018-2021-hyundai-accent-limited-4-tuslu-anahtarsiz-giris-uzaktan-kumanda-nyosyec4fob1608-pn-95440-j0100-6a\/\" data-wpil-monitor-id=\"20\">anahtars\u0131z giri\u015f anahtar\u0131<\/a> de\u011fi\u015fim \u2013 logo olmadan, kesilmemi\u015f acil durum ek anahtar\u0131 dahil.<\/li>\n<li>Uzaktan kumanday\u0131 kesmiyor veya programlam\u0131yoruz. Ayr\u0131ca, fiyatland\u0131rma i\u00e7in yerel \u00e7ilingir veya bayi ile ileti\u015fime ge\u00e7iniz.<\/li>\n<li>Bu verici, g\u00f6sterge panelinde bas-\u00e7al\u0131\u015ft\u0131r\/dur d\u00fc\u011fmesi veya d\u00f6nd\u00fcrmeli mar\u015f anahtar\u0131 bulunan ara\u00e7larla uyumludur, ayr\u0131ca bir proxy ile <a href=\"https:\/\/keylessbest.com\/tr\/product\/2015-2017-honda-fit-ex-fit-ex-l-fit-ex-ln-hr-v-3-tuslu-anahtarsiz-giris-uzaktan-kumanda-kr5v1x-pn72147-t5a-a01\/\" data-wpil-monitor-id=\"22\">anahtars\u0131z giri\u015f<\/a> sistemi.<\/li>\n<li>Fiyat tek bir tam <a href=\"https:\/\/keylessbest.com\/tr\/product\/2005-2007-cadillac-sts-5-tuslu-anahtarsiz-giris-uzaktan-kumanda-m3n65981403-pn-15212382-yerine-gecer__trashed\/\" data-wpil-monitor-id=\"19\">de\u011fi\u015fim anahtars\u0131z giri\u015f uzaktan kumanda<\/a>, acil durum anahtar\u0131 dahil.<\/li>\n<li>Bu nedenle, uzman bir \u00e7ilingir veya bayii taraf\u0131ndan\u00a0<a href=\"https:\/\/keylessbest.com\/tr\/herhangi-bir-araba-icin-hizli-ve-kolay-anahtar-anahtarlik-programlama-adimlari\/\" data-wpil-monitor-id=\"21\">ANAHTAR KUTUSUNUZUN PROGRAMLANMASINI<\/a> \u00f6nermekteyiz.<\/li>\n<\/ul>\n<h6><strong><b>Programlama Kaynaklar\u0131\u00a0<\/b><\/strong><\/h6>\n<p><a href=\"https:\/\/programyourfob.com\/?list_22\/\" target=\"_blank\" rel=\"noopener\">https:\/\/programyourfob.com\/?list_22\/<\/a><\/p>\n<p>Bizi tercih etti\u011finiz i\u00e7in te\u015fekk\u00fcr ederiz.<\/p>\n<p>Biz, araba anahtarlar\u0131, anahtars\u0131z giri\u015f sistemi, araba anahtar uzaktan kumandas\u0131, transponder \u00e7ipler, anahtar programlay\u0131c\u0131lar, araba anahtar kabuklar\u0131, araba kilitleri, \u00e7ilingir ara\u00e7lar\u0131 ve benzeri alanlarda en profesyonel \u00fcreticilerden biriyiz. Ayr\u0131ca, \u015firketimiz profesyonel bir ekibe ve \u00fcretim hatt\u0131na sahiptir. Ayr\u0131ca, \u00e7e\u015fitli araba anahtarlar\u0131, araba anahtar kabuklar\u0131 ve \u00e7ilingir ara\u00e7lar\u0131 \u00fcretiminde uzman\u0131z. Otomobil g\u00fcvenlik ve koruma \u00fcr\u00fcnlerinin geli\u015ftirilmesi, \u00fcretimi ve toptan sat\u0131\u015f\u0131 ile de ilgileniyoruz.<\/p>\n<p>Rekabet\u00e7i fiyatlar ve \u00f6zel hizmetler, size iyi bir pazar kazand\u0131rmaya yard\u0131mc\u0131 olacakt\u0131r. Ayr\u0131ca, 10'dan fazla gen\u00e7 ve enerjik sat\u0131\u015f ekibimiz her zaman h\u0131zl\u0131, profesyonel ve samimi hizmet sunar. Ayr\u0131ca, t\u00fcm \u00fcr\u00fcnlerimiz do\u011frudan Amerika Birle\u015fik Devletleri, Kanada ve Meksika'daki depolardan sevk edilmektedir. Bu nedenle, sat\u0131n ald\u0131\u011f\u0131n\u0131z \u00fcr\u00fcnler, sipari\u015f verdikten sonra 48 saat i\u00e7inde paketlenip g\u00f6nderilecektir. \u00dcr\u00fcnlerimizin 100%\u2019den fazlas\u0131 stokta bulunmaktad\u0131r ve envanterimiz yeterlidir.<\/p>","protected":false},"excerpt":{"rendered":"<ul>\n<li>SKU: CA-FD985<\/li>\n<li>FCC Kimli\u011fi: M3N-A2C940780<\/li>\n<li>PN: 164-R8154<\/li>\n<li>IC: 7812A-A2C94078000<\/li>\n<li>Frekans: 902 MHz<\/li>\n<li>\u00c7ip: 49<\/li>\n<li>Test Tu\u015fu: HU101<\/li>\n<li>D\u00fc\u011fmeler: Kilit Kapa, Kilit A\u00e7, Panik, Uzaktan \u00c7al\u0131\u015ft\u0131rma, Bagaj<\/li>\n<\/ul>","protected":false},"featured_media":20894,"comment_status":"open","ping_status":"closed","template":"","meta":{"_bst_post_transparent":"default","_bst_post_title":"","_bst_post_layout":"default","_bst_post_sidebar_id":"","_bst_post_content_style":"default","_bst_post_vertical_padding":"default","_bst_post_feature":"","_bst_post_feature_position":"","_bst_post_header":false,"_bst_post_footer":false},"product_brand":[],"product_cat":[379,15],"product_tag":[],"2_year_make_model":[],"class_list":{"0":"post-18317","1":"product","2":"type-product","3":"status-publish","4":"has-post-thumbnail","6":"product_cat-for-lincoln","7":"product_cat-carkeyremote","9":"first","10":"instock","11":"sale","12":"shipping-taxable","13":"purchasable","14":"product-type-simple","15":"entry","16":"content-bg","17":"loop-entry"},"_links":{"self":[{"href":"https:\/\/keylessbest.com\/tr\/wp-json\/wp\/v2\/product\/18317","targetHints":{"allow":["GET"]}}],"collection":[{"href":"https:\/\/keylessbest.com\/tr\/wp-json\/wp\/v2\/product"}],"about":[{"href":"https:\/\/keylessbest.com\/tr\/wp-json\/wp\/v2\/types\/product"}],"replies":[{"embeddable":true,"href":"https:\/\/keylessbest.com\/tr\/wp-json\/wp\/v2\/comments?post=18317"}],"version-history":[{"count":5,"href":"https:\/\/keylessbest.com\/tr\/wp-json\/wp\/v2\/product\/18317\/revisions"}],"predecessor-version":[{"id":21836,"href":"https:\/\/keylessbest.com\/tr\/wp-json\/wp\/v2\/product\/18317\/revisions\/21836"}],"wp:featuredmedia":[{"embeddable":true,"href":"https:\/\/keylessbest.com\/tr\/wp-json\/wp\/v2\/media\/20894"}],"wp:attachment":[{"href":"https:\/\/keylessbest.com\/tr\/wp-json\/wp\/v2\/media?parent=18317"}],"wp:term":[{"taxonomy":"product_brand","embeddable":true,"href":"https:\/\/keylessbest.com\/tr\/wp-json\/wp\/v2\/product_brand?post=18317"},{"taxonomy":"product_cat","embeddable":true,"href":"https:\/\/keylessbest.com\/tr\/wp-json\/wp\/v2\/product_cat?post=18317"},{"taxonomy":"product_tag","embeddable":true,"href":"https:\/\/keylessbest.com\/tr\/wp-json\/wp\/v2\/product_tag?post=18317"},{"taxonomy":"2_year_make_model","embeddable":true,"href":"https:\/\/keylessbest.com\/tr\/wp-json\/wp\/v2\/2_year_make_model?post=18317"}],"curies":[{"name":"wp","href":"https:\/\/api.w.org\/{rel}","templated":true}]}}