{"id":19226,"date":"2025-12-09T08:06:21","date_gmt":"2025-12-09T08:06:21","guid":{"rendered":"https:\/\/keylessbest.com\/?post_type=product&#038;p=19226"},"modified":"2026-01-05T08:40:23","modified_gmt":"2026-01-05T08:40:23","slug":"lithducell-elektrik-hucreleri-ve-piller-dayanikli-enerji-depolama","status":"publish","type":"product","link":"https:\/\/keylessbest.com\/tr\/product\/lithducell-elektrik-hucreleri-ve-piller-dayanikli-enerji-depolama\/","title":{"rendered":"Lithdurcell Elektrikli H\u00fccreler ve Piller -Lityum \u0130yon Pilleri Dayan\u0131kl\u0131 Enerji Depolama"},"content":{"rendered":"<p>Marka: Lithdurcell<\/p>\n<p>\u3010Neden Lithdurcell\u2019i Se\u00e7melisiniz\u3011<\/p>\n<p>\u2705 Lityum \u0130yon Pilleri<\/p>\n<p>\u2705 Grafen Destekli Dayan\u0131kl\u0131l\u0131k<\/p>\n<p>\u2705 A\u015f\u0131r\u0131 S\u0131cakl\u0131k Direnci<\/p>\n<p>\u2705 Sorunsuz De\u011fi\u015ftirme Kiti<\/p>\n<p>\u2705 Geni\u015f Uyumluluk<\/p>\n<p>\u2705 Yeni G\u00fcncellenmi\u015f Kalite<\/p>\n<p>\u3010Neler Al\u0131rs\u0131n\u0131z\u3011 4 x Lithdurcell Pil 1 x Profesyonel Anahtar Kumandas\u0131 S\u00f6kme Arac\u0131 1 x Koruyucu Saklama Kutusu<\/p>\n<p>\u3010Not\u3011 L\u00fctfen sat\u0131n almadan \u00f6nce araba anahtar\u0131n\u0131z\u0131n pil modelini do\u011frulay\u0131n<\/p>","protected":false},"excerpt":{"rendered":"<p>Marka: Lithdurcell \u3010Neden Lithdurcell'i Se\u00e7melisiniz\u3011 \u2705 Lityum \u0130yon Pil \u2705 Grafen Destekli Dayan\u0131kl\u0131l\u0131k \u2705 A\u015f\u0131r\u0131 S\u0131cakl\u0131k Direnci \u2705 Sorunsuz Yedekleme Kiti \u2705 Geni\u015f Uyumluluk \u2705 Yeni G\u00fcncellenmi\u015f Kalite \u3010Ne Al\u0131rs\u0131n\u0131z\u3011 4 x Lithdurcell Pil 1 x Profesyonel Anahtar Kapa\u011f\u0131 S\u00f6kme Arac\u0131 1 x Koruyucu Saklama K\u0131l\u0131f\u0131 \u3010Not\u3011 L\u00fctfen arac\u0131n\u0131z\u0131n anahtar pil modelini do\u011frulay\u0131n\u2026<\/p>","protected":false},"featured_media":19211,"comment_status":"open","ping_status":"closed","template":"","meta":{"_bst_post_transparent":"default","_bst_post_title":"","_bst_post_layout":"default","_bst_post_sidebar_id":"","_bst_post_content_style":"default","_bst_post_vertical_padding":"default","_bst_post_feature":"","_bst_post_feature_position":"","_bst_post_header":false,"_bst_post_footer":false},"product_brand":[],"product_cat":[15],"product_tag":[],"2_year_make_model":[],"class_list":{"0":"post-19226","1":"product","2":"type-product","3":"status-publish","4":"has-post-thumbnail","6":"product_cat-carkeyremote","8":"first","9":"instock","10":"sale","11":"shipping-taxable","12":"purchasable","13":"product-type-simple","14":"entry","15":"content-bg","16":"loop-entry"},"_links":{"self":[{"href":"https:\/\/keylessbest.com\/tr\/wp-json\/wp\/v2\/product\/19226","targetHints":{"allow":["GET"]}}],"collection":[{"href":"https:\/\/keylessbest.com\/tr\/wp-json\/wp\/v2\/product"}],"about":[{"href":"https:\/\/keylessbest.com\/tr\/wp-json\/wp\/v2\/types\/product"}],"replies":[{"embeddable":true,"href":"https:\/\/keylessbest.com\/tr\/wp-json\/wp\/v2\/comments?post=19226"}],"version-history":[{"count":4,"href":"https:\/\/keylessbest.com\/tr\/wp-json\/wp\/v2\/product\/19226\/revisions"}],"predecessor-version":[{"id":19324,"href":"https:\/\/keylessbest.com\/tr\/wp-json\/wp\/v2\/product\/19226\/revisions\/19324"}],"wp:featuredmedia":[{"embeddable":true,"href":"https:\/\/keylessbest.com\/tr\/wp-json\/wp\/v2\/media\/19211"}],"wp:attachment":[{"href":"https:\/\/keylessbest.com\/tr\/wp-json\/wp\/v2\/media?parent=19226"}],"wp:term":[{"taxonomy":"product_brand","embeddable":true,"href":"https:\/\/keylessbest.com\/tr\/wp-json\/wp\/v2\/product_brand?post=19226"},{"taxonomy":"product_cat","embeddable":true,"href":"https:\/\/keylessbest.com\/tr\/wp-json\/wp\/v2\/product_cat?post=19226"},{"taxonomy":"product_tag","embeddable":true,"href":"https:\/\/keylessbest.com\/tr\/wp-json\/wp\/v2\/product_tag?post=19226"},{"taxonomy":"2_year_make_model","embeddable":true,"href":"https:\/\/keylessbest.com\/tr\/wp-json\/wp\/v2\/2_year_make_model?post=19226"}],"curies":[{"name":"wp","href":"https:\/\/api.w.org\/{rel}","templated":true}]}}