{"id":19244,"date":"2025-12-09T10:15:16","date_gmt":"2025-12-09T10:15:16","guid":{"rendered":"https:\/\/keylessbest.com\/?post_type=product&#038;p=19244"},"modified":"2026-01-05T08:39:33","modified_gmt":"2026-01-05T08:39:33","slug":"ezprogrammer-obd-araci-iphone-ve-android-icin-abonelik-ucreti-yok","status":"publish","type":"product","link":"https:\/\/keylessbest.com\/tr\/product\/ezprogrammer-obd-araci-iphone-ve-android-icin-abonelik-ucreti-yok\/","title":{"rendered":"EZprogrammer OBD Arac\u0131 iPhone &amp; Android i\u00e7in \u2013 Programc\u0131 Tak\u0131m\u0131 Yerine Ge\u00e7en Profesyonel Uzaktan Anahtar Programlama Cihaz\u0131"},"content":{"rendered":"<div class=\"auto-hide-last-sibling-br paragraph-pP9ZLC paragraph-element br-paragraph-space\">\n<h2 class=\"ace-line heading-h3\" dir=\"auto\" data-node=\"true\"><span data-leaf=\"true\"><span class=\"lb\">\u00c7ekirdek \u00dcr\u00fcn Konumland\u0131rmas\u0131<\/span><\/span><span data-string=\"true\" data-enter=\"true\" data-leaf=\"true\">\u200b<\/span><\/h2>\n<div class=\"ace-line\" dir=\"auto\" data-node=\"true\"><span data-leaf=\"true\"><span class=\"lb\">Bu <\/span><\/span><span data-leaf=\"true\"><span class=\"lb\">kendi geli\u015ftirdi\u011fi OBD elektronik anahtar<\/span><\/span><span data-leaf=\"true\"><span class=\"lb\"> otomotiv anahtar e\u015fle\u015ftirme senaryolar\u0131 i\u00e7in \u00f6zel olarak tasarlanm\u0131\u015ft\u0131r. Kodlama\/\u015fifre \u00e7\u00f6zme, anahtars\u0131z sistem kontrol\u00fc, sens\u00f6r uyumu ve elektronik programlama gibi bir\u00e7ok temel fonksiyonu entegre ederek pratik ve teknolojik a\u00e7\u0131dan yenilik\u00e7i bir otomotiv elektronik aksesuar\u0131d\u0131r. \u00c7o\u011fu ara\u00e7 modeli anahtar e\u015fle\u015ftirme ihtiya\u00e7lar\u0131yla tam uyumludur, kolay kullan\u0131m ve istikrarl\u0131 performans sa\u011flar.<\/span><\/span><span data-string=\"true\" data-enter=\"true\" data-leaf=\"true\">\u200b<\/span><\/div>\n<div class=\"ace-line heading-h3\" dir=\"auto\" data-node=\"true\"><span data-leaf=\"true\"><span class=\"lb\">Temel Fonksiyon Vurgular\u0131 (T\u00fcm Kaydedilen Alt S\u0131n\u0131flar\u0131 Kapsar)<\/span><\/span><\/div>\n<div class=\"ace-line heading-h3\" dir=\"auto\" data-node=\"true\"><span data-string=\"true\" data-enter=\"true\" data-leaf=\"true\">\u200b<\/span><\/div>\n<div class=\"ace-line ol-idWwqImJqr list-div list-start-number1\" dir=\"auto\" data-node=\"true\">\n<ol class=\"list-number1 r-list r-list-number\" start=\"1\" data-origin-start=\"1\" data-start=\"1\">\n<li data-start=\"1\"><span data-leaf=\"true\"><span class=\"lb\">Ak\u0131ll\u0131 Kodlama ve Programlama Yetene\u011fi<\/span><\/span><span data-leaf=\"true\"><span class=\"lb\">: Y\u00fcksek performansl\u0131 yar\u0131iletken \u00e7ipler ve profesyonel kodlama\/\u015fifre \u00e7\u00f6zme cihazlar\u0131yla donat\u0131lm\u0131\u015ft\u0131r, transponder anahtar okuma, kodlama ve programlama i\u015flemlerinin t\u00fcm s\u00fcrecini destekler. Manyetik kodlay\u0131c\u0131lar da dahil olmak \u00fczere hassas kodlay\u0131c\u0131larla birle\u015fti\u011finde, stabil sinyal iletimi ve sekt\u00f6r lideri e\u015fle\u015ftirme do\u011frulu\u011fu sa\u011flar.<\/span><\/span><span data-string=\"true\" data-enter=\"true\" data-leaf=\"true\">\u200b<\/span><\/li>\n<\/ol>\n<\/div>\n<div class=\"ace-line ol-id5G9mt5ws list-div\" dir=\"auto\" data-node=\"true\">\n<ol class=\"list-number1 r-list r-list-number\" start=\"2\" data-origin-start=\"2\" data-start=\"2\">\n<li data-start=\"2\"><span data-leaf=\"true\"><span class=\"lb\">Anahtars\u0131z Sistem Entegrasyonu<\/span><\/span><span data-leaf=\"true\"><span class=\"lb\">: Otomotiv anahtars\u0131z giri\u015f sistemleri ve anahtars\u0131z ate\u015fleme sistemlerini entegre eder, mikroi\u015flemciler, elektronik sinyal al\u0131c\u0131lar\u0131 ve elektronik sinyal transponder\/yan\u0131tlay\u0131c\u0131lar\u0131 olan anahtar foblar\u0131 i\u00e7erir. Ayr\u0131ca elektronik anahtar kartlar\u0131 ve uzaktan kumanda vericileriyle uyumludur, temass\u0131z a\u00e7ma ve \u00e7al\u0131\u015ft\u0131rma imkan\u0131 sa\u011flar, ak\u0131ll\u0131 bir deneyim sunar.<\/span><\/span><span data-string=\"true\" data-enter=\"true\" data-leaf=\"true\">\u200b<\/span><\/li>\n<\/ol>\n<\/div>\n<div class=\"ace-line ol-idAbwNzslj list-div\" dir=\"auto\" data-node=\"true\">\n<ol class=\"list-number1 r-list r-list-number\" start=\"3\" data-origin-start=\"3\" data-start=\"3\">\n<li data-start=\"3\"><span data-leaf=\"true\"><span class=\"lb\">Elektronik Kontrol ve Uyum Fonksiyonlar\u0131<\/span><\/span><span data-leaf=\"true\"><span class=\"lb\">: Ba\u011f\u0131ms\u0131z bir elektronik kontrolc\u00fcye sahiptir, motor \u00e7al\u0131\u015fma durumunu izler, sens\u00f6r verilerini yeniden hesaplayarak ate\u015fleme performans\u0131n\u0131 optimize eder ve bu verileri orijinal ara\u00e7 kontrol \u00fcnitesine geri besler. Otomotiv g\u00fcvenlik ekipmanlar\u0131n\u0131n devreye al\u0131nmas\u0131 ve \u00e7al\u0131\u015ft\u0131r\u0131lmas\u0131n\u0131 kontrol etmek i\u00e7in sens\u00f6rler ve dedekt\u00f6r birimleriyle uyum sa\u011flar, ayr\u0131ca elektronik olarak \u00e7al\u0131\u015fan kap\u0131 mandal\u0131 s\u00fcr\u00fcc\u00fcleri i\u00e7in elektronik s\u00fcr\u00fc\u015f kontrol\u00fcn\u00fc destekler.<\/span><\/span><span data-string=\"true\" data-enter=\"true\" data-leaf=\"true\">\u200b<\/span><\/li>\n<\/ol>\n<\/div>\n<div class=\"ace-line ol-idkeghWM4O list-div\" dir=\"auto\" data-node=\"true\">\n<ol class=\"list-number1 r-list r-list-number\" start=\"4\" data-origin-start=\"4\" data-start=\"4\">\n<li data-start=\"4\"><span data-leaf=\"true\"><span class=\"lb\">\u00c7ok Senaryolu Uyum Avantajlar\u0131<\/span><\/span><span data-leaf=\"true\"><span class=\"lb\">: Otomotiv \u015fanz\u0131man ve fren sistemleriyle ilgili test ihtiya\u00e7lar\u0131na uyumludur, elektronik anahtar e\u015fle\u015ftirme i\u00e7in gereken kod \u00e7\u00f6zme cihazlar\u0131 ve programlama ekipmanlar\u0131yla birlikte gelir. \u00c7ip seviyesinden sistem seviyesine kadar operasyonlar yaparak, ara\u00e7 anahtar e\u015fle\u015ftirme temel ihtiya\u00e7lar\u0131n\u0131 kapsaml\u0131 \u015fekilde kar\u015f\u0131lar ve \u00e7o\u011fu ana ak\u0131m ara\u00e7 modeliyle uyumludur.<\/span><\/span><span data-string=\"true\" data-enter=\"true\" data-leaf=\"true\">\u200b<\/span><\/li>\n<\/ol>\n<\/div>\n<h2 class=\"ace-line heading-h3\" dir=\"auto\" data-node=\"true\"><span data-leaf=\"true\"><span class=\"lb\">Temel \u00dcr\u00fcn Avantajlar\u0131<\/span><\/span><span data-string=\"true\" data-enter=\"true\" data-leaf=\"true\">\u200b<\/span><\/h2>\n<div class=\"ace-line list-div\" dir=\"auto\" data-node=\"true\">\n<ul class=\"list-bullet1 r-list r-list-bullet\">\n<li><span data-leaf=\"true\"><span class=\"lb\">Kendi Geli\u015ftirdi\u011fi Tasar\u0131m: Temel teknolojiler ba\u011f\u0131ms\u0131z olarak kontrol edilebilir, anahtar e\u015fle\u015ftirme senaryolar\u0131 i\u00e7in derinlemesine optimize edilmi\u015ftir, t\u00fcm kaydedilen alt s\u0131n\u0131flar\u0131 kapsar ve uyumluluk ile pratikli\u011fi sa\u011flar.<\/span><\/span><span data-string=\"true\" data-enter=\"true\" data-leaf=\"true\">\u200b<\/span><\/li>\n<\/ul>\n<\/div>\n<div class=\"ace-line list-div\" dir=\"auto\" data-node=\"true\">\n<ul class=\"list-bullet1 r-list r-list-bullet\">\n<li><span data-leaf=\"true\"><span class=\"lb\">Y\u00fcksek Hassasiyetli E\u015fle\u015ftirme: Do\u011fru ve verimli kodlama\/\u015fifre \u00e7\u00f6zme, sens\u00f6rler ve elektronik kontrol \u00fcniteleri uyum i\u00e7inde \u00e7al\u0131\u015farak anahtar e\u015fle\u015ftirmeden sonra istikrarl\u0131 \u00e7al\u0131\u015fma garantiler.<\/span><\/span><span data-string=\"true\" data-enter=\"true\" data-leaf=\"true\">\u200b<\/span><\/li>\n<\/ul>\n<\/div>\n<div class=\"ace-line list-div\" dir=\"auto\" data-node=\"true\">\n<ul class=\"list-bullet1 r-list r-list-bullet\">\n<li><span data-leaf=\"true\"><span class=\"lb\">\u00c7ok Fonksiyonlu Entegrasyon: Kodlama\/programlama, anahtars\u0131z kontrol, elektronik test ve ak\u0131ll\u0131 uyum gibi \u00f6zellikleri tek bir cihazda birle\u015ftirir, ara\u00e7 anahtar e\u015fle\u015ftirme i\u00e7in tek durakl\u0131 \u00e7\u00f6z\u00fcm sunar ve ek ekipmana ihtiya\u00e7 duymaz.<\/span><\/span><\/li>\n<\/ul>\n<\/div>\n<\/div>","protected":false},"excerpt":{"rendered":"<p>\u00c7ekirdek \u00dcr\u00fcn Konumland\u0131rmas\u0131\u200b Bu kendi geli\u015ftirdi\u011fimiz OBD elektronik anahtar, otomotiv anahtar e\u015fle\u015ftirme senaryolar\u0131 i\u00e7in \u00f6zel olarak tasarlanm\u0131\u015ft\u0131r. Kodlama\/\u015fifre \u00e7\u00f6zme, anahtars\u0131z sistem kontrol\u00fc, sens\u00f6r uyumu ve elektronik programlama gibi bir\u00e7ok temel fonksiyonu entegre ederek, pratik ve teknolojik a\u00e7\u0131dan yenilik\u00e7i bir otomotiv elektronik aksesuar\u0131d\u0131r. \u00c7o\u011fu ara\u00e7 modelinin anahtar e\u015fle\u015ftirme ihtiya\u00e7lar\u0131yla tamamen uyumludur, kolay kullan\u0131m ve\u2026<\/p>","protected":false},"featured_media":19247,"comment_status":"open","ping_status":"closed","template":"","meta":{"_bst_post_transparent":"default","_bst_post_title":"","_bst_post_layout":"default","_bst_post_sidebar_id":"","_bst_post_content_style":"default","_bst_post_vertical_padding":"default","_bst_post_feature":"","_bst_post_feature_position":"","_bst_post_header":false,"_bst_post_footer":false},"product_brand":[],"product_cat":[15],"product_tag":[],"2_year_make_model":[],"class_list":{"0":"post-19244","1":"product","2":"type-product","3":"status-publish","4":"has-post-thumbnail","6":"product_cat-carkeyremote","8":"first","9":"instock","10":"sale","11":"shipping-taxable","12":"purchasable","13":"product-type-simple","14":"entry","15":"content-bg","16":"loop-entry"},"_links":{"self":[{"href":"https:\/\/keylessbest.com\/tr\/wp-json\/wp\/v2\/product\/19244","targetHints":{"allow":["GET"]}}],"collection":[{"href":"https:\/\/keylessbest.com\/tr\/wp-json\/wp\/v2\/product"}],"about":[{"href":"https:\/\/keylessbest.com\/tr\/wp-json\/wp\/v2\/types\/product"}],"replies":[{"embeddable":true,"href":"https:\/\/keylessbest.com\/tr\/wp-json\/wp\/v2\/comments?post=19244"}],"version-history":[{"count":7,"href":"https:\/\/keylessbest.com\/tr\/wp-json\/wp\/v2\/product\/19244\/revisions"}],"predecessor-version":[{"id":19287,"href":"https:\/\/keylessbest.com\/tr\/wp-json\/wp\/v2\/product\/19244\/revisions\/19287"}],"wp:featuredmedia":[{"embeddable":true,"href":"https:\/\/keylessbest.com\/tr\/wp-json\/wp\/v2\/media\/19247"}],"wp:attachment":[{"href":"https:\/\/keylessbest.com\/tr\/wp-json\/wp\/v2\/media?parent=19244"}],"wp:term":[{"taxonomy":"product_brand","embeddable":true,"href":"https:\/\/keylessbest.com\/tr\/wp-json\/wp\/v2\/product_brand?post=19244"},{"taxonomy":"product_cat","embeddable":true,"href":"https:\/\/keylessbest.com\/tr\/wp-json\/wp\/v2\/product_cat?post=19244"},{"taxonomy":"product_tag","embeddable":true,"href":"https:\/\/keylessbest.com\/tr\/wp-json\/wp\/v2\/product_tag?post=19244"},{"taxonomy":"2_year_make_model","embeddable":true,"href":"https:\/\/keylessbest.com\/tr\/wp-json\/wp\/v2\/2_year_make_model?post=19244"}],"curies":[{"name":"wp","href":"https:\/\/api.w.org\/{rel}","templated":true}]}}