{"id":19474,"date":"2025-12-13T07:43:51","date_gmt":"2025-12-13T07:43:51","guid":{"rendered":"https:\/\/keylessbest.com\/?post_type=product&#038;p=19474"},"modified":"2026-02-25T02:29:18","modified_gmt":"2026-02-25T02:29:18","slug":"2024-2026-gmc-hummer-ev-anahtar-kapagi-pn13542579-keylessbest-icin","status":"publish","type":"product","link":"https:\/\/keylessbest.com\/tr\/product\/2024-2026-gmc-hummer-ev-anahtar-kapagi-pn13542579-keylessbest-icin\/","title":{"rendered":"2024-2026 GMC HUMMER EV Anahtar Kapa\u011f\u0131 PN:13542579 Keylessbest i\u00e7in"},"content":{"rendered":"<p>*Bu 2021-2024 GMC anahtars\u0131z uzaktan kumanda anahtar\u0131n\u0131n detayl\u0131 bilgileri a\u015fa\u011f\u0131daki gibidir. L\u00fctfen sipari\u015f vermeden \u00f6nce a\u015fa\u011f\u0131daki bilgilerin arac\u0131n\u0131zla e\u015fle\u015fti\u011finden emin olun: FCC Kimli\u011fi, Par\u00e7a Numaras\u0131, Y\u0131l Modeli, IC, Frekans, \u00c7ip ve D\u00fc\u011fmeler.<\/p>\n<p>\u00dcr\u00fcn Tan\u0131t\u0131m\u0131:<br \/>\nGMC 6 d\u00fc\u011fme<br \/>\nFrekans: 434MHz<br \/>\n\u00c7ip: 49<br \/>\nFCC Kimli\u011fi: YG0G21TB2<br \/>\nPN: 13542579, 13560223<br \/>\nD\u00fc\u011fmeler: Kilit, A\u00e7, Panik, Uzaktan \u00c7al\u0131\u015ft\u0131rma, Kaput, Sa\u011f S\u00fcrg\u00fc<br \/>\nTest Anahtar\u0131: HU100<br \/>\nPil: CR2450<\/p>\n<p>Referans Model:<br \/>\n2024 \u2013 2026 GMC HUMMER EV<\/p>","protected":false},"excerpt":{"rendered":"<ul>\n<li>SKU: CA-GM673<\/li>\n<li>Frekans: 434MHz<\/li>\n<li>\u00c7ip: 49<\/li>\n<li>FCC Kimli\u011fi: YG0G21TB2<\/li>\n<li>PN: 13542579, 13560223<\/li>\n<li>D\u00fc\u011fmeler: Kilit, A\u00e7, Panik, Uzaktan \u00c7al\u0131\u015ft\u0131rma, Kaput, Sa\u011f S\u00fcrg\u00fc<\/li>\n<li>Test Anahtar\u0131: HU100<\/li>\n<li>Pil: CR2450<\/li>\n<\/ul>","protected":false},"featured_media":21534,"comment_status":"open","ping_status":"closed","template":"","meta":{"_bst_post_transparent":"default","_bst_post_title":"","_bst_post_layout":"default","_bst_post_sidebar_id":"","_bst_post_content_style":"default","_bst_post_vertical_padding":"default","_bst_post_feature":"","_bst_post_feature_position":"","_bst_post_header":false,"_bst_post_footer":false},"product_brand":[],"product_cat":[15,152],"product_tag":[],"2_year_make_model":[],"class_list":{"0":"post-19474","1":"product","2":"type-product","3":"status-publish","4":"has-post-thumbnail","6":"product_cat-carkeyremote","7":"product_cat-for-gmc","9":"first","10":"instock","11":"sale","12":"shipping-taxable","13":"purchasable","14":"product-type-simple","15":"entry","16":"content-bg","17":"loop-entry"},"_links":{"self":[{"href":"https:\/\/keylessbest.com\/tr\/wp-json\/wp\/v2\/product\/19474","targetHints":{"allow":["GET"]}}],"collection":[{"href":"https:\/\/keylessbest.com\/tr\/wp-json\/wp\/v2\/product"}],"about":[{"href":"https:\/\/keylessbest.com\/tr\/wp-json\/wp\/v2\/types\/product"}],"replies":[{"embeddable":true,"href":"https:\/\/keylessbest.com\/tr\/wp-json\/wp\/v2\/comments?post=19474"}],"version-history":[{"count":1,"href":"https:\/\/keylessbest.com\/tr\/wp-json\/wp\/v2\/product\/19474\/revisions"}],"predecessor-version":[{"id":19476,"href":"https:\/\/keylessbest.com\/tr\/wp-json\/wp\/v2\/product\/19474\/revisions\/19476"}],"wp:featuredmedia":[{"embeddable":true,"href":"https:\/\/keylessbest.com\/tr\/wp-json\/wp\/v2\/media\/21534"}],"wp:attachment":[{"href":"https:\/\/keylessbest.com\/tr\/wp-json\/wp\/v2\/media?parent=19474"}],"wp:term":[{"taxonomy":"product_brand","embeddable":true,"href":"https:\/\/keylessbest.com\/tr\/wp-json\/wp\/v2\/product_brand?post=19474"},{"taxonomy":"product_cat","embeddable":true,"href":"https:\/\/keylessbest.com\/tr\/wp-json\/wp\/v2\/product_cat?post=19474"},{"taxonomy":"product_tag","embeddable":true,"href":"https:\/\/keylessbest.com\/tr\/wp-json\/wp\/v2\/product_tag?post=19474"},{"taxonomy":"2_year_make_model","embeddable":true,"href":"https:\/\/keylessbest.com\/tr\/wp-json\/wp\/v2\/2_year_make_model?post=19474"}],"curies":[{"name":"wp","href":"https:\/\/api.w.org\/{rel}","templated":true}]}}