{"id":19633,"date":"2025-12-16T02:59:17","date_gmt":"2025-12-16T02:59:17","guid":{"rendered":"https:\/\/keylessbest.com\/?post_type=product&#038;p=19633"},"modified":"2026-02-11T07:22:18","modified_gmt":"2026-02-11T07:22:18","slug":"2016-2017-ford-explorer-anahtar-kapagi-164-r8140-keylessbest-icin","status":"publish","type":"product","link":"https:\/\/keylessbest.com\/tr\/product\/2016-2017-ford-explorer-anahtar-kapagi-164-r8140-keylessbest-icin\/","title":{"rendered":"2016-2017 Ford Explorer Anahtar Kapa\u011f\u0131 164-R8140 keylessbest i\u00e7in"},"content":{"rendered":"<p>Ford 4 Tu\u015f<br \/>\n902MHz \u00c7ip:49<br \/>\nFCC Kimli\u011fi:<br \/>\nM3N-A2C31243300<br \/>\nIC:<br \/>\n7812A-A2C31243300 PN: 164-R8140<br \/>\nTest Tu\u015fu: HU101<\/p>\n<p>Tu\u015flar: Kilit, A\u00e7ma, Uzaktan Ba\u015flatma, Panik<\/p>\n<p>2016 \u2013 2017 Ford Explorer<\/p>","protected":false},"excerpt":{"rendered":"<ul>\n<li>Ford 4 Tu\u015f<\/li>\n<li>Frekans:902MHz<\/li>\n<li>\u00c7ip: 49<\/li>\n<li>FCC Kimli\u011fi:M3N-A2C31243300<\/li>\n<li>IC:7812A-A2C31243300<\/li>\n<li>PN:164-R8140<\/li>\n<li>Test Tu\u015fu: HU101<\/li>\n<\/ul>\n<p>&nbsp;<\/p>","protected":false},"featured_media":20869,"comment_status":"open","ping_status":"closed","template":"","meta":{"_bst_post_transparent":"default","_bst_post_title":"","_bst_post_layout":"default","_bst_post_sidebar_id":"","_bst_post_content_style":"default","_bst_post_vertical_padding":"default","_bst_post_feature":"","_bst_post_feature_position":"","_bst_post_header":false,"_bst_post_footer":false},"product_brand":[],"product_cat":[15,156],"product_tag":[],"2_year_make_model":[],"class_list":{"0":"post-19633","1":"product","2":"type-product","3":"status-publish","4":"has-post-thumbnail","6":"product_cat-carkeyremote","7":"product_cat-for-ford","9":"first","10":"instock","11":"sale","12":"shipping-taxable","13":"purchasable","14":"product-type-simple","15":"entry","16":"content-bg","17":"loop-entry"},"_links":{"self":[{"href":"https:\/\/keylessbest.com\/tr\/wp-json\/wp\/v2\/product\/19633","targetHints":{"allow":["GET"]}}],"collection":[{"href":"https:\/\/keylessbest.com\/tr\/wp-json\/wp\/v2\/product"}],"about":[{"href":"https:\/\/keylessbest.com\/tr\/wp-json\/wp\/v2\/types\/product"}],"replies":[{"embeddable":true,"href":"https:\/\/keylessbest.com\/tr\/wp-json\/wp\/v2\/comments?post=19633"}],"version-history":[{"count":1,"href":"https:\/\/keylessbest.com\/tr\/wp-json\/wp\/v2\/product\/19633\/revisions"}],"predecessor-version":[{"id":19635,"href":"https:\/\/keylessbest.com\/tr\/wp-json\/wp\/v2\/product\/19633\/revisions\/19635"}],"wp:featuredmedia":[{"embeddable":true,"href":"https:\/\/keylessbest.com\/tr\/wp-json\/wp\/v2\/media\/20869"}],"wp:attachment":[{"href":"https:\/\/keylessbest.com\/tr\/wp-json\/wp\/v2\/media?parent=19633"}],"wp:term":[{"taxonomy":"product_brand","embeddable":true,"href":"https:\/\/keylessbest.com\/tr\/wp-json\/wp\/v2\/product_brand?post=19633"},{"taxonomy":"product_cat","embeddable":true,"href":"https:\/\/keylessbest.com\/tr\/wp-json\/wp\/v2\/product_cat?post=19633"},{"taxonomy":"product_tag","embeddable":true,"href":"https:\/\/keylessbest.com\/tr\/wp-json\/wp\/v2\/product_tag?post=19633"},{"taxonomy":"2_year_make_model","embeddable":true,"href":"https:\/\/keylessbest.com\/tr\/wp-json\/wp\/v2\/2_year_make_model?post=19633"}],"curies":[{"name":"wp","href":"https:\/\/api.w.org\/{rel}","templated":true}]}}