{"id":20585,"date":"2026-01-05T09:21:40","date_gmt":"2026-01-05T09:21:40","guid":{"rendered":"https:\/\/keylessbest.com\/?post_type=product&#038;p=20585"},"modified":"2026-02-27T05:17:01","modified_gmt":"2026-02-27T05:17:01","slug":"1997-2016-mercedes-c-c-l-e-g-g-l-m-r-s-sinifi-iyz3312-anahtar-kapagi-keylessbest-icin","status":"publish","type":"product","link":"https:\/\/keylessbest.com\/tr\/product\/1997-2016-mercedes-c-c-l-e-g-g-l-m-r-s-sinifi-iyz3312-anahtar-kapagi-keylessbest-icin\/","title":{"rendered":"1997-2016 Mercedes T\u00dcM IYZ3312 Anahtar Kapa\u011f\u0131 Anahtars\u0131z Giri\u015f i\u00e7in"},"content":{"rendered":"<h2><span style=\"color: #ff6600;\"><em><strong><a style=\"color: #ff6600;\" href=\"https:\/\/youtu.be\/U3xvm-dhfG0?si=cyfuax-gqOuvezwU\" target=\"_blank\" rel=\"noopener\">Replace Mercedes-Benz Key Battery CR2032 keyless entry Remote IYZ-3312 instruction<\/a><\/strong><\/em><\/span><\/h2>\n<h2>Bu Mercedes-Benz i\u00e7in Do\u011fru Anahtar Kolu mu?<\/h2>\n<p>Bir <strong>Mercedes Benz yedek anahtar anahtarl\u0131k<\/strong> bulmak zor olmamal\u0131. Bu Keylessbest uzaktan kumandan\u0131n arac\u0131n\u0131zla uyumlu oldu\u011funu do\u011frulamak i\u00e7in ilk ad\u0131m <strong>FCC Kimli\u011fi: IYZ3312 veya IYZ3317, Par\u00e7a Numaras\u0131 5WK47283 20490562029999 20490511049999<\/strong>, ile birlikte <strong>315MHz frekans<\/strong>, Amerika modelleri Mercedes-Benz ara\u00e7lar\u0131 i\u00e7in standartt\u0131r.<\/p>\n<h3>FCC Kimli\u011fi IYZ3312 ve Par\u00e7a Numaras\u0131 5WK47283 20490562029999 20490511049999 ve D\u00fc\u011fme D\u00fczeni Do\u011frulama<\/h3>\n<p>Sipari\u015f vermeden \u00f6nce, mevcut uzaktan kumandan\u0131z\u0131n arkas\u0131n\u0131 veya i\u00e7 devre kart\u0131n\u0131 kontrol edin. Cihaz\u0131n\u0131z\u0131n bu belirli tan\u0131mlay\u0131c\u0131larla e\u015fle\u015fmesi gerekir:<\/p>\n<ul>\n<li><strong>FCC Kimli\u011fi:<\/strong> IYZ3312 veya IYZ3317<\/li>\n<li><strong>K\u0130L\u0130T:<\/strong> 2701 103 2302<\/li>\n<li><strong>PN:<\/strong> 5WK47283, 20490562029999, 20490511049999<\/li>\n<li><strong>D\u00fc\u011fme Yap\u0131land\u0131rmas\u0131:<\/strong> 4 Tu\u015f (Kilitle, A\u00e7, Bagaj ve Panik)<\/li>\n<li><strong>Frekans:<\/strong> 315MHz (Kuzey Amerika Standard\u0131)<\/li>\n<\/ul>\n<h3>Mercedes C E S S\u0131n\u0131f\u0131 Anahtar Uyumlulu\u011fu<\/h3>\n<p>Bu uzaktan kumanda geni\u015f bir ara\u00e7 yelpazesini kapsar. Destekledi\u011fi ara\u00e7lar genellikle <strong>1997\u20132016 Mercedes T\u00dcM<\/strong> modeller, \u00f6zellikle a\u015fa\u011f\u0131daki y\u0131llar aras\u0131 optimize edilmi\u015ftir: 2006-2015 Mercedes Benz C S\u0131n\u0131f\u0131<\/p>\n<table width=\"456\">\n<tbody>\n<tr>\n<td width=\"222\">Y\u0131l<\/td>\n<td width=\"233\">Model<\/td>\n<\/tr>\n<tr>\n<td>2006-2015<\/td>\n<td>Mercedes Benz CL S\u0131n\u0131f\u0131<\/td>\n<\/tr>\n<tr>\n<td>2006-2015<\/td>\n<td>Mercedes Benz E S\u0131n\u0131f\u0131<\/td>\n<\/tr>\n<tr>\n<td>2006-2015<\/td>\n<td>Mercedes Benz G S\u0131n\u0131f\u0131<\/td>\n<\/tr>\n<tr>\n<td>2007-2015<\/td>\n<td>Mercedes Benz GL CLASS<\/td>\n<\/tr>\n<tr>\n<td>2006-2015<\/td>\n<td>Mercedes Benz ML Class<\/td>\n<\/tr>\n<tr>\n<td>2006-2015<\/td>\n<td>Mercedes Benz R Class<\/td>\n<\/tr>\n<tr>\n<td>2006-2015<\/td>\n<td>Mercedes Benz S Class<\/td>\n<\/tr>\n<tr>\n<td>1997-2016<\/td>\n<td>Mercedes HEPS\u0130<\/td>\n<\/tr>\n<\/tbody>\n<\/table>\n<div><\/div>\n<div class=\"table-responsive\"><span style=\"letter-spacing: 0.4px;\">315MHz Frekans ve \u00c7ip Teknolojisi (NEC ve BGA)<\/span><\/div>\n<p>Bunu tasarlad\u0131m <strong>Keylessbest Mercedes uzaktan kumanda<\/strong> \u00e7ok y\u00f6nl\u00fc olmas\u0131 i\u00e7in. Hem <strong>NEC hem de BGA<\/strong> \u00e7ip varyasyonlar\u0131yla uyumludur.<\/p>\n<ul>\n<li><strong>NEC \u00c7ipler:<\/strong> Genellikle daha \u00f6nceki \u201cAk\u0131ll\u0131 Anahtar\u201d s\u00fcr\u00fcmlerinde bulunur (\u00e7o\u011funlukla plastik muhafazal\u0131).<\/li>\n<li><strong>BGA \u00c7ipler:<\/strong> Daha sonra gelen, \u015f\u0131k krom yanl\u0131 s\u00fcr\u00fcmlerde bulunur.<\/li>\n<\/ul>\n<p>Elektroniklerimiz, arac\u0131n\u0131z\u0131n <strong>Elektronik Ate\u015fleme Anahtar\u0131 (EIS)<\/strong>ile sorunsuz senkronize olacak \u015fekilde tasarlanm\u0131\u015ft\u0131r, <strong>315MHz Mercedes uzaktan kumanda<\/strong> standart olarak Amerika Birle\u015fik Devletleri'nde kullan\u0131lan. E\u011fer arac\u0131n\u0131z bu y\u0131l aral\u0131klar\u0131nda Amerika pazar\u0131na uygun olarak \u00fcretilmi\u015fse, bu y\u00fcksek kaliteli, maliyet etkin \u00e7\u00f6z\u00fcm ihtiyac\u0131n\u0131 kar\u015f\u0131lar.<\/p>\n<h2>Anahtar \u00d6zellikler ve Teknik \u00d6zellikler Keylessbest IYZ3312 Uzaktan Kumanda<\/h2>\n<p>Bunu tasarlad\u0131m <strong>Mercedes 4 d\u00fc\u011fmeli anahtar anahtarl\u0131\u011f\u0131<\/strong> orijinal ekipman\u0131n\u0131z\u0131n sa\u011flam bir yede\u011fi olmas\u0131 i\u00e7in. Sadece g\u00f6r\u00fcn\u00fcm de\u011fil; i\u00e7 devreler, tam olarak <strong>315MHz Mercedes uzaktan kumanda<\/strong> kullan\u0131lan standartlara uygun olarak hassas m\u00fchendislik ile tasarland\u0131. Kaybolan birimi de\u011fi\u015ftiriyorsan\u0131z veya yedek istiyorsan\u0131z, bu <strong>IYZ3312 anahtar anahtarl\u0131\u011f\u0131n\u0131n<\/strong> g\u00fcnl\u00fck kullan\u0131ma dayanacak \u015fekilde in\u015fa edilmesini sa\u011flar; d\u00fc\u011fmeler a\u015f\u0131nmaz veya sinyal d\u00fc\u015fmez.<\/p>\n<h3>Teknik \u00d6zellikler H\u0131zl\u0131 Bak\u0131\u015f<\/h3>\n<div class=\"table-responsive\">\n<table class=\"table\">\n<thead>\n<tr>\n<th>\u00d6zellik<\/th>\n<th>\u00d6zellikler<\/th>\n<\/tr>\n<\/thead>\n<tbody>\n<tr>\n<td><strong>FCC Kimli\u011fi<\/strong><\/td>\n<td>IYZ3312 \/ IYZ3317<\/td>\n<\/tr>\n<tr>\n<td><strong>\u00c7al\u0131\u015fma Frekans\u0131<\/strong><\/td>\n<td>315MHz (NEC \/ BGA Uyumlu)<\/td>\n<\/tr>\n<tr>\n<td><strong>D\u00fc\u011fme Konfig\u00fcrasyonu<\/strong><\/td>\n<td>Kilitle, A\u00e7, Bagaj, Panik<\/td>\n<\/tr>\n<tr>\n<td><strong>Pil T\u00fcr\u00fc<\/strong><\/td>\n<td>\u00c7ift CR2026 (\u00d6nceden Y\u00fcklenmi\u015f)<\/td>\n<\/tr>\n<tr>\n<td><strong>Acil Durum B\u0131\u00e7a\u011f\u0131<\/strong><\/td>\n<td>Kesilmemi\u015f HU64 Anahtar Ucu Dahil<\/td>\n<\/tr>\n<\/tbody>\n<\/table>\n<\/div>\n<hr \/>\n<h3>Y\u00fcksek Performansl\u0131 Donan\u0131m<\/h3>\n<p>Her <strong>Mercedes ak\u0131ll\u0131 anahtar 1997-2016<\/strong> g\u00f6nderdi\u011fimiz her \u00fcr\u00fcn\u00fcn uzun vadeli hizmete haz\u0131r olmas\u0131n\u0131 sa\u011fl\u0131yoruz. \u0130\u00e7 donan\u0131mlarda taviz vermiyoruz, menzil ve dayan\u0131kl\u0131l\u0131\u011fa odaklan\u0131yoruz.<\/p>\n<ul>\n<li><strong>Uzun Menzil Sinyali:<\/strong> \u0130ki ile <strong>CR2026 piller<\/strong> \u00f6nceden tak\u0131lm\u0131\u015f olarak gelir, arac\u0131n\u0131z\u0131 uzaktan kilitlemek ve kilidini a\u00e7mak i\u00e7in maksimum iletim mesafesi elde edersiniz.<\/li>\n<li><strong>, G\u00fc\u00e7 Kapa\u011f\u0131 ve Panik i\u00e7in \u00f6zel d\u00fc\u011fmeler.<\/strong> Bir adet <strong>kesilmemi\u015f HU64 acil durum anahtar a\u011fz\u0131<\/strong> muhafaza i\u00e7inde bulunmaktad\u0131r. Bu, arac\u0131n\u0131z\u0131n ana ak\u00fcs\u00fc ar\u0131zalan\u0131rsa manuel giri\u015f i\u00e7in hayat kurtar\u0131c\u0131d\u0131r.<\/li>\n<li><strong>OEM Kalitesinde Kabuk:<\/strong> D\u0131\u015f kasa, Mercedes-Benz'inizin profesyonel g\u00f6r\u00fcn\u00fcm\u00fcn\u00fc korurken d\u00fc\u015fmelere ve cepte ta\u015f\u0131maya dayanacak \u015fekilde tasarlanm\u0131\u015f y\u00fcksek etkili malzemelerden yap\u0131lm\u0131\u015ft\u0131r.<\/li>\n<li><strong>Devre Korumas\u0131:<\/strong> Dahili yonga setleri, <strong>Mercedes C E S S\u0131n\u0131f\u0131 anahtar\u0131n\u0131n<\/strong> g\u00fcvenlik protokollerini aksamadan kald\u0131racak \u015fekilde \u00fcretilmi\u015ftir.<\/li>\n<\/ul>\n<h2>1997-2016 Mercedes C CL E G GL ML R S SINIFI IYZ3312 Anahtar Kumandan\u0131z\u0131 Nas\u0131l Programlars\u0131n\u0131z<\/h2>\n<p>Bir <strong>Mercedes Benz yedek anahtar anahtarl\u0131k<\/strong> programlamak, profesyonel d\u00fczeyde ekipman gerektiren \u00f6zel bir i\u015ftir. Mercedes, geli\u015fmi\u015f bir k\u0131z\u0131l\u00f6tesi g\u00fcvenlik sistemi kulland\u0131\u011f\u0131ndan, bu uzaktan kumandalar basit bir DIY dizisi ile evde programlanamaz. <strong>IYZ3312 anahtar anahtarl\u0131\u011f\u0131n\u0131n<\/strong> arac\u0131n\u0131z\u0131n bilgisayar\u0131na dijital olarak \u201ce\u015fle\u015ftirilmelidir\u201d ki i\u015flev g\u00f6stersin.<\/p>\n<h3>Neden Profesyonel Programlama Gereklidir<\/h3>\n<p>Arac\u0131n\u0131z\u0131n g\u00fcvenli\u011finin kalbi <strong>Elektronik Ate\u015fleme Anahtar\u0131 (EIS)<\/strong>dir. H\u0131rs\u0131zl\u0131\u011f\u0131 \u00f6nlemek i\u00e7in, EIS yaln\u0131zca tam olarak e\u015fle\u015fen kayan koda sahip anahtarlardan gelen sinyalleri kabul eder. <strong>Keylessbest Mercedes uzaktan kumanda<\/strong> \u0131n\u0131z\u0131 bir uzmana g\u00f6t\u00fcrd\u00fc\u011f\u00fcn\u00fczde, \u00e7ip verilerini senkronize etmek i\u00e7in \u00f6zel bir programlay\u0131c\u0131 kullan\u0131rlar.<\/p>\n<ul>\n<li><strong>Bayi mi, \u00c7ilingir mi:<\/strong> \u00c7o\u011fu bayii, bir i\u00e7in y\u00fcksek i\u015f\u00e7ilik \u00fccretleri talep eder <strong>kay\u0131p Mercedes anahtar\u0131n\u0131 de\u011fi\u015ftirme<\/strong>. Avrupa markalar\u0131nda uzmanla\u015fm\u0131\u015f yerel otomotiv \u00e7ilingirleri bulman\u0131z\u0131 \u00f6neririm, b\u00f6ylece maliyetleri \u00f6nemli \u00f6l\u00e7\u00fcde azaltabilirsiniz.<\/li>\n<li><strong>Senkranizasyon S\u00fcreci:<\/strong> Teknisyen, arac\u0131n benzersiz g\u00fcvenlik tan\u0131mlay\u0131c\u0131s\u0131n\u0131 yazar <strong>NEC BGA Mercedes anahtar<\/strong> \u00e7ipine.<\/li>\n<li><strong>B\u0131\u00e7ak Kesimi:<\/strong> Unutmay\u0131n <strong>Mercedes acil durum anahtar b\u0131\u00e7a\u011f\u0131<\/strong>. Bir \u00e7ilingir, orijinal anahtar\u0131n\u0131z\u0131 izlemek i\u00e7in y\u00fcksek hassasiyetli lazer kesici kullanacak ve manuel giri\u015fin her zaman \u00e7al\u0131\u015fmas\u0131n\u0131 sa\u011flayacakt\u0131r.<\/li>\n<\/ul>\n<h3>Do\u011fru \u00c7ilingir Bulma \u0130pu\u00e7lar\u0131<\/h3>\n<p>Her \u00e7ilingirin bir <strong>Mercedes ak\u0131ll\u0131 anahtar 1997-2016<\/strong>i\u015fleme donan\u0131m\u0131 yoktur. Arama yaparken, \u00f6zellikle <strong>Mercedes FCC Kimli\u011fi IYZ3312<\/strong> programlama yaz\u0131l\u0131m\u0131na sahip olup olmad\u0131klar\u0131n\u0131 sorun, arac\u0131n\u0131z\u0131n y\u0131l ve modeline g\u00f6re.<\/p>\n<p>Sipari\u015finiz geldi\u011finde\u2014ideal olarak bizimle g\u00fcvence alt\u0131na al\u0131nm\u0131\u015f <a href=\"https:\/\/keylessbest.com\/tr\/yol-kargo-korumasi\/\">yol kargo korumas\u0131<\/a> g\u00fcvenlik i\u00e7in\u2014sadece uzaktan kumanday\u0131 teknisyene verirsiniz. Standart programlama ve kesim seans\u0131 genellikle bir saatten az s\u00fcrer. Bu, <strong>315MHz Mercedes uzaktan kumanda<\/strong> ve t\u00fcm 4 d\u00fc\u011fmenin (Kilitle, Kilitsiz, Bagaj ve Panik) arac\u0131n\u0131z\u0131n fabrika standartlar\u0131na tamamen ayarland\u0131\u011f\u0131ndan emin olur.<\/p>\n<h2>Keylessbest'i Bayi Se\u00e7enekleri \u00dczerine Neden Tavsiye Ediyorum<\/h2>\n<p>Bir bayii ile ilgilenmek <strong>kay\u0131p Mercedes anahtar\u0131n\u0131 de\u011fi\u015ftirme<\/strong> tan\u0131nm\u0131\u015f derecede pahal\u0131 ve zaman al\u0131c\u0131d\u0131r. Tavsiye ederim <strong>Keylessbest Mercedes uzaktan kumanda<\/strong> \u00e7\u00fcnk\u00fc bu, sa\u011flar <strong>uygun fiyatl\u0131 Mercedes anahtar anahtarl\u0131\u011f\u0131<\/strong> \u00e7\u00f6z\u00fcm genellikle servis merkezleri taraf\u0131ndan eklenen \u201cl\u00fcks vergisi\u201d olmadan. Y\u00fcksek kaliteli elektronikler kullan\u0131yoruz ve <strong>Mercedes FCC Kimli\u011fi IYZ3312<\/strong> gereksinimlere uygun, b\u00f6ylece ayn\u0131 <strong>315MHz Mercedes uzaktan kumanda<\/strong> performans\u0131 fiyat\u0131n \u00e7ok alt\u0131nda al\u0131rs\u0131n\u0131z.<\/p>\n<h3>Bayii ile Anahtars\u0131z En \u0130yi Kar\u015f\u0131la\u015ft\u0131rma<\/h3>\n<div class=\"table-responsive\">\n<table class=\"table\">\n<thead>\n<tr>\n<th>\u00d6zellik<\/th>\n<th>Mercedes Bayii<\/th>\n<th>Anahtars\u0131z En \u0130yi IYZ3312<\/th>\n<\/tr>\n<\/thead>\n<tbody>\n<tr>\n<td><strong>Ortalama Maliyet<\/strong><\/td>\n<td>$400 \u2013 $600+<\/td>\n<td>\u00d6nemli Tasarruflar<\/td>\n<\/tr>\n<tr>\n<td><strong>Donan\u0131m Kalitesi<\/strong><\/td>\n<td>OEM Standartlar\u0131<\/td>\n<td><strong>OEM Kalite Elektronikler<\/strong><\/td>\n<\/tr>\n<tr>\n<td><strong>Mevcudiyet<\/strong><\/td>\n<td>S\u0131k s\u0131k Sipari\u015f Verilmiyor<\/td>\n<td><strong>Stokta \/ H\u0131zl\u0131 G\u00f6nderim<\/strong><\/td>\n<\/tr>\n<tr>\n<td><strong>Garanti<\/strong><\/td>\n<td>S\u0131n\u0131rl\u0131<\/td>\n<td><strong>90 G\u00fcn Para \u0130adesi Garantisi<\/strong><\/td>\n<\/tr>\n<\/tbody>\n<\/table>\n<\/div>\n<h3>H\u0131zl\u0131 G\u00f6nderim ve G\u00fcvenilir Destek<\/h3>\n<p>Bu platformu, her \u015feyin haz\u0131r hale gelmesini sa\u011flamak i\u00e7in kurdum <strong>1997-2016 Mercedes C CL E G GL ML R S CLASS IYZ3312 Anahtar Kapa\u011f\u0131, Anahtars\u0131z giri\u015f i\u00e7in en iyi<\/strong> geli\u015fmi\u015f durumda gelir. Bir arac\u0131n\u0131z\u0131n olmamas\u0131 b\u00fcy\u00fck bir ba\u015f a\u011fr\u0131s\u0131 oldu\u011funu biliyoruz, bu y\u00fczden sizi yola geri d\u00f6nd\u00fcrmek i\u00e7in h\u0131zl\u0131 i\u015flemeye \u00f6ncelik veriyoruz. Eski modellere uygun par\u00e7alar ar\u0131yorsan\u0131z, \u00f6rne\u011fin <a href=\"https:\/\/keylessbest.com\/tr\/yil-modeli\/2005\/\">2005 Mercedes-Benz<\/a>, envanterimiz hassasiyet ve g\u00fcvenilirlik i\u00e7in \u00f6zenle se\u00e7ilmi\u015ftir.<\/p>\n<ul>\n<li><strong>Haz\u0131r Durumda Gelir:<\/strong> Her <strong>IYZ3312 anahtar anahtarl\u0131\u011f\u0131n\u0131n<\/strong> teslim edilmeden \u00f6nce test edilir.<\/li>\n<li><strong>90 G\u00fcn Garantili:<\/strong> Deneyimlerim g\u00fcvenin \u00f6nemli oldu\u011funu g\u00f6steriyor; uzaktan kumanda do\u011fru de\u011filse, onu tamir ediyoruz.<\/li>\n<li><strong>Uzman Destek:<\/strong> \u00c7ilingirinizin sorunsuz bir <strong>Mercedes anahtar programlama<\/strong> deneyimi ya\u015famas\u0131 i\u00e7in gereken teknik \u00f6zellikleri sa\u011fl\u0131yoruz.<\/li>\n<\/ul>\n<p>Bize ait <strong>sonradan tak\u0131lan Mercedes anahtar\u0131<\/strong> se\u00e7erek, g\u00fcvenlikten \u00f6d\u00fcn vermiyorsunuz. Sadece sisteminizi bayiden al\u0131nan fiyat fark\u0131 olmadan daha ak\u0131ll\u0131ca bir \u015fekilde koruman\u0131n yolunu se\u00e7iyorsunuz. <strong>Mercedes C E S S\u0131n\u0131f\u0131 anahtar\u0131n\u0131n<\/strong> SSS: 1997-2016 Mercedes C CL E G GL ML R S CLASS IYZ3312 Anahtar Kapa\u011f\u0131 hakk\u0131nda Yayg\u0131n Endi\u015feler<\/p>\n<h2>Bir<\/h2>\n<p>\u00e7evrimi\u00e7i al\u0131\u015fveri\u015fin biraz teknik olabilece\u011fini anl\u0131yorum. G\u00fcvenilir bir yedek par\u00e7a almak veya bir <strong>Mercedes Benz yedek anahtar anahtarl\u0131k<\/strong> de\u011fi\u015ftirmek isteyen m\u00fc\u015fterilerden en s\u0131k ald\u0131\u011f\u0131m sorular \u015funlard\u0131r: <strong>kay\u0131p Mercedes anahtar\u0131n\u0131 de\u011fi\u015ftirme<\/strong>.<\/p>\n<h3><strong>Bu, basmal\u0131 \u00e7al\u0131\u015ft\u0131rma sistemimle \u00e7al\u0131\u015f\u0131r m\u0131?<\/strong><\/h3>\n<p>Bu <strong>IYZ3312 anahtar anahtarl\u0131\u011f\u0131n\u0131n<\/strong> \u015fu modeller i\u00e7in tasarlanm\u0131\u015ft\u0131r: Mercedes-Benz <strong>315MHz frekans<\/strong>. Ak\u0131ll\u0131 anahtar\u0131 kontak yuvas\u0131na takt\u0131\u011f\u0131n\u0131z ara\u00e7lar i\u00e7in m\u00fckemmel \u00e7al\u0131\u015f\u0131r. E\u011fer arac\u0131n\u0131zda \u201cAnahtars\u0131z Giri\u015f\u201d basmal\u0131 \u00e7al\u0131\u015ft\u0131rma \u00f6zelli\u011fi varsa, bu uzaktan kumanda genellikle g\u00f6sterge paneline tak\u0131ld\u0131\u011f\u0131nda arac\u0131 \u00e7al\u0131\u015ft\u0131r\u0131r, ancak yak\u0131nl\u0131k tabanl\u0131 \u00e7al\u0131\u015ft\u0131rma arac\u0131n\u0131z\u0131n \u00f6zel yaz\u0131l\u0131m\u0131na ve \u00e7ilingirin programlama yeteneklerine ba\u011fl\u0131d\u0131r.<\/p>\n<h3><strong>Yedek bir anahtara sahip olman\u0131n \u00f6nemi<\/strong><\/h3>\n<p>Asla son anahtar\u0131n\u0131z\u0131 kaybedene kadar beklemeyin. Bir <strong>kay\u0131p Mercedes anahtar\u0131n\u0131 de\u011fi\u015ftirme<\/strong> senaryo, bir mobil \u00e7ilingirin s\u0131f\u0131rdan bir anahtar olu\u015fturmas\u0131 i\u00e7in \u20ba500'\u00fcn \u00fczerinde bir maliyete neden olabilir. Bu <strong>Anahtars\u0131z giri\u015f uzaktan kumandas\u0131 Mercedes<\/strong> \u015fimdi sipari\u015f vererek, asla mahsur kalmaman\u0131z\u0131 sa\u011flamak i\u00e7in bu maliyetin \u00e7ok k\u00fc\u00e7\u00fck bir k\u0131sm\u0131n\u0131 harc\u0131yorsunuz.<\/p>\n<h3><strong>\u0130\u00e7 pili nas\u0131l de\u011fi\u015ftirilir<\/strong><\/h3>\n<p>E\u011fer menziliniz d\u00fc\u015fmeye ba\u015flarsa, yeni bir g\u00fc\u00e7 kayna\u011f\u0131 zaman\u0131 gelmi\u015ftir. Bu uzaktan kumanda iki adet <strong>CR2026 piller<\/strong>.<\/p>\n<ul>\n<li>Serbest b\u0131rakma mandal\u0131n\u0131 kayd\u0131rarak <strong>Mercedes acil durum anahtar b\u0131\u00e7a\u011f\u0131<\/strong>.<\/li>\n<li>\u00e7\u0131kar\u0131n<\/li>\n<li>Arka kapa\u011f\u0131 a\u00e7mak i\u00e7in b\u0131\u00e7a\u011f\u0131 kullan\u0131n.<\/li>\n<li>Eski pilleri yenileriyle de\u011fi\u015ftirin, \u201c+\u201d taraf\u0131n\u0131n yukar\u0131 bakt\u0131\u011f\u0131ndan emin olun. <a href=\"https:\/\/keylessbest.com\/tr\/anahtar-anahtarimin-ne-tur-pil-gerektiriyor-kilavuz\/\">Daha fazla ayr\u0131nt\u0131 i\u00e7in, \u015fu konudaki k\u0131lavuzuma g\u00f6z at\u0131n:<\/a> anahtar\u0131n\u0131z\u0131n ne t\u00fcr bir pile ihtiyac\u0131 oldu\u011funu<\/li>\n<\/ul>\n<h3><strong>en y\u00fcksek performans\u0131 sa\u011flamak i\u00e7in.<\/strong><\/h3>\n<p>Programlama ilk seferde ger\u00e7ekle\u015fmezse ne yap\u0131lmal\u0131 <strong>NEC BGA Mercedes anahtar<\/strong>E\u011fer \u00e7ilingiriniz<\/p>\n<ul>\n<li><strong>senkronize etmekte zorlan\u0131rsa, panik yapmay\u0131n. Bu Avrupa arabalar\u0131ndaki g\u00fcvenlik protokolleri s\u0131k\u0131d\u0131r.<\/strong> Arac\u0131n\u0131z\u0131n T\u00fcrkiye uyumlu 315MHz modeli oldu\u011fundan emin olun.<\/li>\n<li><strong>EIS'yi Kontrol Et:<\/strong> Elektronik ate\u015fleme anahtar\u0131n\u0131z\u0131n sa\u011fl\u0131kl\u0131 ve ileti\u015fim halinde oldu\u011fundan emin olun.<\/li>\n<li><strong>Bir Uzmanla Deneyin:<\/strong> Baz\u0131 genel taray\u0131c\u0131lar bunu ba\u015faramaz <strong>Mercedes FCC Kimli\u011fi IYZ3312<\/strong> \u015fifreleme; VVDI MB Tool veya Autel IM608 gibi ara\u00e7lar kullanan bir \u00e7ilingir gerekebilir.<\/li>\n<\/ul>\n<div class=\"table-responsive\">\n<table class=\"table\">\n<thead>\n<tr>\n<th>\u00d6zellik<\/th>\n<th>\u00d6zellikler<\/th>\n<\/tr>\n<\/thead>\n<tbody>\n<tr>\n<td><strong>Pil T\u00fcr\u00fc<\/strong><\/td>\n<td>\u00c7ift CR2025<\/td>\n<\/tr>\n<tr>\n<td><strong>Frekans<\/strong><\/td>\n<td>315MHz<\/td>\n<\/tr>\n<tr>\n<td><strong>D\u00fc\u011fmeler<\/strong><\/td>\n<td>Kilitle, A\u00e7, Bagaj, Panik<\/td>\n<\/tr>\n<tr>\n<td><strong>\u00c7ip Stili<\/strong><\/td>\n<td>NEC \/ BGA deste\u011fi<\/td>\n<\/tr>\n<\/tbody>\n<\/table>\n<\/div>","protected":false},"excerpt":{"rendered":"<ul>\n<li><strong>SKU<\/strong>: CA-BZ077-2<\/li>\n<li><strong>FCC Kimli\u011fi:<\/strong> IYZ3312 veya IYZ3317<\/li>\n<li><strong>K\u0130L\u0130T:<\/strong> 2701 103 2302<\/li>\n<li><strong>PN:<\/strong> 5WK47283, 20490562029999, 20490511049999<\/li>\n<li><strong>D\u00fc\u011fme Yap\u0131land\u0131rmas\u0131:<\/strong> 4 Tu\u015f (Kilitle, A\u00e7, Bagaj ve Panik)<\/li>\n<li><strong>Frekans:<\/strong> 315MHz (Kuzey Amerika Standard\u0131)<\/li>\n<\/ul>","protected":false},"featured_media":20586,"comment_status":"open","ping_status":"closed","template":"","meta":{"_bst_post_transparent":"default","_bst_post_title":"","_bst_post_layout":"default","_bst_post_sidebar_id":"","_bst_post_content_style":"default","_bst_post_vertical_padding":"default","_bst_post_feature":"","_bst_post_feature_position":"","_bst_post_header":false,"_bst_post_footer":false},"product_brand":[],"product_cat":[15,163],"product_tag":[],"2_year_make_model":[],"class_list":{"0":"post-20585","1":"product","2":"type-product","3":"status-publish","4":"has-post-thumbnail","6":"product_cat-carkeyremote","7":"product_cat-for-mercedes-benz","9":"first","10":"instock","11":"sale","12":"shipping-taxable","13":"purchasable","14":"product-type-simple","15":"entry","16":"content-bg","17":"loop-entry"},"_links":{"self":[{"href":"https:\/\/keylessbest.com\/tr\/wp-json\/wp\/v2\/product\/20585","targetHints":{"allow":["GET"]}}],"collection":[{"href":"https:\/\/keylessbest.com\/tr\/wp-json\/wp\/v2\/product"}],"about":[{"href":"https:\/\/keylessbest.com\/tr\/wp-json\/wp\/v2\/types\/product"}],"replies":[{"embeddable":true,"href":"https:\/\/keylessbest.com\/tr\/wp-json\/wp\/v2\/comments?post=20585"}],"version-history":[{"count":6,"href":"https:\/\/keylessbest.com\/tr\/wp-json\/wp\/v2\/product\/20585\/revisions"}],"predecessor-version":[{"id":20617,"href":"https:\/\/keylessbest.com\/tr\/wp-json\/wp\/v2\/product\/20585\/revisions\/20617"}],"wp:featuredmedia":[{"embeddable":true,"href":"https:\/\/keylessbest.com\/tr\/wp-json\/wp\/v2\/media\/20586"}],"wp:attachment":[{"href":"https:\/\/keylessbest.com\/tr\/wp-json\/wp\/v2\/media?parent=20585"}],"wp:term":[{"taxonomy":"product_brand","embeddable":true,"href":"https:\/\/keylessbest.com\/tr\/wp-json\/wp\/v2\/product_brand?post=20585"},{"taxonomy":"product_cat","embeddable":true,"href":"https:\/\/keylessbest.com\/tr\/wp-json\/wp\/v2\/product_cat?post=20585"},{"taxonomy":"product_tag","embeddable":true,"href":"https:\/\/keylessbest.com\/tr\/wp-json\/wp\/v2\/product_tag?post=20585"},{"taxonomy":"2_year_make_model","embeddable":true,"href":"https:\/\/keylessbest.com\/tr\/wp-json\/wp\/v2\/2_year_make_model?post=20585"}],"curies":[{"name":"wp","href":"https:\/\/api.w.org\/{rel}","templated":true}]}}