{"id":21840,"date":"2026-03-09T08:56:44","date_gmt":"2026-03-09T08:56:44","guid":{"rendered":"https:\/\/keylessbest.com\/?post_type=product&#038;p=21840"},"modified":"2026-03-09T08:56:44","modified_gmt":"2026-03-09T08:56:44","slug":"2021-2024-lexus-key-fob-hyq14flb-for-keylessbest","status":"publish","type":"product","link":"https:\/\/keylessbest.com\/tr\/product\/2021-2024-lexus-key-fob-hyq14flb-for-keylessbest\/","title":{"rendered":"2021-2024 Lexus Key Fob HYQ14FLB for keylessbest"},"content":{"rendered":"<p>CA-TA256<br \/>\n*Bu 2013-2020 Lexus anahtars\u0131z uzaktan kumanda anahtar\u0131n\u0131n detayl\u0131 bilgileri a\u015fa\u011f\u0131daki gibidir. L\u00fctfen sipari\u015f vermeden \u00f6nce a\u015fa\u011f\u0131daki detaylar\u0131n arac\u0131n\u0131zla uydu\u011fundan emin olun: FCC Kimli\u011fi, Par\u00e7a Numaras\u0131, Model Y\u0131l\u0131, IC, Frekans, \u00c7ip ve D\u00fc\u011fmeler.<br \/>\n\u00dcr\u00fcn Bilgisi:<br \/>\n\uf0b7FCC ID: HYQ14FLB<br \/>\n\uf0b7PN: 89904-53E70 89904-53E71<br \/>\n\uf0b7IC: 1551A-14FLB<br \/>\n\uf0b7Frequency:315MHz<br \/>\n\uf0b7Chip:8A<br \/>\n\uf0b7Buttons:Lock, Unlock, Hatch, Panic<br \/>\nReferans model:<br \/>\n\uf0b72021-2024 Lexus IS250<br \/>\n\uf0b72021-2024 Lexus RC<br \/>\nPaket \u0130\u00e7eri\u011fi:<br \/>\n\uf0b7A new aftermarket keyless remote fob<br \/>\n\uf0b7A free aftermarket emergency insert key<br \/>\n\uf0b7All transmitters come with a battery<br \/>\n\uf0b7All units are tested prior to shipping<br \/>\n\uf0b72-year 100% satisfaction guarantee and warranty<br \/>\nNot:<br \/>\n\uf0b7The\u00a0 2021-2024 Lexus smart keyless entry fob replacement \u2013 \u00a0\u00a0without \u00a0a \u00a0logo, with \u00a0an \u00a0uncut emergency \u00a0insert \u00a0key included.<br \/>\nUzaktan kumanday\u0131 kesmiyor veya programlam\u0131yoruz. Ayr\u0131ca, fiyatland\u0131rma i\u00e7in yerel \u00e7ilingir veya bayi ile ileti\u015fime ge\u00e7iniz.<br \/>\nBu verici, g\u00f6sterge panelinde bas-\u00e7al\u0131\u015ft\u0131r\/durdur d\u00fc\u011fmesi veya burgu anahtar konta\u011f\u0131 bulunan ara\u00e7lar ile uyumludur, ayr\u0131ca proxy anahtars\u0131z giri\u015f sistemine sahiptir.<br \/>\nFiyat, bir adet tam yedek anahtars\u0131z giri\u015f uzaktan kumanda, acil durum anahtar\u0131 dahil fiyat\u0131d\u0131r.<br \/>\nBu nedenle, anahtar kutusunun bir profesyonel \u00e7ilingir veya bayi taraf\u0131ndan programlanmas\u0131n\u0131 \u015fiddetle tavsiye ederiz.<br \/>\nProgramlama Kaynaklar\u0131\u00a0<br \/>\nBizi tercih etti\u011finiz i\u00e7in te\u015fekk\u00fcr ederiz.<br \/>\nBiz, otomobil anahtarlar\u0131, anahtars\u0131z giri\u015f sistemi, araba uzaktan kumandas\u0131, transponder \u00e7ipler, anahtar programlay\u0131c\u0131lar, araba anahtar kabuklar\u0131, araba kilitleri, \u00e7ilingir ara\u00e7lar\u0131 ve benzeri \u00fcr\u00fcnlerin en profesyonel \u00fcreticilerinden biriyiz. Ayr\u0131ca, \u015firketimiz profesyonel bir ekibe ve \u00fcretim hatt\u0131na sahiptir. Ayr\u0131ca, \u00e7e\u015fitli araba anahtarlar\u0131, araba anahtar kabuklar\u0131 ve \u00e7ilingir ara\u00e7lar\u0131 \u00fcretiminde uzman\u0131z. Otomotiv g\u00fcvenlik ve koruma \u00fcr\u00fcnlerinin geli\u015ftirilmesi, \u00fcretimi ve toptan sat\u0131\u015f\u0131 ile de ilgileniyoruz.<br \/>\nRekabet\u00e7i fiyatlar ve \u00f6zel hizmetler, size iyi bir pazar kazand\u0131rmaya yard\u0131mc\u0131 olacakt\u0131r. Ayr\u0131ca, 10'dan fazla gen\u00e7 ve enerjik sat\u0131\u015f ekibimiz her zaman h\u0131zl\u0131, profesyonel ve samimi hizmet sunar. Ayr\u0131ca, t\u00fcm \u00fcr\u00fcnlerimiz do\u011frudan Amerika Birle\u015fik Devletleri, Kanada ve Meksika'daki depolardan sevk edilmektedir. Bu nedenle, sat\u0131n ald\u0131\u011f\u0131n\u0131z \u00fcr\u00fcnler, sipari\u015f verdikten sonra 48 saat i\u00e7inde paketlenip g\u00f6nderilecektir. \u00dcr\u00fcnlerimizin 100%\u2019den fazlas\u0131 stokta bulunmaktad\u0131r ve envanterimiz yeterlidir.<\/p>","protected":false},"excerpt":{"rendered":"<p>\uf0b7FCC ID: HYQ14FLB<br \/>\n\uf0b7PN: 89904-53E70 89904-53E71<br \/>\n\uf0b7IC: 1551A-14FLB<br \/>\n\uf0b7Frequency:315MHz<br \/>\n\uf0b7Chip:8A<br \/>\n\uf0b7Buttons:Lock, Unlock, Hatch, Panic<\/p>","protected":false},"featured_media":21841,"comment_status":"open","ping_status":"closed","template":"","meta":{"_bst_post_transparent":"default","_bst_post_title":"","_bst_post_layout":"default","_bst_post_sidebar_id":"","_bst_post_content_style":"default","_bst_post_vertical_padding":"default","_bst_post_feature":"","_bst_post_feature_position":"","_bst_post_header":false,"_bst_post_footer":false},"product_brand":[],"product_cat":[15,384],"product_tag":[],"2_year_make_model":[],"class_list":{"0":"post-21840","1":"product","2":"type-product","3":"status-publish","4":"has-post-thumbnail","6":"product_cat-carkeyremote","7":"product_cat-for-lexus","9":"first","10":"instock","11":"sale","12":"shipping-taxable","13":"purchasable","14":"product-type-simple","15":"entry","16":"content-bg","17":"loop-entry"},"_links":{"self":[{"href":"https:\/\/keylessbest.com\/tr\/wp-json\/wp\/v2\/product\/21840","targetHints":{"allow":["GET"]}}],"collection":[{"href":"https:\/\/keylessbest.com\/tr\/wp-json\/wp\/v2\/product"}],"about":[{"href":"https:\/\/keylessbest.com\/tr\/wp-json\/wp\/v2\/types\/product"}],"replies":[{"embeddable":true,"href":"https:\/\/keylessbest.com\/tr\/wp-json\/wp\/v2\/comments?post=21840"}],"version-history":[{"count":3,"href":"https:\/\/keylessbest.com\/tr\/wp-json\/wp\/v2\/product\/21840\/revisions"}],"predecessor-version":[{"id":21847,"href":"https:\/\/keylessbest.com\/tr\/wp-json\/wp\/v2\/product\/21840\/revisions\/21847"}],"wp:featuredmedia":[{"embeddable":true,"href":"https:\/\/keylessbest.com\/tr\/wp-json\/wp\/v2\/media\/21841"}],"wp:attachment":[{"href":"https:\/\/keylessbest.com\/tr\/wp-json\/wp\/v2\/media?parent=21840"}],"wp:term":[{"taxonomy":"product_brand","embeddable":true,"href":"https:\/\/keylessbest.com\/tr\/wp-json\/wp\/v2\/product_brand?post=21840"},{"taxonomy":"product_cat","embeddable":true,"href":"https:\/\/keylessbest.com\/tr\/wp-json\/wp\/v2\/product_cat?post=21840"},{"taxonomy":"product_tag","embeddable":true,"href":"https:\/\/keylessbest.com\/tr\/wp-json\/wp\/v2\/product_tag?post=21840"},{"taxonomy":"2_year_make_model","embeddable":true,"href":"https:\/\/keylessbest.com\/tr\/wp-json\/wp\/v2\/2_year_make_model?post=21840"}],"curies":[{"name":"wp","href":"https:\/\/api.w.org\/{rel}","templated":true}]}}